{"id":8065,"date":"2026-01-20T15:53:30","date_gmt":"2026-01-20T15:53:30","guid":{"rendered":"https:\/\/grupoquero.pt\/loja\/?post_type=product&#038;p=8065"},"modified":"2026-03-16T18:53:59","modified_gmt":"2026-03-16T18:53:59","slug":"t-shirt-homem-unisexo-personalizacao","status":"publish","type":"product","link":"https:\/\/grupoquero.pt\/loja\/produto\/t-shirt-homem-unisexo-personalizacao\/","title":{"rendered":"T-shirt, Unisexo, Homem + Personaliza\u00e7\u00e3o"},"content":{"rendered":"<p><a href=\"https:\/\/grupoquero.pt\/loja\/wp-content\/uploads\/T-shirt-TSRA150_queroTSHIRT.pdf\">T-shirt-TSRA150_queroTSHIRT<\/a>\u2022 T-shirt Premium, leve e confort\u00e1vel<br \/>\n\u2022 100% algod\u00e3o, 155 grs.<br \/>\n<span style=\"color: #ff0000;\"><span style=\"color: #000000;\">\u2022 Toque suave e macio<br \/>\n<\/span><\/span>\u2022 Costuras refor\u00e7adas<br \/>\n<strong>Tamanhos:<\/strong> XS a 5XL<\/p>\n<p>&gt; Personalizar o segundo lado +3,50\u20ac<\/p>\n<p><a href=\"https:\/\/grupoquero.pt\/loja\/wp-content\/uploads\/datasheet_TSRA150.pdf\" target=\"_blank\" rel=\"noopener\"><img decoding=\"async\" class=\"alignnone wp-image-7101 size-full\" src=\"https:\/\/grupoquero.pt\/loja\/wp-content\/uploads\/2020\/11\/BT-FichaTecnica.png\" alt=\"\" width=\"148\" height=\"49\" \/><\/a><\/p>\n<p><span style=\"color: #ff0000;\">\u00a0<\/span><\/p>\n","protected":false},"excerpt":{"rendered":"<p><span style=\"color: #0000ff;\"><em>Pre\u00e7o Indicado Para\u00a0<strong>Uma Unidade.<\/strong>\u00a0Descontos para encomendas acima desta quantidade.<\/em><\/span><br \/>\nT-shirt 100% algod\u00e3o 155grs.<br \/>\nAgarre a pe\u00e7a mais vendida do mercado, para todas as ocasi\u00f5es.<br \/>\n<span style=\"color: #ff0000;\">Outras cores dispon\u00edveis<\/span><\/p>\n<p>&nbsp;<\/p>\n<p><span style=\"color: #0000ff;\">\u00bb Escolha o tamanho e a cor que pretende<\/span><\/p>\n","protected":false},"featured_media":19563,"comment_status":"open","ping_status":"closed","template":"","meta":{"inline_featured_image":false,"site-sidebar-layout":"default","site-content-layout":"default","ast-site-content-layout":"default","site-content-style":"default","site-sidebar-style":"default","ast-global-header-display":"","ast-banner-title-visibility":"","ast-main-header-display":"","ast-hfb-above-header-display":"","ast-hfb-below-header-display":"","ast-hfb-mobile-header-display":"","site-post-title":"","ast-breadcrumbs-content":"","ast-featured-img":"","footer-sml-layout":"","ast-disable-related-posts":"","theme-transparent-header-meta":"default","adv-header-id-meta":"","stick-header-meta":"","header-above-stick-meta":"","header-main-stick-meta":"","header-below-stick-meta":"","astra-migrate-meta-layouts":"set","ast-page-background-enabled":"default","ast-page-background-meta":{"desktop":{"background-color":"","background-image":"","background-repeat":"repeat","background-position":"center center","background-size":"auto","background-attachment":"scroll","background-type":"","background-media":"","overlay-type":"","overlay-color":"","overlay-opacity":"","overlay-gradient":""},"tablet":{"background-color":"","background-image":"","background-repeat":"repeat","background-position":"center center","background-size":"auto","background-attachment":"scroll","background-type":"","background-media":"","overlay-type":"","overlay-color":"","overlay-opacity":"","overlay-gradient":""},"mobile":{"background-color":"","background-image":"","background-repeat":"repeat","background-position":"center center","background-size":"auto","background-attachment":"scroll","background-type":"","background-media":"","overlay-type":"","overlay-color":"","overlay-opacity":"","overlay-gradient":""}},"ast-content-background-meta":{"desktop":{"background-color":"var(--ast-global-color-5)","background-image":"","background-repeat":"repeat","background-position":"center center","background-size":"auto","background-attachment":"scroll","background-type":"","background-media":"","overlay-type":"","overlay-color":"","overlay-opacity":"","overlay-gradient":""},"tablet":{"background-color":"var(--ast-global-color-5)","background-image":"","background-repeat":"repeat","background-position":"center center","background-size":"auto","background-attachment":"scroll","background-type":"","background-media":"","overlay-type":"","overlay-color":"","overlay-opacity":"","overlay-gradient":""},"mobile":{"background-color":"var(--ast-global-color-5)","background-image":"","background-repeat":"repeat","background-position":"center center","background-size":"auto","background-attachment":"scroll","background-type":"","background-media":"","overlay-type":"","overlay-color":"","overlay-opacity":"","overlay-gradient":""}}},"product_brand":[80],"product_cat":[565,269,608],"product_tag":[542],"class_list":{"0":"post-8065","1":"product","2":"type-product","3":"status-publish","4":"has-post-thumbnail","6":"product_brand-querotshirt","7":"product_cat-homem","8":"product_cat-t-shirts","9":"product_cat-vestuario","10":"product_tag-querotshirt","11":"pa_color-amarelo-sy","12":"pa_color-azul-claro-sk","13":"pa_color-azul-marinho-ny","14":"pa_color-azul-royal-rb","15":"pa_color-azul-turquesa-tu","16":"pa_color-bege-army-ar","17":"pa_color-branco-wh","18":"pa_color-camoflado-cm","19":"pa_color-cinzento-zinco-zc","20":"pa_color-laranja-or","21":"pa_color-lilas-lv","22":"pa_color-preto-bk","23":"pa_color-rosa-pk","24":"pa_color-verde-lima-lm","25":"pa_color-vermelho-rd","26":"pa_size-3xl","27":"pa_size-l","28":"pa_size-m","29":"pa_size-s","30":"pa_size-xl","31":"pa_size-xs","32":"pa_size-xxl","33":"desktop-align-left","34":"tablet-align-center","35":"mobile-align-center","37":"first","38":"instock","39":"taxable","40":"shipping-taxable","41":"purchasable","42":"product-type-variable"},"yoast_head":"<!-- This site is optimized with the Yoast SEO plugin v27.4 - https:\/\/yoast.com\/product\/yoast-seo-wordpress\/ -->\n<title>T-shirt, Unisexo, Homem + Personaliza\u00e7\u00e3o - grupoQUERO<\/title>\n<meta name=\"description\" content=\"T-shirt Unisexo 100% algod\u00e3o, 155grs. Personalize em qualquer uma das cores. A sua imagina\u00e7\u00e3o \u00e9 o limite !\" \/>\n<meta name=\"robots\" content=\"index, follow, max-snippet:-1, max-image-preview:large, max-video-preview:-1\" \/>\n<link rel=\"canonical\" href=\"https:\/\/grupoquero.pt\/loja\/produto\/t-shirt-homem-unisexo-personalizacao\/\" \/>\n<meta property=\"og:locale\" content=\"pt_PT\" \/>\n<meta property=\"og:type\" content=\"article\" \/>\n<meta property=\"og:title\" content=\"T-shirt, Unisexo, Homem + Personaliza\u00e7\u00e3o - grupoQUERO\" \/>\n<meta property=\"og:description\" content=\"T-shirt Unisexo 100% algod\u00e3o, 155grs. Personalize em qualquer uma das cores. A sua imagina\u00e7\u00e3o \u00e9 o limite !\" \/>\n<meta property=\"og:url\" content=\"https:\/\/grupoquero.pt\/loja\/produto\/t-shirt-homem-unisexo-personalizacao\/\" \/>\n<meta property=\"og:site_name\" content=\"grupoQUERO\" \/>\n<meta property=\"article:publisher\" content=\"https:\/\/www.facebook.com\/grupoquero.pt\" \/>\n<meta property=\"article:modified_time\" content=\"2026-03-16T18:53:59+00:00\" \/>\n<meta property=\"og:image\" content=\"https:\/\/grupoquero.pt\/loja\/wp-content\/uploads\/TSRA150.jpg\" \/>\n\t<meta property=\"og:image:width\" content=\"1242\" \/>\n\t<meta property=\"og:image:height\" content=\"1560\" \/>\n\t<meta property=\"og:image:type\" content=\"image\/jpeg\" \/>\n<meta name=\"twitter:card\" content=\"summary_large_image\" \/>\n<meta name=\"twitter:label1\" content=\"Tempo estimado de leitura\" \/>\n\t<meta name=\"twitter:data1\" content=\"1 minuto\" \/>\n<script type=\"application\/ld+json\" class=\"yoast-schema-graph\">{\"@context\":\"https:\\\/\\\/schema.org\",\"@graph\":[{\"@type\":\"WebPage\",\"@id\":\"https:\\\/\\\/grupoquero.pt\\\/loja\\\/produto\\\/t-shirt-homem-unisexo-personalizacao\\\/\",\"url\":\"https:\\\/\\\/grupoquero.pt\\\/loja\\\/produto\\\/t-shirt-homem-unisexo-personalizacao\\\/\",\"name\":\"T-shirt, Unisexo, Homem + Personaliza\u00e7\u00e3o - grupoQUERO\",\"isPartOf\":{\"@id\":\"https:\\\/\\\/grupoquero.pt\\\/loja\\\/#website\"},\"primaryImageOfPage\":{\"@id\":\"https:\\\/\\\/grupoquero.pt\\\/loja\\\/produto\\\/t-shirt-homem-unisexo-personalizacao\\\/#primaryimage\"},\"image\":{\"@id\":\"https:\\\/\\\/grupoquero.pt\\\/loja\\\/produto\\\/t-shirt-homem-unisexo-personalizacao\\\/#primaryimage\"},\"thumbnailUrl\":\"https:\\\/\\\/grupoquero.pt\\\/loja\\\/wp-content\\\/uploads\\\/TSRA150.jpg\",\"datePublished\":\"2026-01-20T15:53:30+00:00\",\"dateModified\":\"2026-03-16T18:53:59+00:00\",\"description\":\"T-shirt Unisexo 100% algod\u00e3o, 155grs. Personalize em qualquer uma das cores. A sua imagina\u00e7\u00e3o \u00e9 o limite !\",\"breadcrumb\":{\"@id\":\"https:\\\/\\\/grupoquero.pt\\\/loja\\\/produto\\\/t-shirt-homem-unisexo-personalizacao\\\/#breadcrumb\"},\"inLanguage\":\"pt-PT\",\"potentialAction\":[{\"@type\":\"ReadAction\",\"target\":[\"https:\\\/\\\/grupoquero.pt\\\/loja\\\/produto\\\/t-shirt-homem-unisexo-personalizacao\\\/\"]}]},{\"@type\":\"ImageObject\",\"inLanguage\":\"pt-PT\",\"@id\":\"https:\\\/\\\/grupoquero.pt\\\/loja\\\/produto\\\/t-shirt-homem-unisexo-personalizacao\\\/#primaryimage\",\"url\":\"https:\\\/\\\/grupoquero.pt\\\/loja\\\/wp-content\\\/uploads\\\/TSRA150.jpg\",\"contentUrl\":\"https:\\\/\\\/grupoquero.pt\\\/loja\\\/wp-content\\\/uploads\\\/TSRA150.jpg\",\"width\":1242,\"height\":1560},{\"@type\":\"BreadcrumbList\",\"@id\":\"https:\\\/\\\/grupoquero.pt\\\/loja\\\/produto\\\/t-shirt-homem-unisexo-personalizacao\\\/#breadcrumb\",\"itemListElement\":[{\"@type\":\"ListItem\",\"position\":1,\"name\":\"Home\",\"item\":\"https:\\\/\\\/grupoquero.pt\\\/loja\\\/\"},{\"@type\":\"ListItem\",\"position\":2,\"name\":\"Loja Online\",\"item\":\"https:\\\/\\\/grupoquero.pt\\\/loja\\\/shop\\\/\"},{\"@type\":\"ListItem\",\"position\":3,\"name\":\"T-shirt, Unisexo, Homem + Personaliza\u00e7\u00e3o\"}]},{\"@type\":\"WebSite\",\"@id\":\"https:\\\/\\\/grupoquero.pt\\\/loja\\\/#website\",\"url\":\"https:\\\/\\\/grupoquero.pt\\\/loja\\\/\",\"name\":\"grupoQUERO - atelier\",\"description\":\"webdesign, Personaliza\u00e7\u00e3o e Print\",\"publisher\":{\"@id\":\"https:\\\/\\\/grupoquero.pt\\\/loja\\\/#organization\"},\"potentialAction\":[{\"@type\":\"SearchAction\",\"target\":{\"@type\":\"EntryPoint\",\"urlTemplate\":\"https:\\\/\\\/grupoquero.pt\\\/loja\\\/?s={search_term_string}\"},\"query-input\":{\"@type\":\"PropertyValueSpecification\",\"valueRequired\":true,\"valueName\":\"search_term_string\"}}],\"inLanguage\":\"pt-PT\"},{\"@type\":\"Organization\",\"@id\":\"https:\\\/\\\/grupoquero.pt\\\/loja\\\/#organization\",\"name\":\"grupoQUERO - atelier\",\"url\":\"https:\\\/\\\/grupoquero.pt\\\/loja\\\/\",\"logo\":{\"@type\":\"ImageObject\",\"inLanguage\":\"pt-PT\",\"@id\":\"https:\\\/\\\/grupoquero.pt\\\/loja\\\/#\\\/schema\\\/logo\\\/image\\\/\",\"url\":\"https:\\\/\\\/grupoquero.pt\\\/loja\\\/wp-content\\\/uploads\\\/Logotipo-grupoQUERO-1.png\",\"contentUrl\":\"https:\\\/\\\/grupoquero.pt\\\/loja\\\/wp-content\\\/uploads\\\/Logotipo-grupoQUERO-1.png\",\"width\":413,\"height\":148,\"caption\":\"grupoQUERO - atelier\"},\"image\":{\"@id\":\"https:\\\/\\\/grupoquero.pt\\\/loja\\\/#\\\/schema\\\/logo\\\/image\\\/\"},\"sameAs\":[\"https:\\\/\\\/www.facebook.com\\\/grupoquero.pt\"]}]}<\/script>\n<!-- \/ Yoast SEO plugin. -->","yoast_head_json":{"title":"T-shirt, Unisexo, Homem + Personaliza\u00e7\u00e3o - grupoQUERO","description":"T-shirt Unisexo 100% algod\u00e3o, 155grs. Personalize em qualquer uma das cores. A sua imagina\u00e7\u00e3o \u00e9 o limite !","robots":{"index":"index","follow":"follow","max-snippet":"max-snippet:-1","max-image-preview":"max-image-preview:large","max-video-preview":"max-video-preview:-1"},"canonical":"https:\/\/grupoquero.pt\/loja\/produto\/t-shirt-homem-unisexo-personalizacao\/","og_locale":"pt_PT","og_type":"article","og_title":"T-shirt, Unisexo, Homem + Personaliza\u00e7\u00e3o - grupoQUERO","og_description":"T-shirt Unisexo 100% algod\u00e3o, 155grs. Personalize em qualquer uma das cores. A sua imagina\u00e7\u00e3o \u00e9 o limite !","og_url":"https:\/\/grupoquero.pt\/loja\/produto\/t-shirt-homem-unisexo-personalizacao\/","og_site_name":"grupoQUERO","article_publisher":"https:\/\/www.facebook.com\/grupoquero.pt","article_modified_time":"2026-03-16T18:53:59+00:00","og_image":[{"width":1242,"height":1560,"url":"https:\/\/grupoquero.pt\/loja\/wp-content\/uploads\/TSRA150.jpg","type":"image\/jpeg"}],"twitter_card":"summary_large_image","twitter_misc":{"Tempo estimado de leitura":"1 minuto"},"schema":{"@context":"https:\/\/schema.org","@graph":[{"@type":"WebPage","@id":"https:\/\/grupoquero.pt\/loja\/produto\/t-shirt-homem-unisexo-personalizacao\/","url":"https:\/\/grupoquero.pt\/loja\/produto\/t-shirt-homem-unisexo-personalizacao\/","name":"T-shirt, Unisexo, Homem + Personaliza\u00e7\u00e3o - grupoQUERO","isPartOf":{"@id":"https:\/\/grupoquero.pt\/loja\/#website"},"primaryImageOfPage":{"@id":"https:\/\/grupoquero.pt\/loja\/produto\/t-shirt-homem-unisexo-personalizacao\/#primaryimage"},"image":{"@id":"https:\/\/grupoquero.pt\/loja\/produto\/t-shirt-homem-unisexo-personalizacao\/#primaryimage"},"thumbnailUrl":"https:\/\/grupoquero.pt\/loja\/wp-content\/uploads\/TSRA150.jpg","datePublished":"2026-01-20T15:53:30+00:00","dateModified":"2026-03-16T18:53:59+00:00","description":"T-shirt Unisexo 100% algod\u00e3o, 155grs. Personalize em qualquer uma das cores. A sua imagina\u00e7\u00e3o \u00e9 o limite !","breadcrumb":{"@id":"https:\/\/grupoquero.pt\/loja\/produto\/t-shirt-homem-unisexo-personalizacao\/#breadcrumb"},"inLanguage":"pt-PT","potentialAction":[{"@type":"ReadAction","target":["https:\/\/grupoquero.pt\/loja\/produto\/t-shirt-homem-unisexo-personalizacao\/"]}]},{"@type":"ImageObject","inLanguage":"pt-PT","@id":"https:\/\/grupoquero.pt\/loja\/produto\/t-shirt-homem-unisexo-personalizacao\/#primaryimage","url":"https:\/\/grupoquero.pt\/loja\/wp-content\/uploads\/TSRA150.jpg","contentUrl":"https:\/\/grupoquero.pt\/loja\/wp-content\/uploads\/TSRA150.jpg","width":1242,"height":1560},{"@type":"BreadcrumbList","@id":"https:\/\/grupoquero.pt\/loja\/produto\/t-shirt-homem-unisexo-personalizacao\/#breadcrumb","itemListElement":[{"@type":"ListItem","position":1,"name":"Home","item":"https:\/\/grupoquero.pt\/loja\/"},{"@type":"ListItem","position":2,"name":"Loja Online","item":"https:\/\/grupoquero.pt\/loja\/shop\/"},{"@type":"ListItem","position":3,"name":"T-shirt, Unisexo, Homem + Personaliza\u00e7\u00e3o"}]},{"@type":"WebSite","@id":"https:\/\/grupoquero.pt\/loja\/#website","url":"https:\/\/grupoquero.pt\/loja\/","name":"grupoQUERO - atelier","description":"webdesign, Personaliza\u00e7\u00e3o e Print","publisher":{"@id":"https:\/\/grupoquero.pt\/loja\/#organization"},"potentialAction":[{"@type":"SearchAction","target":{"@type":"EntryPoint","urlTemplate":"https:\/\/grupoquero.pt\/loja\/?s={search_term_string}"},"query-input":{"@type":"PropertyValueSpecification","valueRequired":true,"valueName":"search_term_string"}}],"inLanguage":"pt-PT"},{"@type":"Organization","@id":"https:\/\/grupoquero.pt\/loja\/#organization","name":"grupoQUERO - atelier","url":"https:\/\/grupoquero.pt\/loja\/","logo":{"@type":"ImageObject","inLanguage":"pt-PT","@id":"https:\/\/grupoquero.pt\/loja\/#\/schema\/logo\/image\/","url":"https:\/\/grupoquero.pt\/loja\/wp-content\/uploads\/Logotipo-grupoQUERO-1.png","contentUrl":"https:\/\/grupoquero.pt\/loja\/wp-content\/uploads\/Logotipo-grupoQUERO-1.png","width":413,"height":148,"caption":"grupoQUERO - atelier"},"image":{"@id":"https:\/\/grupoquero.pt\/loja\/#\/schema\/logo\/image\/"},"sameAs":["https:\/\/www.facebook.com\/grupoquero.pt"]}]}},"_links":{"self":[{"href":"https:\/\/grupoquero.pt\/loja\/wp-json\/wp\/v2\/product\/8065","targetHints":{"allow":["GET"]}}],"collection":[{"href":"https:\/\/grupoquero.pt\/loja\/wp-json\/wp\/v2\/product"}],"about":[{"href":"https:\/\/grupoquero.pt\/loja\/wp-json\/wp\/v2\/types\/product"}],"replies":[{"embeddable":true,"href":"https:\/\/grupoquero.pt\/loja\/wp-json\/wp\/v2\/comments?post=8065"}],"wp:featuredmedia":[{"embeddable":true,"href":"https:\/\/grupoquero.pt\/loja\/wp-json\/wp\/v2\/media\/19563"}],"wp:attachment":[{"href":"https:\/\/grupoquero.pt\/loja\/wp-json\/wp\/v2\/media?parent=8065"}],"wp:term":[{"taxonomy":"product_brand","embeddable":true,"href":"https:\/\/grupoquero.pt\/loja\/wp-json\/wp\/v2\/product_brand?post=8065"},{"taxonomy":"product_cat","embeddable":true,"href":"https:\/\/grupoquero.pt\/loja\/wp-json\/wp\/v2\/product_cat?post=8065"},{"taxonomy":"product_tag","embeddable":true,"href":"https:\/\/grupoquero.pt\/loja\/wp-json\/wp\/v2\/product_tag?post=8065"}],"curies":[{"name":"wp","href":"https:\/\/api.w.org\/{rel}","templated":true}]}}