{"id":7876,"date":"2021-12-01T18:14:13","date_gmt":"2021-12-01T18:14:13","guid":{"rendered":"https:\/\/grupoquero.pt\/loja\/?post_type=product&#038;p=7876"},"modified":"2023-05-09T11:21:34","modified_gmt":"2023-05-09T10:21:34","slug":"autocolante-adesivo-vinil","status":"publish","type":"product","link":"https:\/\/grupoquero.pt\/loja\/produto\/autocolante-adesivo-vinil\/","title":{"rendered":"AUTOCOLANTE ADESIVO &#8211; Vinil"},"content":{"rendered":"<p><strong>Autocolantes em Vinil para<\/strong><br \/>\n\u2022 paredes<br \/>\n\u2022 sacos<br \/>\n\u2022 pavimentos<br \/>\n\u2022 caixas<br \/>\n\u2022 tubos de cart\u00e3o<br \/>\n\u2022 motas<br \/>\n\u2022 carros<br \/>\n\u2022 bicicletas<br \/>\n\u2022 skates<br \/>\n\u2022 <strong>montras<\/strong><br \/>\n\u2022 vidros<br \/>\n\u2022 caixas de correio<br \/>\n\u2022 copos e frascos<br \/>\n\u2022 port\u00e1teis e tablets<br \/>\n\u2022 caixas registadoras<br \/>\n\u2022 placas<\/p>\n<p>Hoje em dia n\u00e3o s\u00f3 as empresas optam por decora\u00e7\u00f5es publicit\u00e1rias em vinil para personalizar paredes, pavimentos e mobili\u00e1rios.<br \/>\nPersonalizamos espa\u00e7os distintos ao seu gosto<\/p>\n<p>&nbsp;<\/p>\n","protected":false},"excerpt":{"rendered":"<div class=\"pagelayer-list_item\">\n<p>Sugest\u00e3o 100 x 100 cm<br \/>\nEM VINIL Autocolante, f\u00e1cil de aplicar?<br \/>\n<span style=\"color: #ff0000;\">Envie-nos a sua sugest\u00e3o, n\u00f3s produzimos<\/span><\/p>\n<p>&nbsp;<\/p>\n<\/div>\n<div class=\"pagelayer-list_item\"><\/div>\n<div class=\"pagelayer-list_item\"><\/div>\n<div class=\"pagelayer-list_item\"><\/div>\n","protected":false},"featured_media":19980,"comment_status":"open","ping_status":"closed","template":"","meta":{"inline_featured_image":false,"site-sidebar-layout":"default","site-content-layout":"default","ast-site-content-layout":"default","site-content-style":"default","site-sidebar-style":"default","ast-global-header-display":"","ast-banner-title-visibility":"","ast-main-header-display":"","ast-hfb-above-header-display":"","ast-hfb-below-header-display":"","ast-hfb-mobile-header-display":"","site-post-title":"","ast-breadcrumbs-content":"","ast-featured-img":"","footer-sml-layout":"","ast-disable-related-posts":"","theme-transparent-header-meta":"default","adv-header-id-meta":"","stick-header-meta":"","header-above-stick-meta":"","header-main-stick-meta":"","header-below-stick-meta":"","astra-migrate-meta-layouts":"default","ast-page-background-enabled":"default","ast-page-background-meta":{"desktop":{"background-color":"","background-image":"","background-repeat":"repeat","background-position":"center center","background-size":"auto","background-attachment":"scroll","background-type":"","background-media":"","overlay-type":"","overlay-color":"","overlay-opacity":"","overlay-gradient":""},"tablet":{"background-color":"","background-image":"","background-repeat":"repeat","background-position":"center center","background-size":"auto","background-attachment":"scroll","background-type":"","background-media":"","overlay-type":"","overlay-color":"","overlay-opacity":"","overlay-gradient":""},"mobile":{"background-color":"","background-image":"","background-repeat":"repeat","background-position":"center center","background-size":"auto","background-attachment":"scroll","background-type":"","background-media":"","overlay-type":"","overlay-color":"","overlay-opacity":"","overlay-gradient":""}},"ast-content-background-meta":{"desktop":{"background-color":"var(--ast-global-color-5)","background-image":"","background-repeat":"repeat","background-position":"center center","background-size":"auto","background-attachment":"scroll","background-type":"","background-media":"","overlay-type":"","overlay-color":"","overlay-opacity":"","overlay-gradient":""},"tablet":{"background-color":"var(--ast-global-color-5)","background-image":"","background-repeat":"repeat","background-position":"center center","background-size":"auto","background-attachment":"scroll","background-type":"","background-media":"","overlay-type":"","overlay-color":"","overlay-opacity":"","overlay-gradient":""},"mobile":{"background-color":"var(--ast-global-color-5)","background-image":"","background-repeat":"repeat","background-position":"center center","background-size":"auto","background-attachment":"scroll","background-type":"","background-media":"","overlay-type":"","overlay-color":"","overlay-opacity":"","overlay-gradient":""}}},"product_brand":[79],"product_cat":[325,294,576],"product_tag":[541],"class_list":{"0":"post-7876","1":"product","2":"type-product","3":"status-publish","4":"has-post-thumbnail","6":"product_brand-queroprint","7":"product_cat-adesivos","8":"product_cat-autocolantes","9":"product_cat-decoracao-de-montras","10":"product_tag-queroprint","11":"desktop-align-left","12":"tablet-align-center","13":"mobile-align-center","15":"first","16":"instock","17":"taxable","18":"shipping-taxable","19":"purchasable","20":"product-type-simple"},"yoast_head":"<!-- This site is optimized with the Yoast SEO plugin v27.4 - https:\/\/yoast.com\/product\/yoast-seo-wordpress\/ -->\n<title>AUTOCOLANTE ADESIVO - Vinil - grupoQUERO<\/title>\n<meta name=\"description\" content=\"autocolante-adesivo-minie-mickey\" \/>\n<meta name=\"robots\" content=\"index, follow, max-snippet:-1, max-image-preview:large, max-video-preview:-1\" \/>\n<link rel=\"canonical\" href=\"https:\/\/grupoquero.pt\/loja\/produto\/autocolante-adesivo-vinil\/\" \/>\n<meta property=\"og:locale\" content=\"pt_PT\" \/>\n<meta property=\"og:type\" content=\"article\" \/>\n<meta property=\"og:title\" content=\"AUTOCOLANTE ADESIVO - Vinil - grupoQUERO\" \/>\n<meta property=\"og:description\" content=\"autocolante-adesivo-minie-mickey\" \/>\n<meta property=\"og:url\" content=\"https:\/\/grupoquero.pt\/loja\/produto\/autocolante-adesivo-vinil\/\" \/>\n<meta property=\"og:site_name\" content=\"grupoQUERO\" \/>\n<meta property=\"article:publisher\" content=\"https:\/\/www.facebook.com\/grupoquero.pt\" \/>\n<meta property=\"article:modified_time\" content=\"2023-05-09T10:21:34+00:00\" \/>\n<meta property=\"og:image\" content=\"https:\/\/grupoquero.pt\/loja\/wp-content\/uploads\/Montra-Santock-scaled.jpg\" \/>\n\t<meta property=\"og:image:width\" content=\"2560\" \/>\n\t<meta property=\"og:image:height\" content=\"1920\" \/>\n\t<meta property=\"og:image:type\" content=\"image\/jpeg\" \/>\n<meta name=\"twitter:card\" content=\"summary_large_image\" \/>\n<meta name=\"twitter:label1\" content=\"Tempo estimado de leitura\" \/>\n\t<meta name=\"twitter:data1\" content=\"1 minuto\" \/>\n<script type=\"application\/ld+json\" class=\"yoast-schema-graph\">{\"@context\":\"https:\\\/\\\/schema.org\",\"@graph\":[{\"@type\":\"WebPage\",\"@id\":\"https:\\\/\\\/grupoquero.pt\\\/loja\\\/produto\\\/autocolante-adesivo-vinil\\\/\",\"url\":\"https:\\\/\\\/grupoquero.pt\\\/loja\\\/produto\\\/autocolante-adesivo-vinil\\\/\",\"name\":\"AUTOCOLANTE ADESIVO - Vinil - grupoQUERO\",\"isPartOf\":{\"@id\":\"https:\\\/\\\/grupoquero.pt\\\/loja\\\/#website\"},\"primaryImageOfPage\":{\"@id\":\"https:\\\/\\\/grupoquero.pt\\\/loja\\\/produto\\\/autocolante-adesivo-vinil\\\/#primaryimage\"},\"image\":{\"@id\":\"https:\\\/\\\/grupoquero.pt\\\/loja\\\/produto\\\/autocolante-adesivo-vinil\\\/#primaryimage\"},\"thumbnailUrl\":\"https:\\\/\\\/grupoquero.pt\\\/loja\\\/wp-content\\\/uploads\\\/Montra-Santock-scaled.jpg\",\"datePublished\":\"2021-12-01T18:14:13+00:00\",\"dateModified\":\"2023-05-09T10:21:34+00:00\",\"description\":\"autocolante-adesivo-minie-mickey\",\"breadcrumb\":{\"@id\":\"https:\\\/\\\/grupoquero.pt\\\/loja\\\/produto\\\/autocolante-adesivo-vinil\\\/#breadcrumb\"},\"inLanguage\":\"pt-PT\",\"potentialAction\":[{\"@type\":\"ReadAction\",\"target\":[\"https:\\\/\\\/grupoquero.pt\\\/loja\\\/produto\\\/autocolante-adesivo-vinil\\\/\"]}]},{\"@type\":\"ImageObject\",\"inLanguage\":\"pt-PT\",\"@id\":\"https:\\\/\\\/grupoquero.pt\\\/loja\\\/produto\\\/autocolante-adesivo-vinil\\\/#primaryimage\",\"url\":\"https:\\\/\\\/grupoquero.pt\\\/loja\\\/wp-content\\\/uploads\\\/Montra-Santock-scaled.jpg\",\"contentUrl\":\"https:\\\/\\\/grupoquero.pt\\\/loja\\\/wp-content\\\/uploads\\\/Montra-Santock-scaled.jpg\",\"width\":2560,\"height\":1920},{\"@type\":\"BreadcrumbList\",\"@id\":\"https:\\\/\\\/grupoquero.pt\\\/loja\\\/produto\\\/autocolante-adesivo-vinil\\\/#breadcrumb\",\"itemListElement\":[{\"@type\":\"ListItem\",\"position\":1,\"name\":\"Home\",\"item\":\"https:\\\/\\\/grupoquero.pt\\\/loja\\\/\"},{\"@type\":\"ListItem\",\"position\":2,\"name\":\"Loja Online\",\"item\":\"https:\\\/\\\/grupoquero.pt\\\/loja\\\/shop\\\/\"},{\"@type\":\"ListItem\",\"position\":3,\"name\":\"AUTOCOLANTE ADESIVO &#8211; Vinil\"}]},{\"@type\":\"WebSite\",\"@id\":\"https:\\\/\\\/grupoquero.pt\\\/loja\\\/#website\",\"url\":\"https:\\\/\\\/grupoquero.pt\\\/loja\\\/\",\"name\":\"grupoQUERO - atelier\",\"description\":\"webdesign, Personaliza\u00e7\u00e3o e Print\",\"publisher\":{\"@id\":\"https:\\\/\\\/grupoquero.pt\\\/loja\\\/#organization\"},\"potentialAction\":[{\"@type\":\"SearchAction\",\"target\":{\"@type\":\"EntryPoint\",\"urlTemplate\":\"https:\\\/\\\/grupoquero.pt\\\/loja\\\/?s={search_term_string}\"},\"query-input\":{\"@type\":\"PropertyValueSpecification\",\"valueRequired\":true,\"valueName\":\"search_term_string\"}}],\"inLanguage\":\"pt-PT\"},{\"@type\":\"Organization\",\"@id\":\"https:\\\/\\\/grupoquero.pt\\\/loja\\\/#organization\",\"name\":\"grupoQUERO - atelier\",\"url\":\"https:\\\/\\\/grupoquero.pt\\\/loja\\\/\",\"logo\":{\"@type\":\"ImageObject\",\"inLanguage\":\"pt-PT\",\"@id\":\"https:\\\/\\\/grupoquero.pt\\\/loja\\\/#\\\/schema\\\/logo\\\/image\\\/\",\"url\":\"https:\\\/\\\/grupoquero.pt\\\/loja\\\/wp-content\\\/uploads\\\/Logotipo-grupoQUERO-1.png\",\"contentUrl\":\"https:\\\/\\\/grupoquero.pt\\\/loja\\\/wp-content\\\/uploads\\\/Logotipo-grupoQUERO-1.png\",\"width\":413,\"height\":148,\"caption\":\"grupoQUERO - atelier\"},\"image\":{\"@id\":\"https:\\\/\\\/grupoquero.pt\\\/loja\\\/#\\\/schema\\\/logo\\\/image\\\/\"},\"sameAs\":[\"https:\\\/\\\/www.facebook.com\\\/grupoquero.pt\"]}]}<\/script>\n<!-- \/ Yoast SEO plugin. -->","yoast_head_json":{"title":"AUTOCOLANTE ADESIVO - Vinil - grupoQUERO","description":"autocolante-adesivo-minie-mickey","robots":{"index":"index","follow":"follow","max-snippet":"max-snippet:-1","max-image-preview":"max-image-preview:large","max-video-preview":"max-video-preview:-1"},"canonical":"https:\/\/grupoquero.pt\/loja\/produto\/autocolante-adesivo-vinil\/","og_locale":"pt_PT","og_type":"article","og_title":"AUTOCOLANTE ADESIVO - Vinil - grupoQUERO","og_description":"autocolante-adesivo-minie-mickey","og_url":"https:\/\/grupoquero.pt\/loja\/produto\/autocolante-adesivo-vinil\/","og_site_name":"grupoQUERO","article_publisher":"https:\/\/www.facebook.com\/grupoquero.pt","article_modified_time":"2023-05-09T10:21:34+00:00","og_image":[{"width":2560,"height":1920,"url":"https:\/\/grupoquero.pt\/loja\/wp-content\/uploads\/Montra-Santock-scaled.jpg","type":"image\/jpeg"}],"twitter_card":"summary_large_image","twitter_misc":{"Tempo estimado de leitura":"1 minuto"},"schema":{"@context":"https:\/\/schema.org","@graph":[{"@type":"WebPage","@id":"https:\/\/grupoquero.pt\/loja\/produto\/autocolante-adesivo-vinil\/","url":"https:\/\/grupoquero.pt\/loja\/produto\/autocolante-adesivo-vinil\/","name":"AUTOCOLANTE ADESIVO - Vinil - grupoQUERO","isPartOf":{"@id":"https:\/\/grupoquero.pt\/loja\/#website"},"primaryImageOfPage":{"@id":"https:\/\/grupoquero.pt\/loja\/produto\/autocolante-adesivo-vinil\/#primaryimage"},"image":{"@id":"https:\/\/grupoquero.pt\/loja\/produto\/autocolante-adesivo-vinil\/#primaryimage"},"thumbnailUrl":"https:\/\/grupoquero.pt\/loja\/wp-content\/uploads\/Montra-Santock-scaled.jpg","datePublished":"2021-12-01T18:14:13+00:00","dateModified":"2023-05-09T10:21:34+00:00","description":"autocolante-adesivo-minie-mickey","breadcrumb":{"@id":"https:\/\/grupoquero.pt\/loja\/produto\/autocolante-adesivo-vinil\/#breadcrumb"},"inLanguage":"pt-PT","potentialAction":[{"@type":"ReadAction","target":["https:\/\/grupoquero.pt\/loja\/produto\/autocolante-adesivo-vinil\/"]}]},{"@type":"ImageObject","inLanguage":"pt-PT","@id":"https:\/\/grupoquero.pt\/loja\/produto\/autocolante-adesivo-vinil\/#primaryimage","url":"https:\/\/grupoquero.pt\/loja\/wp-content\/uploads\/Montra-Santock-scaled.jpg","contentUrl":"https:\/\/grupoquero.pt\/loja\/wp-content\/uploads\/Montra-Santock-scaled.jpg","width":2560,"height":1920},{"@type":"BreadcrumbList","@id":"https:\/\/grupoquero.pt\/loja\/produto\/autocolante-adesivo-vinil\/#breadcrumb","itemListElement":[{"@type":"ListItem","position":1,"name":"Home","item":"https:\/\/grupoquero.pt\/loja\/"},{"@type":"ListItem","position":2,"name":"Loja Online","item":"https:\/\/grupoquero.pt\/loja\/shop\/"},{"@type":"ListItem","position":3,"name":"AUTOCOLANTE ADESIVO &#8211; Vinil"}]},{"@type":"WebSite","@id":"https:\/\/grupoquero.pt\/loja\/#website","url":"https:\/\/grupoquero.pt\/loja\/","name":"grupoQUERO - atelier","description":"webdesign, Personaliza\u00e7\u00e3o e Print","publisher":{"@id":"https:\/\/grupoquero.pt\/loja\/#organization"},"potentialAction":[{"@type":"SearchAction","target":{"@type":"EntryPoint","urlTemplate":"https:\/\/grupoquero.pt\/loja\/?s={search_term_string}"},"query-input":{"@type":"PropertyValueSpecification","valueRequired":true,"valueName":"search_term_string"}}],"inLanguage":"pt-PT"},{"@type":"Organization","@id":"https:\/\/grupoquero.pt\/loja\/#organization","name":"grupoQUERO - atelier","url":"https:\/\/grupoquero.pt\/loja\/","logo":{"@type":"ImageObject","inLanguage":"pt-PT","@id":"https:\/\/grupoquero.pt\/loja\/#\/schema\/logo\/image\/","url":"https:\/\/grupoquero.pt\/loja\/wp-content\/uploads\/Logotipo-grupoQUERO-1.png","contentUrl":"https:\/\/grupoquero.pt\/loja\/wp-content\/uploads\/Logotipo-grupoQUERO-1.png","width":413,"height":148,"caption":"grupoQUERO - atelier"},"image":{"@id":"https:\/\/grupoquero.pt\/loja\/#\/schema\/logo\/image\/"},"sameAs":["https:\/\/www.facebook.com\/grupoquero.pt"]}]}},"_links":{"self":[{"href":"https:\/\/grupoquero.pt\/loja\/wp-json\/wp\/v2\/product\/7876","targetHints":{"allow":["GET"]}}],"collection":[{"href":"https:\/\/grupoquero.pt\/loja\/wp-json\/wp\/v2\/product"}],"about":[{"href":"https:\/\/grupoquero.pt\/loja\/wp-json\/wp\/v2\/types\/product"}],"replies":[{"embeddable":true,"href":"https:\/\/grupoquero.pt\/loja\/wp-json\/wp\/v2\/comments?post=7876"}],"wp:featuredmedia":[{"embeddable":true,"href":"https:\/\/grupoquero.pt\/loja\/wp-json\/wp\/v2\/media\/19980"}],"wp:attachment":[{"href":"https:\/\/grupoquero.pt\/loja\/wp-json\/wp\/v2\/media?parent=7876"}],"wp:term":[{"taxonomy":"product_brand","embeddable":true,"href":"https:\/\/grupoquero.pt\/loja\/wp-json\/wp\/v2\/product_brand?post=7876"},{"taxonomy":"product_cat","embeddable":true,"href":"https:\/\/grupoquero.pt\/loja\/wp-json\/wp\/v2\/product_cat?post=7876"},{"taxonomy":"product_tag","embeddable":true,"href":"https:\/\/grupoquero.pt\/loja\/wp-json\/wp\/v2\/product_tag?post=7876"}],"curies":[{"name":"wp","href":"https:\/\/api.w.org\/{rel}","templated":true}]}}