{"id":7864,"date":"2020-12-14T12:28:04","date_gmt":"2020-12-14T12:28:04","guid":{"rendered":"https:\/\/grupoquero.pt\/loja\/?post_type=product&#038;p=7864"},"modified":"2024-02-11T15:47:37","modified_gmt":"2024-02-11T15:47:37","slug":"fato-de-macaco-classico-personalizacao","status":"publish","type":"product","link":"https:\/\/grupoquero.pt\/loja\/produto\/fato-de-macaco-classico-personalizacao\/","title":{"rendered":"Fato de macaco cl\u00e1ssico + Personaliza\u00e7\u00e3o"},"content":{"rendered":"<div class=\"pagelayer-text\">\n<div class=\"pagelayer-text-holder\">\n<div class=\"pagelayer-text\">\n<div class=\"pagelayer-text-holder\">\n<div class=\"pagelayer-text\">\n<div class=\"pagelayer-text-holder\">\n<div class=\"pagelayer-text\">\n<div class=\"pagelayer-text-holder\">\n<div class=\"pagelayer-text\">\n<div class=\"pagelayer-text-holder\">\n<p>\u2022 Fato Macaco de estilo Italiano.<br \/>\n\u2022 Gola tipo camiseiro e fecho de correr de n\u00e1ilon com puxador duplo.<br \/>\n\u2022 4 cores dispon\u00edveis<\/p>\n<\/div>\n<\/div>\n<div class=\"pagelayer-text\">\n<div class=\"pagelayer-text-holder\">\n<p><strong>Composi\u00e7\u00e3o:<br \/>\n<\/strong>65% Poli\u00e9ster 35% algod\u00e3o<\/p>\n<p><strong>Gramagem:<br \/>\n<\/strong>200 gr.<\/p>\n<\/div>\n<\/div>\n<\/div>\n<\/div>\n<\/div>\n<\/div>\n<div class=\"pagelayer-text\">\n<div class=\"pagelayer-text-holder\">\n<div><\/div>\n<\/div>\n<\/div>\n<\/div>\n<\/div>\n<\/div>\n<\/div>\n","protected":false},"excerpt":{"rendered":"<p><i><span style=\"color: #0000ff;\"><strong>Artigo Por Encomenda<\/strong><\/span><br \/>\n4 cores dispon\u00edveis?<br \/>\n<span style=\"color: #ff0000;\">Uhmm&#8230; vai ser dif\u00edcil escolher&#8230;<\/span><\/i><\/p>\n","protected":false},"featured_media":8378,"comment_status":"open","ping_status":"closed","template":"","meta":{"inline_featured_image":false,"site-sidebar-layout":"default","site-content-layout":"","ast-site-content-layout":"default","site-content-style":"default","site-sidebar-style":"default","ast-global-header-display":"","ast-banner-title-visibility":"","ast-main-header-display":"","ast-hfb-above-header-display":"","ast-hfb-below-header-display":"","ast-hfb-mobile-header-display":"","site-post-title":"","ast-breadcrumbs-content":"","ast-featured-img":"","footer-sml-layout":"","ast-disable-related-posts":"","theme-transparent-header-meta":"default","adv-header-id-meta":"","stick-header-meta":"","header-above-stick-meta":"","header-main-stick-meta":"","header-below-stick-meta":"","astra-migrate-meta-layouts":"set","ast-page-background-enabled":"default","ast-page-background-meta":{"desktop":{"background-color":"","background-image":"","background-repeat":"repeat","background-position":"center center","background-size":"auto","background-attachment":"scroll","background-type":"","background-media":"","overlay-type":"","overlay-color":"","overlay-opacity":"","overlay-gradient":""},"tablet":{"background-color":"","background-image":"","background-repeat":"repeat","background-position":"center center","background-size":"auto","background-attachment":"scroll","background-type":"","background-media":"","overlay-type":"","overlay-color":"","overlay-opacity":"","overlay-gradient":""},"mobile":{"background-color":"","background-image":"","background-repeat":"repeat","background-position":"center center","background-size":"auto","background-attachment":"scroll","background-type":"","background-media":"","overlay-type":"","overlay-color":"","overlay-opacity":"","overlay-gradient":""}},"ast-content-background-meta":{"desktop":{"background-color":"var(--ast-global-color-5)","background-image":"","background-repeat":"repeat","background-position":"center center","background-size":"auto","background-attachment":"scroll","background-type":"","background-media":"","overlay-type":"","overlay-color":"","overlay-opacity":"","overlay-gradient":""},"tablet":{"background-color":"var(--ast-global-color-5)","background-image":"","background-repeat":"repeat","background-position":"center center","background-size":"auto","background-attachment":"scroll","background-type":"","background-media":"","overlay-type":"","overlay-color":"","overlay-opacity":"","overlay-gradient":""},"mobile":{"background-color":"var(--ast-global-color-5)","background-image":"","background-repeat":"repeat","background-position":"center center","background-size":"auto","background-attachment":"scroll","background-type":"","background-media":"","overlay-type":"","overlay-color":"","overlay-opacity":"","overlay-gradient":""}}},"product_brand":[80],"product_cat":[304,305,565,608],"product_tag":[542],"class_list":{"0":"post-7864","1":"product","2":"type-product","3":"status-publish","4":"has-post-thumbnail","6":"product_brand-querotshirt","7":"product_cat-fardamento","8":"product_cat-fato-de-macaco","9":"product_cat-homem","10":"product_cat-vestuario","11":"product_tag-querotshirt","12":"pa_color-azul-marinho-ny","13":"pa_color-bege-army-ar","14":"pa_color-branco-wh","15":"pa_color-cinzento-zinco-zc","16":"pa_size-207","17":"pa_size-208","18":"pa_size-209","19":"pa_size-210","20":"pa_size-213","21":"pa_size-214","22":"pa_size-215","23":"pa_size-216","24":"pa_size-217","25":"desktop-align-left","26":"tablet-align-center","27":"mobile-align-center","29":"first","30":"onbackorder","31":"taxable","32":"shipping-taxable","33":"product-type-variable"},"yoast_head":"<!-- This site is optimized with the Yoast SEO plugin v27.5 - https:\/\/yoast.com\/product\/yoast-seo-wordpress\/ -->\n<title>Fato de macaco cl\u00e1ssico + Personaliza\u00e7\u00e3o - grupoQUERO<\/title>\n<meta name=\"robots\" content=\"index, follow, max-snippet:-1, max-image-preview:large, max-video-preview:-1\" \/>\n<link rel=\"canonical\" href=\"https:\/\/grupoquero.pt\/loja\/produto\/fato-de-macaco-classico-personalizacao\/\" \/>\n<meta property=\"og:locale\" content=\"pt_PT\" \/>\n<meta property=\"og:type\" content=\"article\" \/>\n<meta property=\"og:title\" content=\"Fato de macaco cl\u00e1ssico + Personaliza\u00e7\u00e3o - grupoQUERO\" \/>\n<meta property=\"og:description\" content=\"Artigo Por Encomenda 4 cores dispon\u00edveis? Uhmm... vai ser dif\u00edcil escolher...\" \/>\n<meta property=\"og:url\" content=\"https:\/\/grupoquero.pt\/loja\/produto\/fato-de-macaco-classico-personalizacao\/\" \/>\n<meta property=\"og:site_name\" content=\"grupoQUERO\" \/>\n<meta property=\"article:publisher\" content=\"https:\/\/www.facebook.com\/grupoquero.pt\" \/>\n<meta property=\"article:modified_time\" content=\"2024-02-11T15:47:37+00:00\" \/>\n<meta property=\"og:image\" content=\"https:\/\/grupoquero.pt\/loja\/wp-content\/uploads\/2020\/12\/fato-macaco-classico.png\" \/>\n\t<meta property=\"og:image:width\" content=\"299\" \/>\n\t<meta property=\"og:image:height\" content=\"402\" \/>\n\t<meta property=\"og:image:type\" content=\"image\/png\" \/>\n<meta name=\"twitter:card\" content=\"summary_large_image\" \/>\n<meta name=\"twitter:label1\" content=\"Tempo estimado de leitura\" \/>\n\t<meta name=\"twitter:data1\" content=\"1 minuto\" \/>\n<script type=\"application\/ld+json\" class=\"yoast-schema-graph\">{\"@context\":\"https:\\\/\\\/schema.org\",\"@graph\":[{\"@type\":\"WebPage\",\"@id\":\"https:\\\/\\\/grupoquero.pt\\\/loja\\\/produto\\\/fato-de-macaco-classico-personalizacao\\\/\",\"url\":\"https:\\\/\\\/grupoquero.pt\\\/loja\\\/produto\\\/fato-de-macaco-classico-personalizacao\\\/\",\"name\":\"Fato de macaco cl\u00e1ssico + Personaliza\u00e7\u00e3o - grupoQUERO\",\"isPartOf\":{\"@id\":\"https:\\\/\\\/grupoquero.pt\\\/loja\\\/#website\"},\"primaryImageOfPage\":{\"@id\":\"https:\\\/\\\/grupoquero.pt\\\/loja\\\/produto\\\/fato-de-macaco-classico-personalizacao\\\/#primaryimage\"},\"image\":{\"@id\":\"https:\\\/\\\/grupoquero.pt\\\/loja\\\/produto\\\/fato-de-macaco-classico-personalizacao\\\/#primaryimage\"},\"thumbnailUrl\":\"https:\\\/\\\/grupoquero.pt\\\/loja\\\/wp-content\\\/uploads\\\/2020\\\/12\\\/fato-macaco-classico.png\",\"datePublished\":\"2020-12-14T12:28:04+00:00\",\"dateModified\":\"2024-02-11T15:47:37+00:00\",\"breadcrumb\":{\"@id\":\"https:\\\/\\\/grupoquero.pt\\\/loja\\\/produto\\\/fato-de-macaco-classico-personalizacao\\\/#breadcrumb\"},\"inLanguage\":\"pt-PT\",\"potentialAction\":[{\"@type\":\"ReadAction\",\"target\":[\"https:\\\/\\\/grupoquero.pt\\\/loja\\\/produto\\\/fato-de-macaco-classico-personalizacao\\\/\"]}]},{\"@type\":\"ImageObject\",\"inLanguage\":\"pt-PT\",\"@id\":\"https:\\\/\\\/grupoquero.pt\\\/loja\\\/produto\\\/fato-de-macaco-classico-personalizacao\\\/#primaryimage\",\"url\":\"https:\\\/\\\/grupoquero.pt\\\/loja\\\/wp-content\\\/uploads\\\/2020\\\/12\\\/fato-macaco-classico.png\",\"contentUrl\":\"https:\\\/\\\/grupoquero.pt\\\/loja\\\/wp-content\\\/uploads\\\/2020\\\/12\\\/fato-macaco-classico.png\",\"width\":299,\"height\":402},{\"@type\":\"BreadcrumbList\",\"@id\":\"https:\\\/\\\/grupoquero.pt\\\/loja\\\/produto\\\/fato-de-macaco-classico-personalizacao\\\/#breadcrumb\",\"itemListElement\":[{\"@type\":\"ListItem\",\"position\":1,\"name\":\"Home\",\"item\":\"https:\\\/\\\/grupoquero.pt\\\/loja\\\/\"},{\"@type\":\"ListItem\",\"position\":2,\"name\":\"Loja Online\",\"item\":\"https:\\\/\\\/grupoquero.pt\\\/loja\\\/shop\\\/\"},{\"@type\":\"ListItem\",\"position\":3,\"name\":\"Fato de macaco cl\u00e1ssico + Personaliza\u00e7\u00e3o\"}]},{\"@type\":\"WebSite\",\"@id\":\"https:\\\/\\\/grupoquero.pt\\\/loja\\\/#website\",\"url\":\"https:\\\/\\\/grupoquero.pt\\\/loja\\\/\",\"name\":\"grupoQUERO - atelier\",\"description\":\"webdesign, Personaliza\u00e7\u00e3o e Print\",\"publisher\":{\"@id\":\"https:\\\/\\\/grupoquero.pt\\\/loja\\\/#organization\"},\"potentialAction\":[{\"@type\":\"SearchAction\",\"target\":{\"@type\":\"EntryPoint\",\"urlTemplate\":\"https:\\\/\\\/grupoquero.pt\\\/loja\\\/?s={search_term_string}\"},\"query-input\":{\"@type\":\"PropertyValueSpecification\",\"valueRequired\":true,\"valueName\":\"search_term_string\"}}],\"inLanguage\":\"pt-PT\"},{\"@type\":\"Organization\",\"@id\":\"https:\\\/\\\/grupoquero.pt\\\/loja\\\/#organization\",\"name\":\"grupoQUERO - atelier\",\"url\":\"https:\\\/\\\/grupoquero.pt\\\/loja\\\/\",\"logo\":{\"@type\":\"ImageObject\",\"inLanguage\":\"pt-PT\",\"@id\":\"https:\\\/\\\/grupoquero.pt\\\/loja\\\/#\\\/schema\\\/logo\\\/image\\\/\",\"url\":\"https:\\\/\\\/grupoquero.pt\\\/loja\\\/wp-content\\\/uploads\\\/GQ-semFundo-scaled.png\",\"contentUrl\":\"https:\\\/\\\/grupoquero.pt\\\/loja\\\/wp-content\\\/uploads\\\/GQ-semFundo-scaled.png\",\"width\":2560,\"height\":1429,\"caption\":\"grupoQUERO - atelier\"},\"image\":{\"@id\":\"https:\\\/\\\/grupoquero.pt\\\/loja\\\/#\\\/schema\\\/logo\\\/image\\\/\"},\"sameAs\":[\"https:\\\/\\\/www.facebook.com\\\/grupoquero.pt\"]}]}<\/script>\n<!-- \/ Yoast SEO plugin. -->","yoast_head_json":{"title":"Fato de macaco cl\u00e1ssico + Personaliza\u00e7\u00e3o - grupoQUERO","robots":{"index":"index","follow":"follow","max-snippet":"max-snippet:-1","max-image-preview":"max-image-preview:large","max-video-preview":"max-video-preview:-1"},"canonical":"https:\/\/grupoquero.pt\/loja\/produto\/fato-de-macaco-classico-personalizacao\/","og_locale":"pt_PT","og_type":"article","og_title":"Fato de macaco cl\u00e1ssico + Personaliza\u00e7\u00e3o - grupoQUERO","og_description":"Artigo Por Encomenda 4 cores dispon\u00edveis? Uhmm... vai ser dif\u00edcil escolher...","og_url":"https:\/\/grupoquero.pt\/loja\/produto\/fato-de-macaco-classico-personalizacao\/","og_site_name":"grupoQUERO","article_publisher":"https:\/\/www.facebook.com\/grupoquero.pt","article_modified_time":"2024-02-11T15:47:37+00:00","og_image":[{"width":299,"height":402,"url":"https:\/\/grupoquero.pt\/loja\/wp-content\/uploads\/2020\/12\/fato-macaco-classico.png","type":"image\/png"}],"twitter_card":"summary_large_image","twitter_misc":{"Tempo estimado de leitura":"1 minuto"},"schema":{"@context":"https:\/\/schema.org","@graph":[{"@type":"WebPage","@id":"https:\/\/grupoquero.pt\/loja\/produto\/fato-de-macaco-classico-personalizacao\/","url":"https:\/\/grupoquero.pt\/loja\/produto\/fato-de-macaco-classico-personalizacao\/","name":"Fato de macaco cl\u00e1ssico + Personaliza\u00e7\u00e3o - grupoQUERO","isPartOf":{"@id":"https:\/\/grupoquero.pt\/loja\/#website"},"primaryImageOfPage":{"@id":"https:\/\/grupoquero.pt\/loja\/produto\/fato-de-macaco-classico-personalizacao\/#primaryimage"},"image":{"@id":"https:\/\/grupoquero.pt\/loja\/produto\/fato-de-macaco-classico-personalizacao\/#primaryimage"},"thumbnailUrl":"https:\/\/grupoquero.pt\/loja\/wp-content\/uploads\/2020\/12\/fato-macaco-classico.png","datePublished":"2020-12-14T12:28:04+00:00","dateModified":"2024-02-11T15:47:37+00:00","breadcrumb":{"@id":"https:\/\/grupoquero.pt\/loja\/produto\/fato-de-macaco-classico-personalizacao\/#breadcrumb"},"inLanguage":"pt-PT","potentialAction":[{"@type":"ReadAction","target":["https:\/\/grupoquero.pt\/loja\/produto\/fato-de-macaco-classico-personalizacao\/"]}]},{"@type":"ImageObject","inLanguage":"pt-PT","@id":"https:\/\/grupoquero.pt\/loja\/produto\/fato-de-macaco-classico-personalizacao\/#primaryimage","url":"https:\/\/grupoquero.pt\/loja\/wp-content\/uploads\/2020\/12\/fato-macaco-classico.png","contentUrl":"https:\/\/grupoquero.pt\/loja\/wp-content\/uploads\/2020\/12\/fato-macaco-classico.png","width":299,"height":402},{"@type":"BreadcrumbList","@id":"https:\/\/grupoquero.pt\/loja\/produto\/fato-de-macaco-classico-personalizacao\/#breadcrumb","itemListElement":[{"@type":"ListItem","position":1,"name":"Home","item":"https:\/\/grupoquero.pt\/loja\/"},{"@type":"ListItem","position":2,"name":"Loja Online","item":"https:\/\/grupoquero.pt\/loja\/shop\/"},{"@type":"ListItem","position":3,"name":"Fato de macaco cl\u00e1ssico + Personaliza\u00e7\u00e3o"}]},{"@type":"WebSite","@id":"https:\/\/grupoquero.pt\/loja\/#website","url":"https:\/\/grupoquero.pt\/loja\/","name":"grupoQUERO - atelier","description":"webdesign, Personaliza\u00e7\u00e3o e Print","publisher":{"@id":"https:\/\/grupoquero.pt\/loja\/#organization"},"potentialAction":[{"@type":"SearchAction","target":{"@type":"EntryPoint","urlTemplate":"https:\/\/grupoquero.pt\/loja\/?s={search_term_string}"},"query-input":{"@type":"PropertyValueSpecification","valueRequired":true,"valueName":"search_term_string"}}],"inLanguage":"pt-PT"},{"@type":"Organization","@id":"https:\/\/grupoquero.pt\/loja\/#organization","name":"grupoQUERO - atelier","url":"https:\/\/grupoquero.pt\/loja\/","logo":{"@type":"ImageObject","inLanguage":"pt-PT","@id":"https:\/\/grupoquero.pt\/loja\/#\/schema\/logo\/image\/","url":"https:\/\/grupoquero.pt\/loja\/wp-content\/uploads\/GQ-semFundo-scaled.png","contentUrl":"https:\/\/grupoquero.pt\/loja\/wp-content\/uploads\/GQ-semFundo-scaled.png","width":2560,"height":1429,"caption":"grupoQUERO - atelier"},"image":{"@id":"https:\/\/grupoquero.pt\/loja\/#\/schema\/logo\/image\/"},"sameAs":["https:\/\/www.facebook.com\/grupoquero.pt"]}]}},"_links":{"self":[{"href":"https:\/\/grupoquero.pt\/loja\/wp-json\/wp\/v2\/product\/7864","targetHints":{"allow":["GET"]}}],"collection":[{"href":"https:\/\/grupoquero.pt\/loja\/wp-json\/wp\/v2\/product"}],"about":[{"href":"https:\/\/grupoquero.pt\/loja\/wp-json\/wp\/v2\/types\/product"}],"replies":[{"embeddable":true,"href":"https:\/\/grupoquero.pt\/loja\/wp-json\/wp\/v2\/comments?post=7864"}],"wp:featuredmedia":[{"embeddable":true,"href":"https:\/\/grupoquero.pt\/loja\/wp-json\/wp\/v2\/media\/8378"}],"wp:attachment":[{"href":"https:\/\/grupoquero.pt\/loja\/wp-json\/wp\/v2\/media?parent=7864"}],"wp:term":[{"taxonomy":"product_brand","embeddable":true,"href":"https:\/\/grupoquero.pt\/loja\/wp-json\/wp\/v2\/product_brand?post=7864"},{"taxonomy":"product_cat","embeddable":true,"href":"https:\/\/grupoquero.pt\/loja\/wp-json\/wp\/v2\/product_cat?post=7864"},{"taxonomy":"product_tag","embeddable":true,"href":"https:\/\/grupoquero.pt\/loja\/wp-json\/wp\/v2\/product_tag?post=7864"}],"curies":[{"name":"wp","href":"https:\/\/api.w.org\/{rel}","templated":true}]}}