{"id":7477,"date":"2020-12-09T12:06:20","date_gmt":"2020-12-09T12:06:20","guid":{"rendered":"https:\/\/grupoquero.pt\/loja\/?post_type=product&#038;p=7477"},"modified":"2025-03-05T20:54:03","modified_gmt":"2025-03-05T20:54:03","slug":"sweat-com-capuz-crianca-unisexo-personalizacao","status":"publish","type":"product","link":"https:\/\/grupoquero.pt\/loja\/produto\/sweat-com-capuz-crianca-unisexo-personalizacao\/","title":{"rendered":"Sweat com Capuz, Crian\u00e7a, Unissexo + Personaliza\u00e7\u00e3o"},"content":{"rendered":"<p>\u2022 Sweat com capuz kids unissexo com bolso canguru.<br \/>\n\u2022 <strong>Tamanhos:<\/strong> 1-2\u00a0 a\u00a0 12-14 anos<\/p>\n<p><a href=\"https:\/\/grupoquero.pt\/loja\/wp-content\/uploads\/datasheet_SWRKKNG.pdf\" target=\"_blank\" rel=\"noopener\"><img decoding=\"async\" class=\"alignnone size-full wp-image-7101\" src=\"https:\/\/grupoquero.pt\/loja\/wp-content\/uploads\/2020\/11\/BT-FichaTecnica.png\" alt=\"\" width=\"148\" height=\"49\" \/><\/a><\/p>\n","protected":false},"excerpt":{"rendered":"<p><em><span style=\"color: #0000ff;\"><i>Pre\u00e7o Indicado Para\u00a0<strong>Uma Unidade.<\/strong>\u00a0Descontos para encomendas acima desta quantidade.<\/i><\/span><br \/>\nSweat com capuz de crian\u00e7a unissexo.<\/em><br \/>\n<em>Usar ou personalizar antes de vestir.<br \/>\nD\u00ea conforto e estilo \u00e0 sua crian\u00e7a.<\/em><\/p>\n<p><em>\u00bb Escolha a <strong>Idade<\/strong> e a\u00a0<strong>Cor\u00a0<\/strong>que pretende<\/em><\/p>\n","protected":false},"featured_media":27703,"comment_status":"open","ping_status":"closed","template":"","meta":{"inline_featured_image":false,"site-sidebar-layout":"default","site-content-layout":"default","ast-site-content-layout":"default","site-content-style":"default","site-sidebar-style":"default","ast-global-header-display":"","ast-banner-title-visibility":"","ast-main-header-display":"","ast-hfb-above-header-display":"","ast-hfb-below-header-display":"","ast-hfb-mobile-header-display":"","site-post-title":"","ast-breadcrumbs-content":"","ast-featured-img":"","footer-sml-layout":"","ast-disable-related-posts":"","theme-transparent-header-meta":"default","adv-header-id-meta":"","stick-header-meta":"","header-above-stick-meta":"","header-main-stick-meta":"","header-below-stick-meta":"","astra-migrate-meta-layouts":"set","ast-page-background-enabled":"default","ast-page-background-meta":{"desktop":{"background-color":"","background-image":"","background-repeat":"repeat","background-position":"center center","background-size":"auto","background-attachment":"scroll","background-type":"","background-media":"","overlay-type":"","overlay-color":"","overlay-opacity":"","overlay-gradient":""},"tablet":{"background-color":"","background-image":"","background-repeat":"repeat","background-position":"center center","background-size":"auto","background-attachment":"scroll","background-type":"","background-media":"","overlay-type":"","overlay-color":"","overlay-opacity":"","overlay-gradient":""},"mobile":{"background-color":"","background-image":"","background-repeat":"repeat","background-position":"center center","background-size":"auto","background-attachment":"scroll","background-type":"","background-media":"","overlay-type":"","overlay-color":"","overlay-opacity":"","overlay-gradient":""}},"ast-content-background-meta":{"desktop":{"background-color":"var(--ast-global-color-5)","background-image":"","background-repeat":"repeat","background-position":"center center","background-size":"auto","background-attachment":"scroll","background-type":"","background-media":"","overlay-type":"","overlay-color":"","overlay-opacity":"","overlay-gradient":""},"tablet":{"background-color":"var(--ast-global-color-5)","background-image":"","background-repeat":"repeat","background-position":"center center","background-size":"auto","background-attachment":"scroll","background-type":"","background-media":"","overlay-type":"","overlay-color":"","overlay-opacity":"","overlay-gradient":""},"mobile":{"background-color":"var(--ast-global-color-5)","background-image":"","background-repeat":"repeat","background-position":"center center","background-size":"auto","background-attachment":"scroll","background-type":"","background-media":"","overlay-type":"","overlay-color":"","overlay-opacity":"","overlay-gradient":""}}},"product_brand":[80],"product_cat":[564,280,608],"product_tag":[542],"class_list":{"0":"post-7477","1":"product","2":"type-product","3":"status-publish","4":"has-post-thumbnail","6":"product_brand-querotshirt","7":"product_cat-crianca","8":"product_cat-sweats-com-capuz","9":"product_cat-vestuario","10":"product_tag-querotshirt","11":"pa_color-amarelo-sy","12":"pa_color-azul-claro-sk","13":"pa_color-azul-marinho-ny","14":"pa_color-azul-royal-rb","15":"pa_color-branco-wh","16":"pa_color-cinzento-claro-mesclado-gm","17":"pa_color-cinzento-zinco-zc","18":"pa_color-laranja-or","19":"pa_color-preto-bk","20":"pa_color-purple-pu","21":"pa_color-rosa-pk","22":"pa_color-verde-kely-kg","23":"pa_color-vermelho-rd","24":"pa_size-01-02-anos","25":"pa_size-3-4-anos","26":"pa_size-5-6-anos","27":"pa_size-7-8-anos","28":"pa_size-9-11-anos","29":"pa_size-12-14-anos","30":"desktop-align-left","31":"tablet-align-center","32":"mobile-align-center","34":"first","35":"instock","36":"taxable","37":"shipping-taxable","38":"purchasable","39":"product-type-variable"},"yoast_head":"<!-- This site is optimized with the Yoast SEO plugin v27.4 - https:\/\/yoast.com\/product\/yoast-seo-wordpress\/ -->\n<title>Sweat com Capuz, Crian\u00e7a, Unissexo + Personaliza\u00e7\u00e3o - grupoQUERO<\/title>\n<meta name=\"description\" content=\"Personalizamos Sweat com Capuz para crian\u00e7a - atelier grupoQUERO, queroTSHIRT\" \/>\n<meta name=\"robots\" content=\"index, follow, max-snippet:-1, max-image-preview:large, max-video-preview:-1\" \/>\n<link rel=\"canonical\" href=\"https:\/\/grupoquero.pt\/loja\/produto\/sweat-com-capuz-crianca-unisexo-personalizacao\/\" \/>\n<meta property=\"og:locale\" content=\"pt_PT\" \/>\n<meta property=\"og:type\" content=\"article\" \/>\n<meta property=\"og:title\" content=\"Sweat com Capuz, Crian\u00e7a, Unissexo + Personaliza\u00e7\u00e3o - grupoQUERO\" \/>\n<meta property=\"og:description\" content=\"Personalizamos Sweat com Capuz para crian\u00e7a - atelier grupoQUERO, queroTSHIRT\" \/>\n<meta property=\"og:url\" content=\"https:\/\/grupoquero.pt\/loja\/produto\/sweat-com-capuz-crianca-unisexo-personalizacao\/\" \/>\n<meta property=\"og:site_name\" content=\"grupoQUERO\" \/>\n<meta property=\"article:publisher\" content=\"https:\/\/www.facebook.com\/grupoquero.pt\" \/>\n<meta property=\"article:modified_time\" content=\"2025-03-05T20:54:03+00:00\" \/>\n<meta property=\"og:image\" content=\"https:\/\/grupoquero.pt\/loja\/wp-content\/uploads\/jhktshirt_swrkkng_0.jpg\" \/>\n\t<meta property=\"og:image:width\" content=\"1242\" \/>\n\t<meta property=\"og:image:height\" content=\"1560\" \/>\n\t<meta property=\"og:image:type\" content=\"image\/jpeg\" \/>\n<meta name=\"twitter:card\" content=\"summary_large_image\" \/>\n<meta name=\"twitter:label1\" content=\"Tempo estimado de leitura\" \/>\n\t<meta name=\"twitter:data1\" content=\"1 minuto\" \/>\n<script type=\"application\/ld+json\" class=\"yoast-schema-graph\">{\"@context\":\"https:\\\/\\\/schema.org\",\"@graph\":[{\"@type\":\"WebPage\",\"@id\":\"https:\\\/\\\/grupoquero.pt\\\/loja\\\/produto\\\/sweat-com-capuz-crianca-unisexo-personalizacao\\\/\",\"url\":\"https:\\\/\\\/grupoquero.pt\\\/loja\\\/produto\\\/sweat-com-capuz-crianca-unisexo-personalizacao\\\/\",\"name\":\"Sweat com Capuz, Crian\u00e7a, Unissexo + Personaliza\u00e7\u00e3o - grupoQUERO\",\"isPartOf\":{\"@id\":\"https:\\\/\\\/grupoquero.pt\\\/loja\\\/#website\"},\"primaryImageOfPage\":{\"@id\":\"https:\\\/\\\/grupoquero.pt\\\/loja\\\/produto\\\/sweat-com-capuz-crianca-unisexo-personalizacao\\\/#primaryimage\"},\"image\":{\"@id\":\"https:\\\/\\\/grupoquero.pt\\\/loja\\\/produto\\\/sweat-com-capuz-crianca-unisexo-personalizacao\\\/#primaryimage\"},\"thumbnailUrl\":\"https:\\\/\\\/grupoquero.pt\\\/loja\\\/wp-content\\\/uploads\\\/jhktshirt_swrkkng_0.jpg\",\"datePublished\":\"2020-12-09T12:06:20+00:00\",\"dateModified\":\"2025-03-05T20:54:03+00:00\",\"description\":\"Personalizamos Sweat com Capuz para crian\u00e7a - atelier grupoQUERO, queroTSHIRT\",\"breadcrumb\":{\"@id\":\"https:\\\/\\\/grupoquero.pt\\\/loja\\\/produto\\\/sweat-com-capuz-crianca-unisexo-personalizacao\\\/#breadcrumb\"},\"inLanguage\":\"pt-PT\",\"potentialAction\":[{\"@type\":\"ReadAction\",\"target\":[\"https:\\\/\\\/grupoquero.pt\\\/loja\\\/produto\\\/sweat-com-capuz-crianca-unisexo-personalizacao\\\/\"]}]},{\"@type\":\"ImageObject\",\"inLanguage\":\"pt-PT\",\"@id\":\"https:\\\/\\\/grupoquero.pt\\\/loja\\\/produto\\\/sweat-com-capuz-crianca-unisexo-personalizacao\\\/#primaryimage\",\"url\":\"https:\\\/\\\/grupoquero.pt\\\/loja\\\/wp-content\\\/uploads\\\/jhktshirt_swrkkng_0.jpg\",\"contentUrl\":\"https:\\\/\\\/grupoquero.pt\\\/loja\\\/wp-content\\\/uploads\\\/jhktshirt_swrkkng_0.jpg\",\"width\":1242,\"height\":1560,\"caption\":\"Sweat Com Capuz para Crian\u00e7a\"},{\"@type\":\"BreadcrumbList\",\"@id\":\"https:\\\/\\\/grupoquero.pt\\\/loja\\\/produto\\\/sweat-com-capuz-crianca-unisexo-personalizacao\\\/#breadcrumb\",\"itemListElement\":[{\"@type\":\"ListItem\",\"position\":1,\"name\":\"Home\",\"item\":\"https:\\\/\\\/grupoquero.pt\\\/loja\\\/\"},{\"@type\":\"ListItem\",\"position\":2,\"name\":\"Loja Online\",\"item\":\"https:\\\/\\\/grupoquero.pt\\\/loja\\\/shop\\\/\"},{\"@type\":\"ListItem\",\"position\":3,\"name\":\"Sweat com Capuz, Crian\u00e7a, Unissexo + Personaliza\u00e7\u00e3o\"}]},{\"@type\":\"WebSite\",\"@id\":\"https:\\\/\\\/grupoquero.pt\\\/loja\\\/#website\",\"url\":\"https:\\\/\\\/grupoquero.pt\\\/loja\\\/\",\"name\":\"grupoQUERO - atelier\",\"description\":\"webdesign, Personaliza\u00e7\u00e3o e Print\",\"publisher\":{\"@id\":\"https:\\\/\\\/grupoquero.pt\\\/loja\\\/#organization\"},\"potentialAction\":[{\"@type\":\"SearchAction\",\"target\":{\"@type\":\"EntryPoint\",\"urlTemplate\":\"https:\\\/\\\/grupoquero.pt\\\/loja\\\/?s={search_term_string}\"},\"query-input\":{\"@type\":\"PropertyValueSpecification\",\"valueRequired\":true,\"valueName\":\"search_term_string\"}}],\"inLanguage\":\"pt-PT\"},{\"@type\":\"Organization\",\"@id\":\"https:\\\/\\\/grupoquero.pt\\\/loja\\\/#organization\",\"name\":\"grupoQUERO - atelier\",\"url\":\"https:\\\/\\\/grupoquero.pt\\\/loja\\\/\",\"logo\":{\"@type\":\"ImageObject\",\"inLanguage\":\"pt-PT\",\"@id\":\"https:\\\/\\\/grupoquero.pt\\\/loja\\\/#\\\/schema\\\/logo\\\/image\\\/\",\"url\":\"https:\\\/\\\/grupoquero.pt\\\/loja\\\/wp-content\\\/uploads\\\/Logotipo-grupoQUERO-1.png\",\"contentUrl\":\"https:\\\/\\\/grupoquero.pt\\\/loja\\\/wp-content\\\/uploads\\\/Logotipo-grupoQUERO-1.png\",\"width\":413,\"height\":148,\"caption\":\"grupoQUERO - atelier\"},\"image\":{\"@id\":\"https:\\\/\\\/grupoquero.pt\\\/loja\\\/#\\\/schema\\\/logo\\\/image\\\/\"},\"sameAs\":[\"https:\\\/\\\/www.facebook.com\\\/grupoquero.pt\"]}]}<\/script>\n<!-- \/ Yoast SEO plugin. -->","yoast_head_json":{"title":"Sweat com Capuz, Crian\u00e7a, Unissexo + Personaliza\u00e7\u00e3o - grupoQUERO","description":"Personalizamos Sweat com Capuz para crian\u00e7a - atelier grupoQUERO, queroTSHIRT","robots":{"index":"index","follow":"follow","max-snippet":"max-snippet:-1","max-image-preview":"max-image-preview:large","max-video-preview":"max-video-preview:-1"},"canonical":"https:\/\/grupoquero.pt\/loja\/produto\/sweat-com-capuz-crianca-unisexo-personalizacao\/","og_locale":"pt_PT","og_type":"article","og_title":"Sweat com Capuz, Crian\u00e7a, Unissexo + Personaliza\u00e7\u00e3o - grupoQUERO","og_description":"Personalizamos Sweat com Capuz para crian\u00e7a - atelier grupoQUERO, queroTSHIRT","og_url":"https:\/\/grupoquero.pt\/loja\/produto\/sweat-com-capuz-crianca-unisexo-personalizacao\/","og_site_name":"grupoQUERO","article_publisher":"https:\/\/www.facebook.com\/grupoquero.pt","article_modified_time":"2025-03-05T20:54:03+00:00","og_image":[{"width":1242,"height":1560,"url":"https:\/\/grupoquero.pt\/loja\/wp-content\/uploads\/jhktshirt_swrkkng_0.jpg","type":"image\/jpeg"}],"twitter_card":"summary_large_image","twitter_misc":{"Tempo estimado de leitura":"1 minuto"},"schema":{"@context":"https:\/\/schema.org","@graph":[{"@type":"WebPage","@id":"https:\/\/grupoquero.pt\/loja\/produto\/sweat-com-capuz-crianca-unisexo-personalizacao\/","url":"https:\/\/grupoquero.pt\/loja\/produto\/sweat-com-capuz-crianca-unisexo-personalizacao\/","name":"Sweat com Capuz, Crian\u00e7a, Unissexo + Personaliza\u00e7\u00e3o - grupoQUERO","isPartOf":{"@id":"https:\/\/grupoquero.pt\/loja\/#website"},"primaryImageOfPage":{"@id":"https:\/\/grupoquero.pt\/loja\/produto\/sweat-com-capuz-crianca-unisexo-personalizacao\/#primaryimage"},"image":{"@id":"https:\/\/grupoquero.pt\/loja\/produto\/sweat-com-capuz-crianca-unisexo-personalizacao\/#primaryimage"},"thumbnailUrl":"https:\/\/grupoquero.pt\/loja\/wp-content\/uploads\/jhktshirt_swrkkng_0.jpg","datePublished":"2020-12-09T12:06:20+00:00","dateModified":"2025-03-05T20:54:03+00:00","description":"Personalizamos Sweat com Capuz para crian\u00e7a - atelier grupoQUERO, queroTSHIRT","breadcrumb":{"@id":"https:\/\/grupoquero.pt\/loja\/produto\/sweat-com-capuz-crianca-unisexo-personalizacao\/#breadcrumb"},"inLanguage":"pt-PT","potentialAction":[{"@type":"ReadAction","target":["https:\/\/grupoquero.pt\/loja\/produto\/sweat-com-capuz-crianca-unisexo-personalizacao\/"]}]},{"@type":"ImageObject","inLanguage":"pt-PT","@id":"https:\/\/grupoquero.pt\/loja\/produto\/sweat-com-capuz-crianca-unisexo-personalizacao\/#primaryimage","url":"https:\/\/grupoquero.pt\/loja\/wp-content\/uploads\/jhktshirt_swrkkng_0.jpg","contentUrl":"https:\/\/grupoquero.pt\/loja\/wp-content\/uploads\/jhktshirt_swrkkng_0.jpg","width":1242,"height":1560,"caption":"Sweat Com Capuz para Crian\u00e7a"},{"@type":"BreadcrumbList","@id":"https:\/\/grupoquero.pt\/loja\/produto\/sweat-com-capuz-crianca-unisexo-personalizacao\/#breadcrumb","itemListElement":[{"@type":"ListItem","position":1,"name":"Home","item":"https:\/\/grupoquero.pt\/loja\/"},{"@type":"ListItem","position":2,"name":"Loja Online","item":"https:\/\/grupoquero.pt\/loja\/shop\/"},{"@type":"ListItem","position":3,"name":"Sweat com Capuz, Crian\u00e7a, Unissexo + Personaliza\u00e7\u00e3o"}]},{"@type":"WebSite","@id":"https:\/\/grupoquero.pt\/loja\/#website","url":"https:\/\/grupoquero.pt\/loja\/","name":"grupoQUERO - atelier","description":"webdesign, Personaliza\u00e7\u00e3o e Print","publisher":{"@id":"https:\/\/grupoquero.pt\/loja\/#organization"},"potentialAction":[{"@type":"SearchAction","target":{"@type":"EntryPoint","urlTemplate":"https:\/\/grupoquero.pt\/loja\/?s={search_term_string}"},"query-input":{"@type":"PropertyValueSpecification","valueRequired":true,"valueName":"search_term_string"}}],"inLanguage":"pt-PT"},{"@type":"Organization","@id":"https:\/\/grupoquero.pt\/loja\/#organization","name":"grupoQUERO - atelier","url":"https:\/\/grupoquero.pt\/loja\/","logo":{"@type":"ImageObject","inLanguage":"pt-PT","@id":"https:\/\/grupoquero.pt\/loja\/#\/schema\/logo\/image\/","url":"https:\/\/grupoquero.pt\/loja\/wp-content\/uploads\/Logotipo-grupoQUERO-1.png","contentUrl":"https:\/\/grupoquero.pt\/loja\/wp-content\/uploads\/Logotipo-grupoQUERO-1.png","width":413,"height":148,"caption":"grupoQUERO - atelier"},"image":{"@id":"https:\/\/grupoquero.pt\/loja\/#\/schema\/logo\/image\/"},"sameAs":["https:\/\/www.facebook.com\/grupoquero.pt"]}]}},"_links":{"self":[{"href":"https:\/\/grupoquero.pt\/loja\/wp-json\/wp\/v2\/product\/7477","targetHints":{"allow":["GET"]}}],"collection":[{"href":"https:\/\/grupoquero.pt\/loja\/wp-json\/wp\/v2\/product"}],"about":[{"href":"https:\/\/grupoquero.pt\/loja\/wp-json\/wp\/v2\/types\/product"}],"replies":[{"embeddable":true,"href":"https:\/\/grupoquero.pt\/loja\/wp-json\/wp\/v2\/comments?post=7477"}],"wp:featuredmedia":[{"embeddable":true,"href":"https:\/\/grupoquero.pt\/loja\/wp-json\/wp\/v2\/media\/27703"}],"wp:attachment":[{"href":"https:\/\/grupoquero.pt\/loja\/wp-json\/wp\/v2\/media?parent=7477"}],"wp:term":[{"taxonomy":"product_brand","embeddable":true,"href":"https:\/\/grupoquero.pt\/loja\/wp-json\/wp\/v2\/product_brand?post=7477"},{"taxonomy":"product_cat","embeddable":true,"href":"https:\/\/grupoquero.pt\/loja\/wp-json\/wp\/v2\/product_cat?post=7477"},{"taxonomy":"product_tag","embeddable":true,"href":"https:\/\/grupoquero.pt\/loja\/wp-json\/wp\/v2\/product_tag?post=7477"}],"curies":[{"name":"wp","href":"https:\/\/api.w.org\/{rel}","templated":true}]}}