{"id":6993,"date":"2025-10-01T18:25:44","date_gmt":"2025-10-01T17:25:44","guid":{"rendered":"https:\/\/grupoquero.pt\/loja\/?post_type=product&#038;p=6993"},"modified":"2025-10-11T16:58:40","modified_gmt":"2025-10-11T15:58:40","slug":"sweat-com-capuz-unisexo","status":"publish","type":"product","link":"https:\/\/grupoquero.pt\/loja\/produto\/sweat-com-capuz-unisexo\/","title":{"rendered":"Sweat com Capuz Unissexo + Personaliza\u00e7\u00e3o"},"content":{"rendered":"<p>\u2022 Sweat com capuz unissexo<br \/>\n\u2022 Bolso canguru e cord\u00e3o a condizer<br \/>\n\u2022 300grs.<br \/>\n\u2022 65% Poli\u00e9ster \/ 35% Algod\u00e3o<br \/>\n<strong>\u2022 Tamanhos:<\/strong> XS ao 3XL<\/p>\n<p><a href=\"https:\/\/grupoquero.pt\/loja\/wp-content\/uploads\/datasheet_SWRAKNG.pdf\" target=\"_blank\" rel=\"noopener\"><img decoding=\"async\" class=\"alignnone size-full wp-image-7101\" src=\"https:\/\/grupoquero.pt\/loja\/wp-content\/uploads\/2020\/11\/BT-FichaTecnica.png\" alt=\"\" width=\"148\" height=\"49\" \/><\/a><\/p>\n","protected":false},"excerpt":{"rendered":"<p><em><span style=\"color: #0000ff;\">Pre\u00e7o Indicado Para\u00a0<strong>Uma Unidade.<\/strong>\u00a0Descontos para encomendas acima desta quantidade.<\/span><br \/>\nSweat com capuz unissexo<\/em><br \/>\n<em>Usar ou personalizar antes de vestir<\/em><\/p>\n","protected":false},"featured_media":23038,"comment_status":"open","ping_status":"closed","template":"","meta":{"inline_featured_image":false,"site-sidebar-layout":"default","site-content-layout":"default","ast-site-content-layout":"default","site-content-style":"default","site-sidebar-style":"default","ast-global-header-display":"","ast-banner-title-visibility":"","ast-main-header-display":"","ast-hfb-above-header-display":"","ast-hfb-below-header-display":"","ast-hfb-mobile-header-display":"","site-post-title":"","ast-breadcrumbs-content":"","ast-featured-img":"","footer-sml-layout":"","ast-disable-related-posts":"","theme-transparent-header-meta":"default","adv-header-id-meta":"","stick-header-meta":"","header-above-stick-meta":"","header-main-stick-meta":"","header-below-stick-meta":"","astra-migrate-meta-layouts":"set","ast-page-background-enabled":"default","ast-page-background-meta":{"desktop":{"background-color":"","background-image":"","background-repeat":"repeat","background-position":"center center","background-size":"auto","background-attachment":"scroll","background-type":"","background-media":"","overlay-type":"","overlay-color":"","overlay-opacity":"","overlay-gradient":""},"tablet":{"background-color":"","background-image":"","background-repeat":"repeat","background-position":"center center","background-size":"auto","background-attachment":"scroll","background-type":"","background-media":"","overlay-type":"","overlay-color":"","overlay-opacity":"","overlay-gradient":""},"mobile":{"background-color":"","background-image":"","background-repeat":"repeat","background-position":"center center","background-size":"auto","background-attachment":"scroll","background-type":"","background-media":"","overlay-type":"","overlay-color":"","overlay-opacity":"","overlay-gradient":""}},"ast-content-background-meta":{"desktop":{"background-color":"var(--ast-global-color-5)","background-image":"","background-repeat":"repeat","background-position":"center center","background-size":"auto","background-attachment":"scroll","background-type":"","background-media":"","overlay-type":"","overlay-color":"","overlay-opacity":"","overlay-gradient":""},"tablet":{"background-color":"var(--ast-global-color-5)","background-image":"","background-repeat":"repeat","background-position":"center center","background-size":"auto","background-attachment":"scroll","background-type":"","background-media":"","overlay-type":"","overlay-color":"","overlay-opacity":"","overlay-gradient":""},"mobile":{"background-color":"var(--ast-global-color-5)","background-image":"","background-repeat":"repeat","background-position":"center center","background-size":"auto","background-attachment":"scroll","background-type":"","background-media":"","overlay-type":"","overlay-color":"","overlay-opacity":"","overlay-gradient":""}}},"product_brand":[80],"product_cat":[565,280,608],"product_tag":[542],"class_list":{"0":"post-6993","1":"product","2":"type-product","3":"status-publish","4":"has-post-thumbnail","6":"product_brand-querotshirt","7":"product_cat-homem","8":"product_cat-sweats-com-capuz","9":"product_cat-vestuario","10":"product_tag-querotshirt","11":"pa_color-amarelo-sy","12":"pa_color-azul-claro-sk","13":"pa_color-azul-marinho-ny","14":"pa_color-azul-royal-rb","15":"pa_color-branco-wh","16":"pa_color-cinzento-claro-mesclado-gm","17":"pa_color-cinzento-zinco-zc","18":"pa_color-denim-dn","19":"pa_color-laranja-or","20":"pa_color-preto-bk","21":"pa_color-purple-pu","22":"pa_color-verde-garrafa-bg","23":"pa_color-verde-kely-kg","24":"pa_color-vermelho-rd","25":"pa_size-3xl","26":"pa_size-l","27":"pa_size-m","28":"pa_size-s","29":"pa_size-xl","30":"pa_size-xs","31":"pa_size-xxl","32":"desktop-align-left","33":"tablet-align-center","34":"mobile-align-center","36":"first","37":"instock","38":"taxable","39":"shipping-taxable","40":"purchasable","41":"product-type-variable"},"yoast_head":"<!-- This site is optimized with the Yoast SEO plugin v27.4 - https:\/\/yoast.com\/product\/yoast-seo-wordpress\/ -->\n<title>Sweat com Capuz Unissexo + Personaliza\u00e7\u00e3o - grupoQUERO<\/title>\n<meta name=\"description\" content=\"Sweat com capuz, algod\u00e3o 300grs. + personaliza\u00e7\u00e3o. queroTSHIRT - atelier grupoQUERO\" \/>\n<meta name=\"robots\" content=\"index, follow, max-snippet:-1, max-image-preview:large, max-video-preview:-1\" \/>\n<link rel=\"canonical\" href=\"https:\/\/grupoquero.pt\/loja\/produto\/sweat-com-capuz-unisexo\/\" \/>\n<meta property=\"og:locale\" content=\"pt_PT\" \/>\n<meta property=\"og:type\" content=\"article\" \/>\n<meta property=\"og:title\" content=\"Sweat com Capuz Unissexo + Personaliza\u00e7\u00e3o - grupoQUERO\" \/>\n<meta property=\"og:description\" content=\"Sweat com capuz, algod\u00e3o 300grs. + personaliza\u00e7\u00e3o. queroTSHIRT - atelier grupoQUERO\" \/>\n<meta property=\"og:url\" content=\"https:\/\/grupoquero.pt\/loja\/produto\/sweat-com-capuz-unisexo\/\" \/>\n<meta property=\"og:site_name\" content=\"grupoQUERO\" \/>\n<meta property=\"article:publisher\" content=\"https:\/\/www.facebook.com\/grupoquero.pt\" \/>\n<meta property=\"article:modified_time\" content=\"2025-10-11T15:58:40+00:00\" \/>\n<meta property=\"og:image\" content=\"https:\/\/grupoquero.pt\/loja\/wp-content\/uploads\/swcapuz.jpg\" \/>\n\t<meta property=\"og:image:width\" content=\"546\" \/>\n\t<meta property=\"og:image:height\" content=\"693\" \/>\n\t<meta property=\"og:image:type\" content=\"image\/jpeg\" \/>\n<meta name=\"twitter:card\" content=\"summary_large_image\" \/>\n<meta name=\"twitter:label1\" content=\"Tempo estimado de leitura\" \/>\n\t<meta name=\"twitter:data1\" content=\"1 minuto\" \/>\n<script type=\"application\/ld+json\" class=\"yoast-schema-graph\">{\"@context\":\"https:\\\/\\\/schema.org\",\"@graph\":[{\"@type\":\"WebPage\",\"@id\":\"https:\\\/\\\/grupoquero.pt\\\/loja\\\/produto\\\/sweat-com-capuz-unisexo\\\/\",\"url\":\"https:\\\/\\\/grupoquero.pt\\\/loja\\\/produto\\\/sweat-com-capuz-unisexo\\\/\",\"name\":\"Sweat com Capuz Unissexo + Personaliza\u00e7\u00e3o - grupoQUERO\",\"isPartOf\":{\"@id\":\"https:\\\/\\\/grupoquero.pt\\\/loja\\\/#website\"},\"primaryImageOfPage\":{\"@id\":\"https:\\\/\\\/grupoquero.pt\\\/loja\\\/produto\\\/sweat-com-capuz-unisexo\\\/#primaryimage\"},\"image\":{\"@id\":\"https:\\\/\\\/grupoquero.pt\\\/loja\\\/produto\\\/sweat-com-capuz-unisexo\\\/#primaryimage\"},\"thumbnailUrl\":\"https:\\\/\\\/grupoquero.pt\\\/loja\\\/wp-content\\\/uploads\\\/swcapuz.jpg\",\"datePublished\":\"2025-10-01T17:25:44+00:00\",\"dateModified\":\"2025-10-11T15:58:40+00:00\",\"description\":\"Sweat com capuz, algod\u00e3o 300grs. + personaliza\u00e7\u00e3o. queroTSHIRT - atelier grupoQUERO\",\"breadcrumb\":{\"@id\":\"https:\\\/\\\/grupoquero.pt\\\/loja\\\/produto\\\/sweat-com-capuz-unisexo\\\/#breadcrumb\"},\"inLanguage\":\"pt-PT\",\"potentialAction\":[{\"@type\":\"ReadAction\",\"target\":[\"https:\\\/\\\/grupoquero.pt\\\/loja\\\/produto\\\/sweat-com-capuz-unisexo\\\/\"]}]},{\"@type\":\"ImageObject\",\"inLanguage\":\"pt-PT\",\"@id\":\"https:\\\/\\\/grupoquero.pt\\\/loja\\\/produto\\\/sweat-com-capuz-unisexo\\\/#primaryimage\",\"url\":\"https:\\\/\\\/grupoquero.pt\\\/loja\\\/wp-content\\\/uploads\\\/swcapuz.jpg\",\"contentUrl\":\"https:\\\/\\\/grupoquero.pt\\\/loja\\\/wp-content\\\/uploads\\\/swcapuz.jpg\",\"width\":546,\"height\":693,\"caption\":\"sweat capuz - queroTSHIRT\"},{\"@type\":\"BreadcrumbList\",\"@id\":\"https:\\\/\\\/grupoquero.pt\\\/loja\\\/produto\\\/sweat-com-capuz-unisexo\\\/#breadcrumb\",\"itemListElement\":[{\"@type\":\"ListItem\",\"position\":1,\"name\":\"Home\",\"item\":\"https:\\\/\\\/grupoquero.pt\\\/loja\\\/\"},{\"@type\":\"ListItem\",\"position\":2,\"name\":\"Loja Online\",\"item\":\"https:\\\/\\\/grupoquero.pt\\\/loja\\\/shop\\\/\"},{\"@type\":\"ListItem\",\"position\":3,\"name\":\"Sweat com Capuz Unissexo + Personaliza\u00e7\u00e3o\"}]},{\"@type\":\"WebSite\",\"@id\":\"https:\\\/\\\/grupoquero.pt\\\/loja\\\/#website\",\"url\":\"https:\\\/\\\/grupoquero.pt\\\/loja\\\/\",\"name\":\"grupoQUERO - atelier\",\"description\":\"webdesign, Personaliza\u00e7\u00e3o e Print\",\"publisher\":{\"@id\":\"https:\\\/\\\/grupoquero.pt\\\/loja\\\/#organization\"},\"potentialAction\":[{\"@type\":\"SearchAction\",\"target\":{\"@type\":\"EntryPoint\",\"urlTemplate\":\"https:\\\/\\\/grupoquero.pt\\\/loja\\\/?s={search_term_string}\"},\"query-input\":{\"@type\":\"PropertyValueSpecification\",\"valueRequired\":true,\"valueName\":\"search_term_string\"}}],\"inLanguage\":\"pt-PT\"},{\"@type\":\"Organization\",\"@id\":\"https:\\\/\\\/grupoquero.pt\\\/loja\\\/#organization\",\"name\":\"grupoQUERO - atelier\",\"url\":\"https:\\\/\\\/grupoquero.pt\\\/loja\\\/\",\"logo\":{\"@type\":\"ImageObject\",\"inLanguage\":\"pt-PT\",\"@id\":\"https:\\\/\\\/grupoquero.pt\\\/loja\\\/#\\\/schema\\\/logo\\\/image\\\/\",\"url\":\"https:\\\/\\\/grupoquero.pt\\\/loja\\\/wp-content\\\/uploads\\\/Logotipo-grupoQUERO-1.png\",\"contentUrl\":\"https:\\\/\\\/grupoquero.pt\\\/loja\\\/wp-content\\\/uploads\\\/Logotipo-grupoQUERO-1.png\",\"width\":413,\"height\":148,\"caption\":\"grupoQUERO - atelier\"},\"image\":{\"@id\":\"https:\\\/\\\/grupoquero.pt\\\/loja\\\/#\\\/schema\\\/logo\\\/image\\\/\"},\"sameAs\":[\"https:\\\/\\\/www.facebook.com\\\/grupoquero.pt\"]}]}<\/script>\n<!-- \/ Yoast SEO plugin. -->","yoast_head_json":{"title":"Sweat com Capuz Unissexo + Personaliza\u00e7\u00e3o - grupoQUERO","description":"Sweat com capuz, algod\u00e3o 300grs. + personaliza\u00e7\u00e3o. queroTSHIRT - atelier grupoQUERO","robots":{"index":"index","follow":"follow","max-snippet":"max-snippet:-1","max-image-preview":"max-image-preview:large","max-video-preview":"max-video-preview:-1"},"canonical":"https:\/\/grupoquero.pt\/loja\/produto\/sweat-com-capuz-unisexo\/","og_locale":"pt_PT","og_type":"article","og_title":"Sweat com Capuz Unissexo + Personaliza\u00e7\u00e3o - grupoQUERO","og_description":"Sweat com capuz, algod\u00e3o 300grs. + personaliza\u00e7\u00e3o. queroTSHIRT - atelier grupoQUERO","og_url":"https:\/\/grupoquero.pt\/loja\/produto\/sweat-com-capuz-unisexo\/","og_site_name":"grupoQUERO","article_publisher":"https:\/\/www.facebook.com\/grupoquero.pt","article_modified_time":"2025-10-11T15:58:40+00:00","og_image":[{"width":546,"height":693,"url":"https:\/\/grupoquero.pt\/loja\/wp-content\/uploads\/swcapuz.jpg","type":"image\/jpeg"}],"twitter_card":"summary_large_image","twitter_misc":{"Tempo estimado de leitura":"1 minuto"},"schema":{"@context":"https:\/\/schema.org","@graph":[{"@type":"WebPage","@id":"https:\/\/grupoquero.pt\/loja\/produto\/sweat-com-capuz-unisexo\/","url":"https:\/\/grupoquero.pt\/loja\/produto\/sweat-com-capuz-unisexo\/","name":"Sweat com Capuz Unissexo + Personaliza\u00e7\u00e3o - grupoQUERO","isPartOf":{"@id":"https:\/\/grupoquero.pt\/loja\/#website"},"primaryImageOfPage":{"@id":"https:\/\/grupoquero.pt\/loja\/produto\/sweat-com-capuz-unisexo\/#primaryimage"},"image":{"@id":"https:\/\/grupoquero.pt\/loja\/produto\/sweat-com-capuz-unisexo\/#primaryimage"},"thumbnailUrl":"https:\/\/grupoquero.pt\/loja\/wp-content\/uploads\/swcapuz.jpg","datePublished":"2025-10-01T17:25:44+00:00","dateModified":"2025-10-11T15:58:40+00:00","description":"Sweat com capuz, algod\u00e3o 300grs. + personaliza\u00e7\u00e3o. queroTSHIRT - atelier grupoQUERO","breadcrumb":{"@id":"https:\/\/grupoquero.pt\/loja\/produto\/sweat-com-capuz-unisexo\/#breadcrumb"},"inLanguage":"pt-PT","potentialAction":[{"@type":"ReadAction","target":["https:\/\/grupoquero.pt\/loja\/produto\/sweat-com-capuz-unisexo\/"]}]},{"@type":"ImageObject","inLanguage":"pt-PT","@id":"https:\/\/grupoquero.pt\/loja\/produto\/sweat-com-capuz-unisexo\/#primaryimage","url":"https:\/\/grupoquero.pt\/loja\/wp-content\/uploads\/swcapuz.jpg","contentUrl":"https:\/\/grupoquero.pt\/loja\/wp-content\/uploads\/swcapuz.jpg","width":546,"height":693,"caption":"sweat capuz - queroTSHIRT"},{"@type":"BreadcrumbList","@id":"https:\/\/grupoquero.pt\/loja\/produto\/sweat-com-capuz-unisexo\/#breadcrumb","itemListElement":[{"@type":"ListItem","position":1,"name":"Home","item":"https:\/\/grupoquero.pt\/loja\/"},{"@type":"ListItem","position":2,"name":"Loja Online","item":"https:\/\/grupoquero.pt\/loja\/shop\/"},{"@type":"ListItem","position":3,"name":"Sweat com Capuz Unissexo + Personaliza\u00e7\u00e3o"}]},{"@type":"WebSite","@id":"https:\/\/grupoquero.pt\/loja\/#website","url":"https:\/\/grupoquero.pt\/loja\/","name":"grupoQUERO - atelier","description":"webdesign, Personaliza\u00e7\u00e3o e Print","publisher":{"@id":"https:\/\/grupoquero.pt\/loja\/#organization"},"potentialAction":[{"@type":"SearchAction","target":{"@type":"EntryPoint","urlTemplate":"https:\/\/grupoquero.pt\/loja\/?s={search_term_string}"},"query-input":{"@type":"PropertyValueSpecification","valueRequired":true,"valueName":"search_term_string"}}],"inLanguage":"pt-PT"},{"@type":"Organization","@id":"https:\/\/grupoquero.pt\/loja\/#organization","name":"grupoQUERO - atelier","url":"https:\/\/grupoquero.pt\/loja\/","logo":{"@type":"ImageObject","inLanguage":"pt-PT","@id":"https:\/\/grupoquero.pt\/loja\/#\/schema\/logo\/image\/","url":"https:\/\/grupoquero.pt\/loja\/wp-content\/uploads\/Logotipo-grupoQUERO-1.png","contentUrl":"https:\/\/grupoquero.pt\/loja\/wp-content\/uploads\/Logotipo-grupoQUERO-1.png","width":413,"height":148,"caption":"grupoQUERO - atelier"},"image":{"@id":"https:\/\/grupoquero.pt\/loja\/#\/schema\/logo\/image\/"},"sameAs":["https:\/\/www.facebook.com\/grupoquero.pt"]}]}},"_links":{"self":[{"href":"https:\/\/grupoquero.pt\/loja\/wp-json\/wp\/v2\/product\/6993","targetHints":{"allow":["GET"]}}],"collection":[{"href":"https:\/\/grupoquero.pt\/loja\/wp-json\/wp\/v2\/product"}],"about":[{"href":"https:\/\/grupoquero.pt\/loja\/wp-json\/wp\/v2\/types\/product"}],"replies":[{"embeddable":true,"href":"https:\/\/grupoquero.pt\/loja\/wp-json\/wp\/v2\/comments?post=6993"}],"wp:featuredmedia":[{"embeddable":true,"href":"https:\/\/grupoquero.pt\/loja\/wp-json\/wp\/v2\/media\/23038"}],"wp:attachment":[{"href":"https:\/\/grupoquero.pt\/loja\/wp-json\/wp\/v2\/media?parent=6993"}],"wp:term":[{"taxonomy":"product_brand","embeddable":true,"href":"https:\/\/grupoquero.pt\/loja\/wp-json\/wp\/v2\/product_brand?post=6993"},{"taxonomy":"product_cat","embeddable":true,"href":"https:\/\/grupoquero.pt\/loja\/wp-json\/wp\/v2\/product_cat?post=6993"},{"taxonomy":"product_tag","embeddable":true,"href":"https:\/\/grupoquero.pt\/loja\/wp-json\/wp\/v2\/product_tag?post=6993"}],"curies":[{"name":"wp","href":"https:\/\/api.w.org\/{rel}","templated":true}]}}