{"id":19710,"date":"2023-05-06T10:08:07","date_gmt":"2023-05-06T09:08:07","guid":{"rendered":"https:\/\/grupoquero.pt\/loja\/?post_type=product&#038;p=19710"},"modified":"2023-11-09T15:03:41","modified_gmt":"2023-11-09T15:03:41","slug":"webmail-profissional-querosite","status":"publish","type":"product","link":"https:\/\/grupoquero.pt\/loja\/produto\/webmail-profissional-querosite\/","title":{"rendered":"Webmail Profissional queroSITE &#8211; anual"},"content":{"rendered":"<p>\u2022 Caixa de Email 25GB<br \/>\n\u2022 Painel de Controlo<br \/>\n\u2022 Calend\u00e1rio<br \/>\n\u2022 <span class=\"text-blue\">Backups<\/span>\u00a0Di\u00e1rios\u00a0<small>(\u00faltimos\u00a0<span class=\"text-blue\">5 dias<\/span>\u00a0)<\/small><br \/>\n\u2022 Op\u00e7\u00f5es adicionais como Auto-respostas ilimitadas, alias de email e catch all configura\u00e7\u00f5es no webmail.<br \/>\n\u2022 Suporte real e em Portugu\u00eas dispon\u00edvel 7 dias por semana por email ou telefone.<br \/>\n<span style=\"color: #ff0000;\"><br \/>\nobs. Valor ANUAL renov\u00e1vel<\/span><\/p>\n","protected":false},"excerpt":{"rendered":"<p><em><span style=\"color: #339966;\">webmail <strong>pro <\/strong>para clientes que procuram comunicar com nome proprio<\/span><\/em><\/p>\n","protected":false},"featured_media":19705,"comment_status":"open","ping_status":"closed","template":"","meta":{"inline_featured_image":false,"site-sidebar-layout":"default","site-content-layout":"default","ast-site-content-layout":"default","site-content-style":"default","site-sidebar-style":"default","ast-global-header-display":"","ast-banner-title-visibility":"","ast-main-header-display":"","ast-hfb-above-header-display":"","ast-hfb-below-header-display":"","ast-hfb-mobile-header-display":"","site-post-title":"","ast-breadcrumbs-content":"","ast-featured-img":"","footer-sml-layout":"","ast-disable-related-posts":"","theme-transparent-header-meta":"default","adv-header-id-meta":"","stick-header-meta":"","header-above-stick-meta":"","header-main-stick-meta":"","header-below-stick-meta":"","astra-migrate-meta-layouts":"set","ast-page-background-enabled":"default","ast-page-background-meta":{"desktop":{"background-color":"","background-image":"","background-repeat":"repeat","background-position":"center center","background-size":"auto","background-attachment":"scroll","background-type":"","background-media":"","overlay-type":"","overlay-color":"","overlay-opacity":"","overlay-gradient":""},"tablet":{"background-color":"","background-image":"","background-repeat":"repeat","background-position":"center center","background-size":"auto","background-attachment":"scroll","background-type":"","background-media":"","overlay-type":"","overlay-color":"","overlay-opacity":"","overlay-gradient":""},"mobile":{"background-color":"","background-image":"","background-repeat":"repeat","background-position":"center center","background-size":"auto","background-attachment":"scroll","background-type":"","background-media":"","overlay-type":"","overlay-color":"","overlay-opacity":"","overlay-gradient":""}},"ast-content-background-meta":{"desktop":{"background-color":"var(--ast-global-color-5)","background-image":"","background-repeat":"repeat","background-position":"center center","background-size":"auto","background-attachment":"scroll","background-type":"","background-media":"","overlay-type":"","overlay-color":"","overlay-opacity":"","overlay-gradient":""},"tablet":{"background-color":"var(--ast-global-color-5)","background-image":"","background-repeat":"repeat","background-position":"center center","background-size":"auto","background-attachment":"scroll","background-type":"","background-media":"","overlay-type":"","overlay-color":"","overlay-opacity":"","overlay-gradient":""},"mobile":{"background-color":"var(--ast-global-color-5)","background-image":"","background-repeat":"repeat","background-position":"center center","background-size":"auto","background-attachment":"scroll","background-type":"","background-media":"","overlay-type":"","overlay-color":"","overlay-opacity":"","overlay-gradient":""}}},"product_brand":[],"product_cat":[570],"product_tag":[543],"class_list":{"0":"post-19710","1":"product","2":"type-product","3":"status-publish","4":"has-post-thumbnail","6":"product_cat-webmail-pro","7":"product_tag-querosite","8":"desktop-align-left","9":"tablet-align-center","10":"mobile-align-center","12":"first","13":"instock","14":"sale","15":"taxable","16":"shipping-taxable","17":"purchasable","18":"product-type-simple"},"yoast_head":"<!-- This site is optimized with the Yoast SEO plugin v27.4 - https:\/\/yoast.com\/product\/yoast-seo-wordpress\/ -->\n<title>Webmail Profissional queroSITE - anual - grupoQUERO<\/title>\n<meta name=\"description\" content=\"Webmail profissional queroSITE para clientes exigentes que querem comunicar com nome proprio ou marca, de forma distinta e eficaz\" \/>\n<meta name=\"robots\" content=\"index, follow, max-snippet:-1, max-image-preview:large, max-video-preview:-1\" \/>\n<link rel=\"canonical\" href=\"https:\/\/grupoquero.pt\/loja\/produto\/webmail-profissional-querosite\/\" \/>\n<meta property=\"og:locale\" content=\"pt_PT\" \/>\n<meta property=\"og:type\" content=\"article\" \/>\n<meta property=\"og:title\" content=\"Webmail Profissional queroSITE - anual - grupoQUERO\" \/>\n<meta property=\"og:description\" content=\"Webmail profissional queroSITE para clientes exigentes que querem comunicar com nome proprio ou marca, de forma distinta e eficaz\" \/>\n<meta property=\"og:url\" content=\"https:\/\/grupoquero.pt\/loja\/produto\/webmail-profissional-querosite\/\" \/>\n<meta property=\"og:site_name\" content=\"grupoQUERO\" \/>\n<meta property=\"article:publisher\" content=\"https:\/\/www.facebook.com\/grupoquero.pt\" \/>\n<meta property=\"article:modified_time\" content=\"2023-11-09T15:03:41+00:00\" \/>\n<meta property=\"og:image\" content=\"https:\/\/grupoquero.pt\/loja\/wp-content\/uploads\/pic-webmailPro.png\" \/>\n\t<meta property=\"og:image:width\" content=\"500\" \/>\n\t<meta property=\"og:image:height\" content=\"500\" \/>\n\t<meta property=\"og:image:type\" content=\"image\/png\" \/>\n<meta name=\"twitter:card\" content=\"summary_large_image\" \/>\n<meta name=\"twitter:label1\" content=\"Tempo estimado de leitura\" \/>\n\t<meta name=\"twitter:data1\" content=\"1 minuto\" \/>\n<script type=\"application\/ld+json\" class=\"yoast-schema-graph\">{\"@context\":\"https:\\\/\\\/schema.org\",\"@graph\":[{\"@type\":\"WebPage\",\"@id\":\"https:\\\/\\\/grupoquero.pt\\\/loja\\\/produto\\\/webmail-profissional-querosite\\\/\",\"url\":\"https:\\\/\\\/grupoquero.pt\\\/loja\\\/produto\\\/webmail-profissional-querosite\\\/\",\"name\":\"Webmail Profissional queroSITE - anual - grupoQUERO\",\"isPartOf\":{\"@id\":\"https:\\\/\\\/grupoquero.pt\\\/loja\\\/#website\"},\"primaryImageOfPage\":{\"@id\":\"https:\\\/\\\/grupoquero.pt\\\/loja\\\/produto\\\/webmail-profissional-querosite\\\/#primaryimage\"},\"image\":{\"@id\":\"https:\\\/\\\/grupoquero.pt\\\/loja\\\/produto\\\/webmail-profissional-querosite\\\/#primaryimage\"},\"thumbnailUrl\":\"https:\\\/\\\/grupoquero.pt\\\/loja\\\/wp-content\\\/uploads\\\/pic-webmailPro.png\",\"datePublished\":\"2023-05-06T09:08:07+00:00\",\"dateModified\":\"2023-11-09T15:03:41+00:00\",\"description\":\"Webmail profissional queroSITE para clientes exigentes que querem comunicar com nome proprio ou marca, de forma distinta e eficaz\",\"breadcrumb\":{\"@id\":\"https:\\\/\\\/grupoquero.pt\\\/loja\\\/produto\\\/webmail-profissional-querosite\\\/#breadcrumb\"},\"inLanguage\":\"pt-PT\",\"potentialAction\":[{\"@type\":\"ReadAction\",\"target\":[\"https:\\\/\\\/grupoquero.pt\\\/loja\\\/produto\\\/webmail-profissional-querosite\\\/\"]}]},{\"@type\":\"ImageObject\",\"inLanguage\":\"pt-PT\",\"@id\":\"https:\\\/\\\/grupoquero.pt\\\/loja\\\/produto\\\/webmail-profissional-querosite\\\/#primaryimage\",\"url\":\"https:\\\/\\\/grupoquero.pt\\\/loja\\\/wp-content\\\/uploads\\\/pic-webmailPro.png\",\"contentUrl\":\"https:\\\/\\\/grupoquero.pt\\\/loja\\\/wp-content\\\/uploads\\\/pic-webmailPro.png\",\"width\":500,\"height\":500,\"caption\":\"webmail profissional - queroSITE\"},{\"@type\":\"BreadcrumbList\",\"@id\":\"https:\\\/\\\/grupoquero.pt\\\/loja\\\/produto\\\/webmail-profissional-querosite\\\/#breadcrumb\",\"itemListElement\":[{\"@type\":\"ListItem\",\"position\":1,\"name\":\"Home\",\"item\":\"https:\\\/\\\/grupoquero.pt\\\/loja\\\/\"},{\"@type\":\"ListItem\",\"position\":2,\"name\":\"Loja Online\",\"item\":\"https:\\\/\\\/grupoquero.pt\\\/loja\\\/shop\\\/\"},{\"@type\":\"ListItem\",\"position\":3,\"name\":\"Webmail Profissional queroSITE &#8211; anual\"}]},{\"@type\":\"WebSite\",\"@id\":\"https:\\\/\\\/grupoquero.pt\\\/loja\\\/#website\",\"url\":\"https:\\\/\\\/grupoquero.pt\\\/loja\\\/\",\"name\":\"grupoQUERO - atelier\",\"description\":\"webdesign, Personaliza\u00e7\u00e3o e Print\",\"publisher\":{\"@id\":\"https:\\\/\\\/grupoquero.pt\\\/loja\\\/#organization\"},\"potentialAction\":[{\"@type\":\"SearchAction\",\"target\":{\"@type\":\"EntryPoint\",\"urlTemplate\":\"https:\\\/\\\/grupoquero.pt\\\/loja\\\/?s={search_term_string}\"},\"query-input\":{\"@type\":\"PropertyValueSpecification\",\"valueRequired\":true,\"valueName\":\"search_term_string\"}}],\"inLanguage\":\"pt-PT\"},{\"@type\":\"Organization\",\"@id\":\"https:\\\/\\\/grupoquero.pt\\\/loja\\\/#organization\",\"name\":\"grupoQUERO - atelier\",\"url\":\"https:\\\/\\\/grupoquero.pt\\\/loja\\\/\",\"logo\":{\"@type\":\"ImageObject\",\"inLanguage\":\"pt-PT\",\"@id\":\"https:\\\/\\\/grupoquero.pt\\\/loja\\\/#\\\/schema\\\/logo\\\/image\\\/\",\"url\":\"https:\\\/\\\/grupoquero.pt\\\/loja\\\/wp-content\\\/uploads\\\/Logotipo-grupoQUERO-1.png\",\"contentUrl\":\"https:\\\/\\\/grupoquero.pt\\\/loja\\\/wp-content\\\/uploads\\\/Logotipo-grupoQUERO-1.png\",\"width\":413,\"height\":148,\"caption\":\"grupoQUERO - atelier\"},\"image\":{\"@id\":\"https:\\\/\\\/grupoquero.pt\\\/loja\\\/#\\\/schema\\\/logo\\\/image\\\/\"},\"sameAs\":[\"https:\\\/\\\/www.facebook.com\\\/grupoquero.pt\"]}]}<\/script>\n<!-- \/ Yoast SEO plugin. -->","yoast_head_json":{"title":"Webmail Profissional queroSITE - anual - grupoQUERO","description":"Webmail profissional queroSITE para clientes exigentes que querem comunicar com nome proprio ou marca, de forma distinta e eficaz","robots":{"index":"index","follow":"follow","max-snippet":"max-snippet:-1","max-image-preview":"max-image-preview:large","max-video-preview":"max-video-preview:-1"},"canonical":"https:\/\/grupoquero.pt\/loja\/produto\/webmail-profissional-querosite\/","og_locale":"pt_PT","og_type":"article","og_title":"Webmail Profissional queroSITE - anual - grupoQUERO","og_description":"Webmail profissional queroSITE para clientes exigentes que querem comunicar com nome proprio ou marca, de forma distinta e eficaz","og_url":"https:\/\/grupoquero.pt\/loja\/produto\/webmail-profissional-querosite\/","og_site_name":"grupoQUERO","article_publisher":"https:\/\/www.facebook.com\/grupoquero.pt","article_modified_time":"2023-11-09T15:03:41+00:00","og_image":[{"width":500,"height":500,"url":"https:\/\/grupoquero.pt\/loja\/wp-content\/uploads\/pic-webmailPro.png","type":"image\/png"}],"twitter_card":"summary_large_image","twitter_misc":{"Tempo estimado de leitura":"1 minuto"},"schema":{"@context":"https:\/\/schema.org","@graph":[{"@type":"WebPage","@id":"https:\/\/grupoquero.pt\/loja\/produto\/webmail-profissional-querosite\/","url":"https:\/\/grupoquero.pt\/loja\/produto\/webmail-profissional-querosite\/","name":"Webmail Profissional queroSITE - anual - grupoQUERO","isPartOf":{"@id":"https:\/\/grupoquero.pt\/loja\/#website"},"primaryImageOfPage":{"@id":"https:\/\/grupoquero.pt\/loja\/produto\/webmail-profissional-querosite\/#primaryimage"},"image":{"@id":"https:\/\/grupoquero.pt\/loja\/produto\/webmail-profissional-querosite\/#primaryimage"},"thumbnailUrl":"https:\/\/grupoquero.pt\/loja\/wp-content\/uploads\/pic-webmailPro.png","datePublished":"2023-05-06T09:08:07+00:00","dateModified":"2023-11-09T15:03:41+00:00","description":"Webmail profissional queroSITE para clientes exigentes que querem comunicar com nome proprio ou marca, de forma distinta e eficaz","breadcrumb":{"@id":"https:\/\/grupoquero.pt\/loja\/produto\/webmail-profissional-querosite\/#breadcrumb"},"inLanguage":"pt-PT","potentialAction":[{"@type":"ReadAction","target":["https:\/\/grupoquero.pt\/loja\/produto\/webmail-profissional-querosite\/"]}]},{"@type":"ImageObject","inLanguage":"pt-PT","@id":"https:\/\/grupoquero.pt\/loja\/produto\/webmail-profissional-querosite\/#primaryimage","url":"https:\/\/grupoquero.pt\/loja\/wp-content\/uploads\/pic-webmailPro.png","contentUrl":"https:\/\/grupoquero.pt\/loja\/wp-content\/uploads\/pic-webmailPro.png","width":500,"height":500,"caption":"webmail profissional - queroSITE"},{"@type":"BreadcrumbList","@id":"https:\/\/grupoquero.pt\/loja\/produto\/webmail-profissional-querosite\/#breadcrumb","itemListElement":[{"@type":"ListItem","position":1,"name":"Home","item":"https:\/\/grupoquero.pt\/loja\/"},{"@type":"ListItem","position":2,"name":"Loja Online","item":"https:\/\/grupoquero.pt\/loja\/shop\/"},{"@type":"ListItem","position":3,"name":"Webmail Profissional queroSITE &#8211; anual"}]},{"@type":"WebSite","@id":"https:\/\/grupoquero.pt\/loja\/#website","url":"https:\/\/grupoquero.pt\/loja\/","name":"grupoQUERO - atelier","description":"webdesign, Personaliza\u00e7\u00e3o e Print","publisher":{"@id":"https:\/\/grupoquero.pt\/loja\/#organization"},"potentialAction":[{"@type":"SearchAction","target":{"@type":"EntryPoint","urlTemplate":"https:\/\/grupoquero.pt\/loja\/?s={search_term_string}"},"query-input":{"@type":"PropertyValueSpecification","valueRequired":true,"valueName":"search_term_string"}}],"inLanguage":"pt-PT"},{"@type":"Organization","@id":"https:\/\/grupoquero.pt\/loja\/#organization","name":"grupoQUERO - atelier","url":"https:\/\/grupoquero.pt\/loja\/","logo":{"@type":"ImageObject","inLanguage":"pt-PT","@id":"https:\/\/grupoquero.pt\/loja\/#\/schema\/logo\/image\/","url":"https:\/\/grupoquero.pt\/loja\/wp-content\/uploads\/Logotipo-grupoQUERO-1.png","contentUrl":"https:\/\/grupoquero.pt\/loja\/wp-content\/uploads\/Logotipo-grupoQUERO-1.png","width":413,"height":148,"caption":"grupoQUERO - atelier"},"image":{"@id":"https:\/\/grupoquero.pt\/loja\/#\/schema\/logo\/image\/"},"sameAs":["https:\/\/www.facebook.com\/grupoquero.pt"]}]}},"_links":{"self":[{"href":"https:\/\/grupoquero.pt\/loja\/wp-json\/wp\/v2\/product\/19710","targetHints":{"allow":["GET"]}}],"collection":[{"href":"https:\/\/grupoquero.pt\/loja\/wp-json\/wp\/v2\/product"}],"about":[{"href":"https:\/\/grupoquero.pt\/loja\/wp-json\/wp\/v2\/types\/product"}],"replies":[{"embeddable":true,"href":"https:\/\/grupoquero.pt\/loja\/wp-json\/wp\/v2\/comments?post=19710"}],"wp:featuredmedia":[{"embeddable":true,"href":"https:\/\/grupoquero.pt\/loja\/wp-json\/wp\/v2\/media\/19705"}],"wp:attachment":[{"href":"https:\/\/grupoquero.pt\/loja\/wp-json\/wp\/v2\/media?parent=19710"}],"wp:term":[{"taxonomy":"product_brand","embeddable":true,"href":"https:\/\/grupoquero.pt\/loja\/wp-json\/wp\/v2\/product_brand?post=19710"},{"taxonomy":"product_cat","embeddable":true,"href":"https:\/\/grupoquero.pt\/loja\/wp-json\/wp\/v2\/product_cat?post=19710"},{"taxonomy":"product_tag","embeddable":true,"href":"https:\/\/grupoquero.pt\/loja\/wp-json\/wp\/v2\/product_tag?post=19710"}],"curies":[{"name":"wp","href":"https:\/\/api.w.org\/{rel}","templated":true}]}}