{"id":15857,"date":"2020-07-28T17:56:38","date_gmt":"2020-07-28T16:56:38","guid":{"rendered":"https:\/\/grupoquero.pt\/loja\/?post_type=product&#038;p=15857"},"modified":"2024-02-11T15:01:05","modified_gmt":"2024-02-11T15:01:05","slug":"bermuda-cintura-ajustavel-com-elastico-multibolsos","status":"publish","type":"product","link":"https:\/\/grupoquero.pt\/loja\/produto\/bermuda-cintura-ajustavel-com-elastico-multibolsos\/","title":{"rendered":"Bermuda Cintura ajust\u00e1vel com el\u00e1stico, multibolsos"},"content":{"rendered":"<div class=\"pagelayer-text\">\n<div class=\"pagelayer-text-holder\">\n<div class=\"pagelayer-text\">\n<div class=\"pagelayer-text-holder\">\n<div class=\"pagelayer-text\">\n<div class=\"pagelayer-text-holder\">\n<div class=\"pagelayer-text\">\n<div class=\"pagelayer-text-holder\">\n<p>\u2022 Bermuda de Trabalho<br \/>\n\u2022 Cintura ajust\u00e1vel com el\u00e1stico<br \/>\n\u2022 Multibolsos<br \/>\n\u2022 Fecho de bot\u00e3o e braguilha de fecho de correr<br \/>\n\u2022 65% poli\u00e9ster e 35% algod\u00e3o<\/p>\n<\/div>\n<\/div>\n<\/div>\n<\/div>\n<div class=\"pagelayer-text\">\n<div><a href=\"https:\/\/grupoquero.pt\/loja\/wp-content\/uploads\/FT-Bermuda_QTB14W05.pdf\" target=\"_blank\" rel=\"noopener\"><img decoding=\"async\" class=\"alignnone wp-image-7101 size-full\" src=\"https:\/\/grupoquero.pt\/loja\/wp-content\/uploads\/2020\/11\/BT-FichaTecnica.png\" alt=\"\" width=\"148\" height=\"49\" \/><\/a><\/div>\n<\/div>\n<\/div>\n<\/div>\n<\/div>\n<\/div>\n","protected":false},"excerpt":{"rendered":"<p><i><span style=\"color: #0000ff;\"><strong>Artigo Por Encomenda<\/strong><\/span><br \/>\nO Modelo preferido pelas empresas que procuram pre\u00e7o e extrema qualidade\/resist\u00eancia<\/i><\/p>\n","protected":false},"featured_media":15884,"comment_status":"open","ping_status":"closed","template":"","meta":{"inline_featured_image":false,"site-sidebar-layout":"default","site-content-layout":"","ast-site-content-layout":"default","site-content-style":"default","site-sidebar-style":"default","ast-global-header-display":"","ast-banner-title-visibility":"","ast-main-header-display":"","ast-hfb-above-header-display":"","ast-hfb-below-header-display":"","ast-hfb-mobile-header-display":"","site-post-title":"","ast-breadcrumbs-content":"","ast-featured-img":"","footer-sml-layout":"","ast-disable-related-posts":"","theme-transparent-header-meta":"default","adv-header-id-meta":"","stick-header-meta":"","header-above-stick-meta":"","header-main-stick-meta":"","header-below-stick-meta":"","astra-migrate-meta-layouts":"set","ast-page-background-enabled":"default","ast-page-background-meta":{"desktop":{"background-color":"","background-image":"","background-repeat":"repeat","background-position":"center center","background-size":"auto","background-attachment":"scroll","background-type":"","background-media":"","overlay-type":"","overlay-color":"","overlay-opacity":"","overlay-gradient":""},"tablet":{"background-color":"","background-image":"","background-repeat":"repeat","background-position":"center center","background-size":"auto","background-attachment":"scroll","background-type":"","background-media":"","overlay-type":"","overlay-color":"","overlay-opacity":"","overlay-gradient":""},"mobile":{"background-color":"","background-image":"","background-repeat":"repeat","background-position":"center center","background-size":"auto","background-attachment":"scroll","background-type":"","background-media":"","overlay-type":"","overlay-color":"","overlay-opacity":"","overlay-gradient":""}},"ast-content-background-meta":{"desktop":{"background-color":"var(--ast-global-color-5)","background-image":"","background-repeat":"repeat","background-position":"center center","background-size":"auto","background-attachment":"scroll","background-type":"","background-media":"","overlay-type":"","overlay-color":"","overlay-opacity":"","overlay-gradient":""},"tablet":{"background-color":"var(--ast-global-color-5)","background-image":"","background-repeat":"repeat","background-position":"center center","background-size":"auto","background-attachment":"scroll","background-type":"","background-media":"","overlay-type":"","overlay-color":"","overlay-opacity":"","overlay-gradient":""},"mobile":{"background-color":"var(--ast-global-color-5)","background-image":"","background-repeat":"repeat","background-position":"center center","background-size":"auto","background-attachment":"scroll","background-type":"","background-media":"","overlay-type":"","overlay-color":"","overlay-opacity":"","overlay-gradient":""}}},"product_brand":[80],"product_cat":[520,307,304,565,608],"product_tag":[542],"class_list":{"0":"post-15857","1":"product","2":"type-product","3":"status-publish","4":"has-post-thumbnail","6":"product_brand-querotshirt","7":"product_cat-bermuda","8":"product_cat-calcoes","9":"product_cat-fardamento","10":"product_cat-homem","11":"product_cat-vestuario","12":"product_tag-querotshirt","13":"pa_color-azul-marinho-ny","14":"pa_color-cinzento-zinco-zc","15":"pa_size-201","16":"pa_size-202","17":"pa_size-203","18":"pa_size-204","19":"pa_size-205","20":"pa_size-206","21":"pa_size-207","22":"pa_size-208","23":"desktop-align-left","24":"tablet-align-center","25":"mobile-align-center","27":"first","28":"onbackorder","29":"taxable","30":"shipping-taxable","31":"product-type-variable"},"yoast_head":"<!-- This site is optimized with the Yoast SEO plugin v27.5 - https:\/\/yoast.com\/product\/yoast-seo-wordpress\/ -->\n<title>Bermuda Cintura ajust\u00e1vel com el\u00e1stico, multibolsos - grupoQUERO<\/title>\n<meta name=\"description\" content=\"Bermuda Cintura ajust\u00e1vel com el\u00e1stico, multibolsos\" \/>\n<meta name=\"robots\" content=\"index, follow, max-snippet:-1, max-image-preview:large, max-video-preview:-1\" \/>\n<link rel=\"canonical\" href=\"https:\/\/grupoquero.pt\/loja\/produto\/bermuda-cintura-ajustavel-com-elastico-multibolsos\/\" \/>\n<meta property=\"og:locale\" content=\"pt_PT\" \/>\n<meta property=\"og:type\" content=\"article\" \/>\n<meta property=\"og:title\" content=\"Bermuda Cintura ajust\u00e1vel com el\u00e1stico, multibolsos - grupoQUERO\" \/>\n<meta property=\"og:description\" content=\"Bermuda Cintura ajust\u00e1vel com el\u00e1stico, multibolsos\" \/>\n<meta property=\"og:url\" content=\"https:\/\/grupoquero.pt\/loja\/produto\/bermuda-cintura-ajustavel-com-elastico-multibolsos\/\" \/>\n<meta property=\"og:site_name\" content=\"grupoQUERO\" \/>\n<meta property=\"article:publisher\" content=\"https:\/\/www.facebook.com\/grupoquero.pt\" \/>\n<meta property=\"article:modified_time\" content=\"2024-02-11T15:01:05+00:00\" \/>\n<meta property=\"og:image\" content=\"https:\/\/grupoquero.pt\/loja\/wp-content\/uploads\/Bermuda-B14W05.jpg\" \/>\n\t<meta property=\"og:image:width\" content=\"438\" \/>\n\t<meta property=\"og:image:height\" content=\"524\" \/>\n\t<meta property=\"og:image:type\" content=\"image\/jpeg\" \/>\n<meta name=\"twitter:card\" content=\"summary_large_image\" \/>\n<meta name=\"twitter:label1\" content=\"Tempo estimado de leitura\" \/>\n\t<meta name=\"twitter:data1\" content=\"1 minuto\" \/>\n<script type=\"application\/ld+json\" class=\"yoast-schema-graph\">{\"@context\":\"https:\\\/\\\/schema.org\",\"@graph\":[{\"@type\":\"WebPage\",\"@id\":\"https:\\\/\\\/grupoquero.pt\\\/loja\\\/produto\\\/bermuda-cintura-ajustavel-com-elastico-multibolsos\\\/\",\"url\":\"https:\\\/\\\/grupoquero.pt\\\/loja\\\/produto\\\/bermuda-cintura-ajustavel-com-elastico-multibolsos\\\/\",\"name\":\"Bermuda Cintura ajust\u00e1vel com el\u00e1stico, multibolsos - grupoQUERO\",\"isPartOf\":{\"@id\":\"https:\\\/\\\/grupoquero.pt\\\/loja\\\/#website\"},\"primaryImageOfPage\":{\"@id\":\"https:\\\/\\\/grupoquero.pt\\\/loja\\\/produto\\\/bermuda-cintura-ajustavel-com-elastico-multibolsos\\\/#primaryimage\"},\"image\":{\"@id\":\"https:\\\/\\\/grupoquero.pt\\\/loja\\\/produto\\\/bermuda-cintura-ajustavel-com-elastico-multibolsos\\\/#primaryimage\"},\"thumbnailUrl\":\"https:\\\/\\\/grupoquero.pt\\\/loja\\\/wp-content\\\/uploads\\\/Bermuda-B14W05.jpg\",\"datePublished\":\"2020-07-28T16:56:38+00:00\",\"dateModified\":\"2024-02-11T15:01:05+00:00\",\"description\":\"Bermuda Cintura ajust\u00e1vel com el\u00e1stico, multibolsos\",\"breadcrumb\":{\"@id\":\"https:\\\/\\\/grupoquero.pt\\\/loja\\\/produto\\\/bermuda-cintura-ajustavel-com-elastico-multibolsos\\\/#breadcrumb\"},\"inLanguage\":\"pt-PT\",\"potentialAction\":[{\"@type\":\"ReadAction\",\"target\":[\"https:\\\/\\\/grupoquero.pt\\\/loja\\\/produto\\\/bermuda-cintura-ajustavel-com-elastico-multibolsos\\\/\"]}]},{\"@type\":\"ImageObject\",\"inLanguage\":\"pt-PT\",\"@id\":\"https:\\\/\\\/grupoquero.pt\\\/loja\\\/produto\\\/bermuda-cintura-ajustavel-com-elastico-multibolsos\\\/#primaryimage\",\"url\":\"https:\\\/\\\/grupoquero.pt\\\/loja\\\/wp-content\\\/uploads\\\/Bermuda-B14W05.jpg\",\"contentUrl\":\"https:\\\/\\\/grupoquero.pt\\\/loja\\\/wp-content\\\/uploads\\\/Bermuda-B14W05.jpg\",\"width\":438,\"height\":524},{\"@type\":\"BreadcrumbList\",\"@id\":\"https:\\\/\\\/grupoquero.pt\\\/loja\\\/produto\\\/bermuda-cintura-ajustavel-com-elastico-multibolsos\\\/#breadcrumb\",\"itemListElement\":[{\"@type\":\"ListItem\",\"position\":1,\"name\":\"Home\",\"item\":\"https:\\\/\\\/grupoquero.pt\\\/loja\\\/\"},{\"@type\":\"ListItem\",\"position\":2,\"name\":\"Loja Online\",\"item\":\"https:\\\/\\\/grupoquero.pt\\\/loja\\\/shop\\\/\"},{\"@type\":\"ListItem\",\"position\":3,\"name\":\"Bermuda Cintura ajust\u00e1vel com el\u00e1stico, multibolsos\"}]},{\"@type\":\"WebSite\",\"@id\":\"https:\\\/\\\/grupoquero.pt\\\/loja\\\/#website\",\"url\":\"https:\\\/\\\/grupoquero.pt\\\/loja\\\/\",\"name\":\"grupoQUERO - atelier\",\"description\":\"webdesign, Personaliza\u00e7\u00e3o e Print\",\"publisher\":{\"@id\":\"https:\\\/\\\/grupoquero.pt\\\/loja\\\/#organization\"},\"potentialAction\":[{\"@type\":\"SearchAction\",\"target\":{\"@type\":\"EntryPoint\",\"urlTemplate\":\"https:\\\/\\\/grupoquero.pt\\\/loja\\\/?s={search_term_string}\"},\"query-input\":{\"@type\":\"PropertyValueSpecification\",\"valueRequired\":true,\"valueName\":\"search_term_string\"}}],\"inLanguage\":\"pt-PT\"},{\"@type\":\"Organization\",\"@id\":\"https:\\\/\\\/grupoquero.pt\\\/loja\\\/#organization\",\"name\":\"grupoQUERO - atelier\",\"url\":\"https:\\\/\\\/grupoquero.pt\\\/loja\\\/\",\"logo\":{\"@type\":\"ImageObject\",\"inLanguage\":\"pt-PT\",\"@id\":\"https:\\\/\\\/grupoquero.pt\\\/loja\\\/#\\\/schema\\\/logo\\\/image\\\/\",\"url\":\"https:\\\/\\\/grupoquero.pt\\\/loja\\\/wp-content\\\/uploads\\\/GQ-semFundo-scaled.png\",\"contentUrl\":\"https:\\\/\\\/grupoquero.pt\\\/loja\\\/wp-content\\\/uploads\\\/GQ-semFundo-scaled.png\",\"width\":2560,\"height\":1429,\"caption\":\"grupoQUERO - atelier\"},\"image\":{\"@id\":\"https:\\\/\\\/grupoquero.pt\\\/loja\\\/#\\\/schema\\\/logo\\\/image\\\/\"},\"sameAs\":[\"https:\\\/\\\/www.facebook.com\\\/grupoquero.pt\"]}]}<\/script>\n<!-- \/ Yoast SEO plugin. -->","yoast_head_json":{"title":"Bermuda Cintura ajust\u00e1vel com el\u00e1stico, multibolsos - grupoQUERO","description":"Bermuda Cintura ajust\u00e1vel com el\u00e1stico, multibolsos","robots":{"index":"index","follow":"follow","max-snippet":"max-snippet:-1","max-image-preview":"max-image-preview:large","max-video-preview":"max-video-preview:-1"},"canonical":"https:\/\/grupoquero.pt\/loja\/produto\/bermuda-cintura-ajustavel-com-elastico-multibolsos\/","og_locale":"pt_PT","og_type":"article","og_title":"Bermuda Cintura ajust\u00e1vel com el\u00e1stico, multibolsos - grupoQUERO","og_description":"Bermuda Cintura ajust\u00e1vel com el\u00e1stico, multibolsos","og_url":"https:\/\/grupoquero.pt\/loja\/produto\/bermuda-cintura-ajustavel-com-elastico-multibolsos\/","og_site_name":"grupoQUERO","article_publisher":"https:\/\/www.facebook.com\/grupoquero.pt","article_modified_time":"2024-02-11T15:01:05+00:00","og_image":[{"width":438,"height":524,"url":"https:\/\/grupoquero.pt\/loja\/wp-content\/uploads\/Bermuda-B14W05.jpg","type":"image\/jpeg"}],"twitter_card":"summary_large_image","twitter_misc":{"Tempo estimado de leitura":"1 minuto"},"schema":{"@context":"https:\/\/schema.org","@graph":[{"@type":"WebPage","@id":"https:\/\/grupoquero.pt\/loja\/produto\/bermuda-cintura-ajustavel-com-elastico-multibolsos\/","url":"https:\/\/grupoquero.pt\/loja\/produto\/bermuda-cintura-ajustavel-com-elastico-multibolsos\/","name":"Bermuda Cintura ajust\u00e1vel com el\u00e1stico, multibolsos - grupoQUERO","isPartOf":{"@id":"https:\/\/grupoquero.pt\/loja\/#website"},"primaryImageOfPage":{"@id":"https:\/\/grupoquero.pt\/loja\/produto\/bermuda-cintura-ajustavel-com-elastico-multibolsos\/#primaryimage"},"image":{"@id":"https:\/\/grupoquero.pt\/loja\/produto\/bermuda-cintura-ajustavel-com-elastico-multibolsos\/#primaryimage"},"thumbnailUrl":"https:\/\/grupoquero.pt\/loja\/wp-content\/uploads\/Bermuda-B14W05.jpg","datePublished":"2020-07-28T16:56:38+00:00","dateModified":"2024-02-11T15:01:05+00:00","description":"Bermuda Cintura ajust\u00e1vel com el\u00e1stico, multibolsos","breadcrumb":{"@id":"https:\/\/grupoquero.pt\/loja\/produto\/bermuda-cintura-ajustavel-com-elastico-multibolsos\/#breadcrumb"},"inLanguage":"pt-PT","potentialAction":[{"@type":"ReadAction","target":["https:\/\/grupoquero.pt\/loja\/produto\/bermuda-cintura-ajustavel-com-elastico-multibolsos\/"]}]},{"@type":"ImageObject","inLanguage":"pt-PT","@id":"https:\/\/grupoquero.pt\/loja\/produto\/bermuda-cintura-ajustavel-com-elastico-multibolsos\/#primaryimage","url":"https:\/\/grupoquero.pt\/loja\/wp-content\/uploads\/Bermuda-B14W05.jpg","contentUrl":"https:\/\/grupoquero.pt\/loja\/wp-content\/uploads\/Bermuda-B14W05.jpg","width":438,"height":524},{"@type":"BreadcrumbList","@id":"https:\/\/grupoquero.pt\/loja\/produto\/bermuda-cintura-ajustavel-com-elastico-multibolsos\/#breadcrumb","itemListElement":[{"@type":"ListItem","position":1,"name":"Home","item":"https:\/\/grupoquero.pt\/loja\/"},{"@type":"ListItem","position":2,"name":"Loja Online","item":"https:\/\/grupoquero.pt\/loja\/shop\/"},{"@type":"ListItem","position":3,"name":"Bermuda Cintura ajust\u00e1vel com el\u00e1stico, multibolsos"}]},{"@type":"WebSite","@id":"https:\/\/grupoquero.pt\/loja\/#website","url":"https:\/\/grupoquero.pt\/loja\/","name":"grupoQUERO - atelier","description":"webdesign, Personaliza\u00e7\u00e3o e Print","publisher":{"@id":"https:\/\/grupoquero.pt\/loja\/#organization"},"potentialAction":[{"@type":"SearchAction","target":{"@type":"EntryPoint","urlTemplate":"https:\/\/grupoquero.pt\/loja\/?s={search_term_string}"},"query-input":{"@type":"PropertyValueSpecification","valueRequired":true,"valueName":"search_term_string"}}],"inLanguage":"pt-PT"},{"@type":"Organization","@id":"https:\/\/grupoquero.pt\/loja\/#organization","name":"grupoQUERO - atelier","url":"https:\/\/grupoquero.pt\/loja\/","logo":{"@type":"ImageObject","inLanguage":"pt-PT","@id":"https:\/\/grupoquero.pt\/loja\/#\/schema\/logo\/image\/","url":"https:\/\/grupoquero.pt\/loja\/wp-content\/uploads\/GQ-semFundo-scaled.png","contentUrl":"https:\/\/grupoquero.pt\/loja\/wp-content\/uploads\/GQ-semFundo-scaled.png","width":2560,"height":1429,"caption":"grupoQUERO - atelier"},"image":{"@id":"https:\/\/grupoquero.pt\/loja\/#\/schema\/logo\/image\/"},"sameAs":["https:\/\/www.facebook.com\/grupoquero.pt"]}]}},"_links":{"self":[{"href":"https:\/\/grupoquero.pt\/loja\/wp-json\/wp\/v2\/product\/15857","targetHints":{"allow":["GET"]}}],"collection":[{"href":"https:\/\/grupoquero.pt\/loja\/wp-json\/wp\/v2\/product"}],"about":[{"href":"https:\/\/grupoquero.pt\/loja\/wp-json\/wp\/v2\/types\/product"}],"replies":[{"embeddable":true,"href":"https:\/\/grupoquero.pt\/loja\/wp-json\/wp\/v2\/comments?post=15857"}],"wp:featuredmedia":[{"embeddable":true,"href":"https:\/\/grupoquero.pt\/loja\/wp-json\/wp\/v2\/media\/15884"}],"wp:attachment":[{"href":"https:\/\/grupoquero.pt\/loja\/wp-json\/wp\/v2\/media?parent=15857"}],"wp:term":[{"taxonomy":"product_brand","embeddable":true,"href":"https:\/\/grupoquero.pt\/loja\/wp-json\/wp\/v2\/product_brand?post=15857"},{"taxonomy":"product_cat","embeddable":true,"href":"https:\/\/grupoquero.pt\/loja\/wp-json\/wp\/v2\/product_cat?post=15857"},{"taxonomy":"product_tag","embeddable":true,"href":"https:\/\/grupoquero.pt\/loja\/wp-json\/wp\/v2\/product_tag?post=15857"}],"curies":[{"name":"wp","href":"https:\/\/api.w.org\/{rel}","templated":true}]}}