{"id":15621,"date":"2021-04-01T12:15:31","date_gmt":"2021-04-01T11:15:31","guid":{"rendered":"https:\/\/grupoquero.pt\/loja\/?post_type=product&#038;p=15621"},"modified":"2025-03-04T18:48:20","modified_gmt":"2025-03-04T18:48:20","slug":"casaco-softjack-capuz-personalizacao","status":"publish","type":"product","link":"https:\/\/grupoquero.pt\/loja\/produto\/casaco-softjack-capuz-personalizacao\/","title":{"rendered":"Casaco SOFTJACK Com Capuz + Personaliza\u00e7\u00e3o"},"content":{"rendered":"<p>\u2022 Casaco Softjack com capuz\u00a0 &#8211; Unisexo<br \/>\n\u2022 Tecido interno de l\u00e3 no mesmo tom<br \/>\n\u2022 Fecho completo<br \/>\n\u2022 3 bolsos laterais com fecho e 3 camadas com membranas respir\u00e1veis<br \/>\n\u2022 <strong>Gramagem:<\/strong> 300grs.<br \/>\n\u2022 95% Poli\u00e9ster \/ 5% Elastano<br \/>\n\u2022 <strong>Interior:<\/strong> 100% Poli\u00e9ster<br \/>\n<strong>\u2022 Tamanhos:<\/strong> S ao 4XL<\/p>\n<p><a href=\"https:\/\/grupoquero.pt\/loja\/wp-content\/uploads\/datasheet_SOFTHOOD.pdf\" target=\"_blank\" rel=\"noopener noreferrer\"><img decoding=\"async\" class=\"alignnone size-full wp-image-7101\" src=\"https:\/\/grupoquero.pt\/loja\/wp-content\/uploads\/2020\/11\/BT-FichaTecnica.png\" alt=\"\" width=\"148\" height=\"49\" \/><\/a><\/p>\n<p>&nbsp;<\/p>\n","protected":false},"excerpt":{"rendered":"<p>Casaco Elegante com super efeito corta-vento<br \/>\nPerfeito quando se trabalha ao ar livre ou em atividades desportiva no exterior<\/p>\n","protected":false},"featured_media":27001,"comment_status":"open","ping_status":"closed","template":"","meta":{"inline_featured_image":false,"site-sidebar-layout":"default","site-content-layout":"","ast-site-content-layout":"default","site-content-style":"default","site-sidebar-style":"default","ast-global-header-display":"","ast-banner-title-visibility":"","ast-main-header-display":"","ast-hfb-above-header-display":"","ast-hfb-below-header-display":"","ast-hfb-mobile-header-display":"","site-post-title":"","ast-breadcrumbs-content":"","ast-featured-img":"","footer-sml-layout":"","ast-disable-related-posts":"","theme-transparent-header-meta":"default","adv-header-id-meta":"","stick-header-meta":"","header-above-stick-meta":"","header-main-stick-meta":"","header-below-stick-meta":"","astra-migrate-meta-layouts":"set","ast-page-background-enabled":"default","ast-page-background-meta":{"desktop":{"background-color":"","background-image":"","background-repeat":"repeat","background-position":"center center","background-size":"auto","background-attachment":"scroll","background-type":"","background-media":"","overlay-type":"","overlay-color":"","overlay-opacity":"","overlay-gradient":""},"tablet":{"background-color":"","background-image":"","background-repeat":"repeat","background-position":"center center","background-size":"auto","background-attachment":"scroll","background-type":"","background-media":"","overlay-type":"","overlay-color":"","overlay-opacity":"","overlay-gradient":""},"mobile":{"background-color":"","background-image":"","background-repeat":"repeat","background-position":"center center","background-size":"auto","background-attachment":"scroll","background-type":"","background-media":"","overlay-type":"","overlay-color":"","overlay-opacity":"","overlay-gradient":""}},"ast-content-background-meta":{"desktop":{"background-color":"var(--ast-global-color-5)","background-image":"","background-repeat":"repeat","background-position":"center center","background-size":"auto","background-attachment":"scroll","background-type":"","background-media":"","overlay-type":"","overlay-color":"","overlay-opacity":"","overlay-gradient":""},"tablet":{"background-color":"var(--ast-global-color-5)","background-image":"","background-repeat":"repeat","background-position":"center center","background-size":"auto","background-attachment":"scroll","background-type":"","background-media":"","overlay-type":"","overlay-color":"","overlay-opacity":"","overlay-gradient":""},"mobile":{"background-color":"var(--ast-global-color-5)","background-image":"","background-repeat":"repeat","background-position":"center center","background-size":"auto","background-attachment":"scroll","background-type":"","background-media":"","overlay-type":"","overlay-color":"","overlay-opacity":"","overlay-gradient":""}}},"product_brand":[80],"product_cat":[323,324,565,566,608],"product_tag":[542],"class_list":{"0":"post-15621","1":"product","2":"type-product","3":"status-publish","4":"has-post-thumbnail","6":"product_brand-querotshirt","7":"product_cat-casacos","8":"product_cat-casacos-softjack","9":"product_cat-homem","10":"product_cat-senhora","11":"product_cat-vestuario","12":"product_tag-querotshirt","13":"pa_color-azul-marinho-ny","14":"pa_color-branco-wh","15":"pa_color-preto-bk","16":"pa_size-3xl","17":"pa_size-4xl","18":"pa_size-l","19":"pa_size-m","20":"pa_size-s","21":"pa_size-xl","22":"pa_size-xxl","23":"desktop-align-left","24":"tablet-align-center","25":"mobile-align-center","27":"first","28":"instock","29":"taxable","30":"shipping-taxable","31":"purchasable","32":"product-type-variable"},"yoast_head":"<!-- This site is optimized with the Yoast SEO plugin v27.5 - https:\/\/yoast.com\/product\/yoast-seo-wordpress\/ -->\n<title>Casaco SOFTJACK Com Capuz + Personaliza\u00e7\u00e3o - grupoQUERO<\/title>\n<meta name=\"description\" content=\"Casaco Softjack com capuz + Personaliza\u00e7\u00e3o - queroTSHIRT\" \/>\n<meta name=\"robots\" content=\"index, follow, max-snippet:-1, max-image-preview:large, max-video-preview:-1\" \/>\n<link rel=\"canonical\" href=\"https:\/\/grupoquero.pt\/loja\/produto\/casaco-softjack-capuz-personalizacao\/\" \/>\n<meta property=\"og:locale\" content=\"pt_PT\" \/>\n<meta property=\"og:type\" content=\"article\" \/>\n<meta property=\"og:title\" content=\"Casaco SOFTJACK Com Capuz + Personaliza\u00e7\u00e3o - grupoQUERO\" \/>\n<meta property=\"og:description\" content=\"Casaco Softjack com capuz + Personaliza\u00e7\u00e3o - queroTSHIRT\" \/>\n<meta property=\"og:url\" content=\"https:\/\/grupoquero.pt\/loja\/produto\/casaco-softjack-capuz-personalizacao\/\" \/>\n<meta property=\"og:site_name\" content=\"grupoQUERO\" \/>\n<meta property=\"article:publisher\" content=\"https:\/\/www.facebook.com\/grupoquero.pt\" \/>\n<meta property=\"article:modified_time\" content=\"2025-03-04T18:48:20+00:00\" \/>\n<meta property=\"og:image\" content=\"https:\/\/grupoquero.pt\/loja\/wp-content\/uploads\/jhktshirt_softhood_0.jpg\" \/>\n\t<meta property=\"og:image:width\" content=\"1242\" \/>\n\t<meta property=\"og:image:height\" content=\"1560\" \/>\n\t<meta property=\"og:image:type\" content=\"image\/jpeg\" \/>\n<meta name=\"twitter:card\" content=\"summary_large_image\" \/>\n<meta name=\"twitter:label1\" content=\"Tempo estimado de leitura\" \/>\n\t<meta name=\"twitter:data1\" content=\"1 minuto\" \/>\n<script type=\"application\/ld+json\" class=\"yoast-schema-graph\">{\"@context\":\"https:\\\/\\\/schema.org\",\"@graph\":[{\"@type\":\"WebPage\",\"@id\":\"https:\\\/\\\/grupoquero.pt\\\/loja\\\/produto\\\/casaco-softjack-capuz-personalizacao\\\/\",\"url\":\"https:\\\/\\\/grupoquero.pt\\\/loja\\\/produto\\\/casaco-softjack-capuz-personalizacao\\\/\",\"name\":\"Casaco SOFTJACK Com Capuz + Personaliza\u00e7\u00e3o - grupoQUERO\",\"isPartOf\":{\"@id\":\"https:\\\/\\\/grupoquero.pt\\\/loja\\\/#website\"},\"primaryImageOfPage\":{\"@id\":\"https:\\\/\\\/grupoquero.pt\\\/loja\\\/produto\\\/casaco-softjack-capuz-personalizacao\\\/#primaryimage\"},\"image\":{\"@id\":\"https:\\\/\\\/grupoquero.pt\\\/loja\\\/produto\\\/casaco-softjack-capuz-personalizacao\\\/#primaryimage\"},\"thumbnailUrl\":\"https:\\\/\\\/grupoquero.pt\\\/loja\\\/wp-content\\\/uploads\\\/jhktshirt_softhood_0.jpg\",\"datePublished\":\"2021-04-01T11:15:31+00:00\",\"dateModified\":\"2025-03-04T18:48:20+00:00\",\"description\":\"Casaco Softjack com capuz + Personaliza\u00e7\u00e3o - queroTSHIRT\",\"breadcrumb\":{\"@id\":\"https:\\\/\\\/grupoquero.pt\\\/loja\\\/produto\\\/casaco-softjack-capuz-personalizacao\\\/#breadcrumb\"},\"inLanguage\":\"pt-PT\",\"potentialAction\":[{\"@type\":\"ReadAction\",\"target\":[\"https:\\\/\\\/grupoquero.pt\\\/loja\\\/produto\\\/casaco-softjack-capuz-personalizacao\\\/\"]}]},{\"@type\":\"ImageObject\",\"inLanguage\":\"pt-PT\",\"@id\":\"https:\\\/\\\/grupoquero.pt\\\/loja\\\/produto\\\/casaco-softjack-capuz-personalizacao\\\/#primaryimage\",\"url\":\"https:\\\/\\\/grupoquero.pt\\\/loja\\\/wp-content\\\/uploads\\\/jhktshirt_softhood_0.jpg\",\"contentUrl\":\"https:\\\/\\\/grupoquero.pt\\\/loja\\\/wp-content\\\/uploads\\\/jhktshirt_softhood_0.jpg\",\"width\":1242,\"height\":1560,\"caption\":\"Casaco Softjack com capuz\"},{\"@type\":\"BreadcrumbList\",\"@id\":\"https:\\\/\\\/grupoquero.pt\\\/loja\\\/produto\\\/casaco-softjack-capuz-personalizacao\\\/#breadcrumb\",\"itemListElement\":[{\"@type\":\"ListItem\",\"position\":1,\"name\":\"Home\",\"item\":\"https:\\\/\\\/grupoquero.pt\\\/loja\\\/\"},{\"@type\":\"ListItem\",\"position\":2,\"name\":\"Loja Online\",\"item\":\"https:\\\/\\\/grupoquero.pt\\\/loja\\\/shop\\\/\"},{\"@type\":\"ListItem\",\"position\":3,\"name\":\"Casaco SOFTJACK Com Capuz + Personaliza\u00e7\u00e3o\"}]},{\"@type\":\"WebSite\",\"@id\":\"https:\\\/\\\/grupoquero.pt\\\/loja\\\/#website\",\"url\":\"https:\\\/\\\/grupoquero.pt\\\/loja\\\/\",\"name\":\"grupoQUERO - atelier\",\"description\":\"webdesign, Personaliza\u00e7\u00e3o e Print\",\"publisher\":{\"@id\":\"https:\\\/\\\/grupoquero.pt\\\/loja\\\/#organization\"},\"potentialAction\":[{\"@type\":\"SearchAction\",\"target\":{\"@type\":\"EntryPoint\",\"urlTemplate\":\"https:\\\/\\\/grupoquero.pt\\\/loja\\\/?s={search_term_string}\"},\"query-input\":{\"@type\":\"PropertyValueSpecification\",\"valueRequired\":true,\"valueName\":\"search_term_string\"}}],\"inLanguage\":\"pt-PT\"},{\"@type\":\"Organization\",\"@id\":\"https:\\\/\\\/grupoquero.pt\\\/loja\\\/#organization\",\"name\":\"grupoQUERO - atelier\",\"url\":\"https:\\\/\\\/grupoquero.pt\\\/loja\\\/\",\"logo\":{\"@type\":\"ImageObject\",\"inLanguage\":\"pt-PT\",\"@id\":\"https:\\\/\\\/grupoquero.pt\\\/loja\\\/#\\\/schema\\\/logo\\\/image\\\/\",\"url\":\"https:\\\/\\\/grupoquero.pt\\\/loja\\\/wp-content\\\/uploads\\\/GQ-semFundo-scaled.png\",\"contentUrl\":\"https:\\\/\\\/grupoquero.pt\\\/loja\\\/wp-content\\\/uploads\\\/GQ-semFundo-scaled.png\",\"width\":2560,\"height\":1429,\"caption\":\"grupoQUERO - atelier\"},\"image\":{\"@id\":\"https:\\\/\\\/grupoquero.pt\\\/loja\\\/#\\\/schema\\\/logo\\\/image\\\/\"},\"sameAs\":[\"https:\\\/\\\/www.facebook.com\\\/grupoquero.pt\"]}]}<\/script>\n<!-- \/ Yoast SEO plugin. -->","yoast_head_json":{"title":"Casaco SOFTJACK Com Capuz + Personaliza\u00e7\u00e3o - grupoQUERO","description":"Casaco Softjack com capuz + Personaliza\u00e7\u00e3o - queroTSHIRT","robots":{"index":"index","follow":"follow","max-snippet":"max-snippet:-1","max-image-preview":"max-image-preview:large","max-video-preview":"max-video-preview:-1"},"canonical":"https:\/\/grupoquero.pt\/loja\/produto\/casaco-softjack-capuz-personalizacao\/","og_locale":"pt_PT","og_type":"article","og_title":"Casaco SOFTJACK Com Capuz + Personaliza\u00e7\u00e3o - grupoQUERO","og_description":"Casaco Softjack com capuz + Personaliza\u00e7\u00e3o - queroTSHIRT","og_url":"https:\/\/grupoquero.pt\/loja\/produto\/casaco-softjack-capuz-personalizacao\/","og_site_name":"grupoQUERO","article_publisher":"https:\/\/www.facebook.com\/grupoquero.pt","article_modified_time":"2025-03-04T18:48:20+00:00","og_image":[{"width":1242,"height":1560,"url":"https:\/\/grupoquero.pt\/loja\/wp-content\/uploads\/jhktshirt_softhood_0.jpg","type":"image\/jpeg"}],"twitter_card":"summary_large_image","twitter_misc":{"Tempo estimado de leitura":"1 minuto"},"schema":{"@context":"https:\/\/schema.org","@graph":[{"@type":"WebPage","@id":"https:\/\/grupoquero.pt\/loja\/produto\/casaco-softjack-capuz-personalizacao\/","url":"https:\/\/grupoquero.pt\/loja\/produto\/casaco-softjack-capuz-personalizacao\/","name":"Casaco SOFTJACK Com Capuz + Personaliza\u00e7\u00e3o - grupoQUERO","isPartOf":{"@id":"https:\/\/grupoquero.pt\/loja\/#website"},"primaryImageOfPage":{"@id":"https:\/\/grupoquero.pt\/loja\/produto\/casaco-softjack-capuz-personalizacao\/#primaryimage"},"image":{"@id":"https:\/\/grupoquero.pt\/loja\/produto\/casaco-softjack-capuz-personalizacao\/#primaryimage"},"thumbnailUrl":"https:\/\/grupoquero.pt\/loja\/wp-content\/uploads\/jhktshirt_softhood_0.jpg","datePublished":"2021-04-01T11:15:31+00:00","dateModified":"2025-03-04T18:48:20+00:00","description":"Casaco Softjack com capuz + Personaliza\u00e7\u00e3o - queroTSHIRT","breadcrumb":{"@id":"https:\/\/grupoquero.pt\/loja\/produto\/casaco-softjack-capuz-personalizacao\/#breadcrumb"},"inLanguage":"pt-PT","potentialAction":[{"@type":"ReadAction","target":["https:\/\/grupoquero.pt\/loja\/produto\/casaco-softjack-capuz-personalizacao\/"]}]},{"@type":"ImageObject","inLanguage":"pt-PT","@id":"https:\/\/grupoquero.pt\/loja\/produto\/casaco-softjack-capuz-personalizacao\/#primaryimage","url":"https:\/\/grupoquero.pt\/loja\/wp-content\/uploads\/jhktshirt_softhood_0.jpg","contentUrl":"https:\/\/grupoquero.pt\/loja\/wp-content\/uploads\/jhktshirt_softhood_0.jpg","width":1242,"height":1560,"caption":"Casaco Softjack com capuz"},{"@type":"BreadcrumbList","@id":"https:\/\/grupoquero.pt\/loja\/produto\/casaco-softjack-capuz-personalizacao\/#breadcrumb","itemListElement":[{"@type":"ListItem","position":1,"name":"Home","item":"https:\/\/grupoquero.pt\/loja\/"},{"@type":"ListItem","position":2,"name":"Loja Online","item":"https:\/\/grupoquero.pt\/loja\/shop\/"},{"@type":"ListItem","position":3,"name":"Casaco SOFTJACK Com Capuz + Personaliza\u00e7\u00e3o"}]},{"@type":"WebSite","@id":"https:\/\/grupoquero.pt\/loja\/#website","url":"https:\/\/grupoquero.pt\/loja\/","name":"grupoQUERO - atelier","description":"webdesign, Personaliza\u00e7\u00e3o e Print","publisher":{"@id":"https:\/\/grupoquero.pt\/loja\/#organization"},"potentialAction":[{"@type":"SearchAction","target":{"@type":"EntryPoint","urlTemplate":"https:\/\/grupoquero.pt\/loja\/?s={search_term_string}"},"query-input":{"@type":"PropertyValueSpecification","valueRequired":true,"valueName":"search_term_string"}}],"inLanguage":"pt-PT"},{"@type":"Organization","@id":"https:\/\/grupoquero.pt\/loja\/#organization","name":"grupoQUERO - atelier","url":"https:\/\/grupoquero.pt\/loja\/","logo":{"@type":"ImageObject","inLanguage":"pt-PT","@id":"https:\/\/grupoquero.pt\/loja\/#\/schema\/logo\/image\/","url":"https:\/\/grupoquero.pt\/loja\/wp-content\/uploads\/GQ-semFundo-scaled.png","contentUrl":"https:\/\/grupoquero.pt\/loja\/wp-content\/uploads\/GQ-semFundo-scaled.png","width":2560,"height":1429,"caption":"grupoQUERO - atelier"},"image":{"@id":"https:\/\/grupoquero.pt\/loja\/#\/schema\/logo\/image\/"},"sameAs":["https:\/\/www.facebook.com\/grupoquero.pt"]}]}},"_links":{"self":[{"href":"https:\/\/grupoquero.pt\/loja\/wp-json\/wp\/v2\/product\/15621","targetHints":{"allow":["GET"]}}],"collection":[{"href":"https:\/\/grupoquero.pt\/loja\/wp-json\/wp\/v2\/product"}],"about":[{"href":"https:\/\/grupoquero.pt\/loja\/wp-json\/wp\/v2\/types\/product"}],"replies":[{"embeddable":true,"href":"https:\/\/grupoquero.pt\/loja\/wp-json\/wp\/v2\/comments?post=15621"}],"wp:featuredmedia":[{"embeddable":true,"href":"https:\/\/grupoquero.pt\/loja\/wp-json\/wp\/v2\/media\/27001"}],"wp:attachment":[{"href":"https:\/\/grupoquero.pt\/loja\/wp-json\/wp\/v2\/media?parent=15621"}],"wp:term":[{"taxonomy":"product_brand","embeddable":true,"href":"https:\/\/grupoquero.pt\/loja\/wp-json\/wp\/v2\/product_brand?post=15621"},{"taxonomy":"product_cat","embeddable":true,"href":"https:\/\/grupoquero.pt\/loja\/wp-json\/wp\/v2\/product_cat?post=15621"},{"taxonomy":"product_tag","embeddable":true,"href":"https:\/\/grupoquero.pt\/loja\/wp-json\/wp\/v2\/product_tag?post=15621"}],"curies":[{"name":"wp","href":"https:\/\/api.w.org\/{rel}","templated":true}]}}