{"id":15393,"date":"2021-09-01T20:52:14","date_gmt":"2021-09-01T19:52:14","guid":{"rendered":"https:\/\/grupoquero.pt\/loja\/?post_type=product&#038;p=15393"},"modified":"2024-04-15T13:12:44","modified_gmt":"2024-04-15T12:12:44","slug":"estrutura-bandeira-retangular-s-personalizacao-1-face","status":"publish","type":"product","link":"https:\/\/grupoquero.pt\/loja\/produto\/estrutura-bandeira-retangular-s-personalizacao-1-face\/","title":{"rendered":"Estrutura Bandeira Reta + Personaliza\u00e7\u00e3o 1 face"},"content":{"rendered":"<p><strong>CARACTER\u00cdSTICAS<\/strong><\/p>\n<p>\u2022 Dispon\u00edvel em 3 tamanhos<br \/>\n\u2022 Utiliza\u00e7\u00e3o no interior ou exterior (em fun\u00e7\u00e3o da base escolhida)<br \/>\n\u2022 Mastro el\u00e1stico em alum\u00ednio com cantos em pl\u00e1stico<br \/>\n\u2022 Impress\u00e3o numa face ou dupla-face<\/p>\n<p><strong>MEDIDAS:<br \/>\n<img fetchpriority=\"high\" decoding=\"async\" class=\"alignnone wp-image-22912 size-full\" src=\"https:\/\/grupoquero.pt\/loja\/wp-content\/uploads\/Medidas-Mastros.jpg\" alt=\"\" width=\"453\" height=\"846\" srcset=\"https:\/\/grupoquero.pt\/loja\/wp-content\/uploads\/Medidas-Mastros.jpg 453w, https:\/\/grupoquero.pt\/loja\/wp-content\/uploads\/Medidas-Mastros-161x300.jpg 161w, https:\/\/grupoquero.pt\/loja\/wp-content\/uploads\/Medidas-Mastros-32x60.jpg 32w, https:\/\/grupoquero.pt\/loja\/wp-content\/uploads\/Medidas-Mastros-48x90.jpg 48w\" sizes=\"(max-width: 453px) 100vw, 453px\" \/><br \/>\n<\/strong><\/p>\n<p><span style=\"color: #ff0000;\">Obs.<\/span><br \/>\nEspig\u00e3o, Base met\u00e1lica ou boia de \u00e1gua (peso), vendidos como extra<\/p>\n<p>&nbsp;<\/p>\n<p>&nbsp;<\/p>\n<p>&nbsp;<\/p>\n","protected":false},"excerpt":{"rendered":"<p><em><strong><span style=\"color: #0000ff;\"><i>Artigo Por Encomenda<\/i><\/span><\/strong><br \/>\nBandeira Retangular port\u00e1til e leve que oferece uma grande \u00e1rea de comunica\u00e7\u00e3o<\/em><\/p>\n<p><em><strong><span style=\"color: #ff0000;\">OFERTA:<\/span><\/strong><\/em><br \/>\n<em>\u2022 Saco de transporte com porta-etiquetas<\/em><\/p>\n","protected":false},"featured_media":15389,"comment_status":"open","ping_status":"closed","template":"","meta":{"inline_featured_image":false,"site-sidebar-layout":"default","site-content-layout":"","ast-site-content-layout":"default","site-content-style":"default","site-sidebar-style":"default","ast-global-header-display":"","ast-banner-title-visibility":"","ast-main-header-display":"","ast-hfb-above-header-display":"","ast-hfb-below-header-display":"","ast-hfb-mobile-header-display":"","site-post-title":"","ast-breadcrumbs-content":"","ast-featured-img":"","footer-sml-layout":"","ast-disable-related-posts":"","theme-transparent-header-meta":"default","adv-header-id-meta":"","stick-header-meta":"","header-above-stick-meta":"","header-main-stick-meta":"","header-below-stick-meta":"","astra-migrate-meta-layouts":"set","ast-page-background-enabled":"default","ast-page-background-meta":{"desktop":{"background-color":"","background-image":"","background-repeat":"repeat","background-position":"center center","background-size":"auto","background-attachment":"scroll","background-type":"","background-media":"","overlay-type":"","overlay-color":"","overlay-opacity":"","overlay-gradient":""},"tablet":{"background-color":"","background-image":"","background-repeat":"repeat","background-position":"center center","background-size":"auto","background-attachment":"scroll","background-type":"","background-media":"","overlay-type":"","overlay-color":"","overlay-opacity":"","overlay-gradient":""},"mobile":{"background-color":"","background-image":"","background-repeat":"repeat","background-position":"center center","background-size":"auto","background-attachment":"scroll","background-type":"","background-media":"","overlay-type":"","overlay-color":"","overlay-opacity":"","overlay-gradient":""}},"ast-content-background-meta":{"desktop":{"background-color":"var(--ast-global-color-5)","background-image":"","background-repeat":"repeat","background-position":"center center","background-size":"auto","background-attachment":"scroll","background-type":"","background-media":"","overlay-type":"","overlay-color":"","overlay-opacity":"","overlay-gradient":""},"tablet":{"background-color":"var(--ast-global-color-5)","background-image":"","background-repeat":"repeat","background-position":"center center","background-size":"auto","background-attachment":"scroll","background-type":"","background-media":"","overlay-type":"","overlay-color":"","overlay-opacity":"","overlay-gradient":""},"mobile":{"background-color":"var(--ast-global-color-5)","background-image":"","background-repeat":"repeat","background-position":"center center","background-size":"auto","background-attachment":"scroll","background-type":"","background-media":"","overlay-type":"","overlay-color":"","overlay-opacity":"","overlay-gradient":""}}},"product_brand":[79],"product_cat":[503],"product_tag":[541],"class_list":{"0":"post-15393","1":"product","2":"type-product","3":"status-publish","4":"has-post-thumbnail","6":"product_brand-queroprint","7":"product_cat-bandeiras","8":"product_tag-queroprint","9":"desktop-align-left","10":"tablet-align-center","11":"mobile-align-center","13":"first","14":"onbackorder","15":"taxable","16":"shipping-taxable","17":"product-type-simple"},"yoast_head":"<!-- This site is optimized with the Yoast SEO plugin v27.4 - https:\/\/yoast.com\/product\/yoast-seo-wordpress\/ -->\n<title>Estrutura Bandeira Reta + Personaliza\u00e7\u00e3o 1 face - grupoQUERO<\/title>\n<meta name=\"description\" content=\"Estrutura Bandeira Retangular + Personaliza\u00e7\u00e3o 1 face - atelier grupoQUERO\" \/>\n<meta name=\"robots\" content=\"index, follow, max-snippet:-1, max-image-preview:large, max-video-preview:-1\" \/>\n<link rel=\"canonical\" href=\"https:\/\/grupoquero.pt\/loja\/produto\/estrutura-bandeira-retangular-s-personalizacao-1-face\/\" \/>\n<meta property=\"og:locale\" content=\"pt_PT\" \/>\n<meta property=\"og:type\" content=\"article\" \/>\n<meta property=\"og:title\" content=\"Estrutura Bandeira Reta + Personaliza\u00e7\u00e3o 1 face - grupoQUERO\" \/>\n<meta property=\"og:description\" content=\"Estrutura Bandeira Retangular + Personaliza\u00e7\u00e3o 1 face - atelier grupoQUERO\" \/>\n<meta property=\"og:url\" content=\"https:\/\/grupoquero.pt\/loja\/produto\/estrutura-bandeira-retangular-s-personalizacao-1-face\/\" \/>\n<meta property=\"og:site_name\" content=\"grupoQUERO\" \/>\n<meta property=\"article:publisher\" content=\"https:\/\/www.facebook.com\/grupoquero.pt\" \/>\n<meta property=\"article:modified_time\" content=\"2024-04-15T12:12:44+00:00\" \/>\n<meta property=\"og:image\" content=\"https:\/\/grupoquero.pt\/loja\/wp-content\/uploads\/Bandeiras-ZOOM-Edge_queroCRIATIVO.png\" \/>\n\t<meta property=\"og:image:width\" content=\"250\" \/>\n\t<meta property=\"og:image:height\" content=\"649\" \/>\n\t<meta property=\"og:image:type\" content=\"image\/png\" \/>\n<meta name=\"twitter:card\" content=\"summary_large_image\" \/>\n<meta name=\"twitter:label1\" content=\"Tempo estimado de leitura\" \/>\n\t<meta name=\"twitter:data1\" content=\"1 minuto\" \/>\n<script type=\"application\/ld+json\" class=\"yoast-schema-graph\">{\"@context\":\"https:\\\/\\\/schema.org\",\"@graph\":[{\"@type\":\"WebPage\",\"@id\":\"https:\\\/\\\/grupoquero.pt\\\/loja\\\/produto\\\/estrutura-bandeira-retangular-s-personalizacao-1-face\\\/\",\"url\":\"https:\\\/\\\/grupoquero.pt\\\/loja\\\/produto\\\/estrutura-bandeira-retangular-s-personalizacao-1-face\\\/\",\"name\":\"Estrutura Bandeira Reta + Personaliza\u00e7\u00e3o 1 face - grupoQUERO\",\"isPartOf\":{\"@id\":\"https:\\\/\\\/grupoquero.pt\\\/loja\\\/#website\"},\"primaryImageOfPage\":{\"@id\":\"https:\\\/\\\/grupoquero.pt\\\/loja\\\/produto\\\/estrutura-bandeira-retangular-s-personalizacao-1-face\\\/#primaryimage\"},\"image\":{\"@id\":\"https:\\\/\\\/grupoquero.pt\\\/loja\\\/produto\\\/estrutura-bandeira-retangular-s-personalizacao-1-face\\\/#primaryimage\"},\"thumbnailUrl\":\"https:\\\/\\\/grupoquero.pt\\\/loja\\\/wp-content\\\/uploads\\\/Bandeiras-ZOOM-Edge_queroCRIATIVO.png\",\"datePublished\":\"2021-09-01T19:52:14+00:00\",\"dateModified\":\"2024-04-15T12:12:44+00:00\",\"description\":\"Estrutura Bandeira Retangular + Personaliza\u00e7\u00e3o 1 face - atelier grupoQUERO\",\"breadcrumb\":{\"@id\":\"https:\\\/\\\/grupoquero.pt\\\/loja\\\/produto\\\/estrutura-bandeira-retangular-s-personalizacao-1-face\\\/#breadcrumb\"},\"inLanguage\":\"pt-PT\",\"potentialAction\":[{\"@type\":\"ReadAction\",\"target\":[\"https:\\\/\\\/grupoquero.pt\\\/loja\\\/produto\\\/estrutura-bandeira-retangular-s-personalizacao-1-face\\\/\"]}]},{\"@type\":\"ImageObject\",\"inLanguage\":\"pt-PT\",\"@id\":\"https:\\\/\\\/grupoquero.pt\\\/loja\\\/produto\\\/estrutura-bandeira-retangular-s-personalizacao-1-face\\\/#primaryimage\",\"url\":\"https:\\\/\\\/grupoquero.pt\\\/loja\\\/wp-content\\\/uploads\\\/Bandeiras-ZOOM-Edge_queroCRIATIVO.png\",\"contentUrl\":\"https:\\\/\\\/grupoquero.pt\\\/loja\\\/wp-content\\\/uploads\\\/Bandeiras-ZOOM-Edge_queroCRIATIVO.png\",\"width\":250,\"height\":649,\"caption\":\"Bandeira Retangular - queroCRIATIVO\"},{\"@type\":\"BreadcrumbList\",\"@id\":\"https:\\\/\\\/grupoquero.pt\\\/loja\\\/produto\\\/estrutura-bandeira-retangular-s-personalizacao-1-face\\\/#breadcrumb\",\"itemListElement\":[{\"@type\":\"ListItem\",\"position\":1,\"name\":\"Home\",\"item\":\"https:\\\/\\\/grupoquero.pt\\\/loja\\\/\"},{\"@type\":\"ListItem\",\"position\":2,\"name\":\"Loja Online\",\"item\":\"https:\\\/\\\/grupoquero.pt\\\/loja\\\/shop\\\/\"},{\"@type\":\"ListItem\",\"position\":3,\"name\":\"Estrutura Bandeira Reta + Personaliza\u00e7\u00e3o 1 face\"}]},{\"@type\":\"WebSite\",\"@id\":\"https:\\\/\\\/grupoquero.pt\\\/loja\\\/#website\",\"url\":\"https:\\\/\\\/grupoquero.pt\\\/loja\\\/\",\"name\":\"grupoQUERO - atelier\",\"description\":\"webdesign, Personaliza\u00e7\u00e3o e Print\",\"publisher\":{\"@id\":\"https:\\\/\\\/grupoquero.pt\\\/loja\\\/#organization\"},\"potentialAction\":[{\"@type\":\"SearchAction\",\"target\":{\"@type\":\"EntryPoint\",\"urlTemplate\":\"https:\\\/\\\/grupoquero.pt\\\/loja\\\/?s={search_term_string}\"},\"query-input\":{\"@type\":\"PropertyValueSpecification\",\"valueRequired\":true,\"valueName\":\"search_term_string\"}}],\"inLanguage\":\"pt-PT\"},{\"@type\":\"Organization\",\"@id\":\"https:\\\/\\\/grupoquero.pt\\\/loja\\\/#organization\",\"name\":\"grupoQUERO - atelier\",\"url\":\"https:\\\/\\\/grupoquero.pt\\\/loja\\\/\",\"logo\":{\"@type\":\"ImageObject\",\"inLanguage\":\"pt-PT\",\"@id\":\"https:\\\/\\\/grupoquero.pt\\\/loja\\\/#\\\/schema\\\/logo\\\/image\\\/\",\"url\":\"https:\\\/\\\/grupoquero.pt\\\/loja\\\/wp-content\\\/uploads\\\/Logotipo-grupoQUERO-1.png\",\"contentUrl\":\"https:\\\/\\\/grupoquero.pt\\\/loja\\\/wp-content\\\/uploads\\\/Logotipo-grupoQUERO-1.png\",\"width\":413,\"height\":148,\"caption\":\"grupoQUERO - atelier\"},\"image\":{\"@id\":\"https:\\\/\\\/grupoquero.pt\\\/loja\\\/#\\\/schema\\\/logo\\\/image\\\/\"},\"sameAs\":[\"https:\\\/\\\/www.facebook.com\\\/grupoquero.pt\"]}]}<\/script>\n<!-- \/ Yoast SEO plugin. -->","yoast_head_json":{"title":"Estrutura Bandeira Reta + Personaliza\u00e7\u00e3o 1 face - grupoQUERO","description":"Estrutura Bandeira Retangular + Personaliza\u00e7\u00e3o 1 face - atelier grupoQUERO","robots":{"index":"index","follow":"follow","max-snippet":"max-snippet:-1","max-image-preview":"max-image-preview:large","max-video-preview":"max-video-preview:-1"},"canonical":"https:\/\/grupoquero.pt\/loja\/produto\/estrutura-bandeira-retangular-s-personalizacao-1-face\/","og_locale":"pt_PT","og_type":"article","og_title":"Estrutura Bandeira Reta + Personaliza\u00e7\u00e3o 1 face - grupoQUERO","og_description":"Estrutura Bandeira Retangular + Personaliza\u00e7\u00e3o 1 face - atelier grupoQUERO","og_url":"https:\/\/grupoquero.pt\/loja\/produto\/estrutura-bandeira-retangular-s-personalizacao-1-face\/","og_site_name":"grupoQUERO","article_publisher":"https:\/\/www.facebook.com\/grupoquero.pt","article_modified_time":"2024-04-15T12:12:44+00:00","og_image":[{"width":250,"height":649,"url":"https:\/\/grupoquero.pt\/loja\/wp-content\/uploads\/Bandeiras-ZOOM-Edge_queroCRIATIVO.png","type":"image\/png"}],"twitter_card":"summary_large_image","twitter_misc":{"Tempo estimado de leitura":"1 minuto"},"schema":{"@context":"https:\/\/schema.org","@graph":[{"@type":"WebPage","@id":"https:\/\/grupoquero.pt\/loja\/produto\/estrutura-bandeira-retangular-s-personalizacao-1-face\/","url":"https:\/\/grupoquero.pt\/loja\/produto\/estrutura-bandeira-retangular-s-personalizacao-1-face\/","name":"Estrutura Bandeira Reta + Personaliza\u00e7\u00e3o 1 face - grupoQUERO","isPartOf":{"@id":"https:\/\/grupoquero.pt\/loja\/#website"},"primaryImageOfPage":{"@id":"https:\/\/grupoquero.pt\/loja\/produto\/estrutura-bandeira-retangular-s-personalizacao-1-face\/#primaryimage"},"image":{"@id":"https:\/\/grupoquero.pt\/loja\/produto\/estrutura-bandeira-retangular-s-personalizacao-1-face\/#primaryimage"},"thumbnailUrl":"https:\/\/grupoquero.pt\/loja\/wp-content\/uploads\/Bandeiras-ZOOM-Edge_queroCRIATIVO.png","datePublished":"2021-09-01T19:52:14+00:00","dateModified":"2024-04-15T12:12:44+00:00","description":"Estrutura Bandeira Retangular + Personaliza\u00e7\u00e3o 1 face - atelier grupoQUERO","breadcrumb":{"@id":"https:\/\/grupoquero.pt\/loja\/produto\/estrutura-bandeira-retangular-s-personalizacao-1-face\/#breadcrumb"},"inLanguage":"pt-PT","potentialAction":[{"@type":"ReadAction","target":["https:\/\/grupoquero.pt\/loja\/produto\/estrutura-bandeira-retangular-s-personalizacao-1-face\/"]}]},{"@type":"ImageObject","inLanguage":"pt-PT","@id":"https:\/\/grupoquero.pt\/loja\/produto\/estrutura-bandeira-retangular-s-personalizacao-1-face\/#primaryimage","url":"https:\/\/grupoquero.pt\/loja\/wp-content\/uploads\/Bandeiras-ZOOM-Edge_queroCRIATIVO.png","contentUrl":"https:\/\/grupoquero.pt\/loja\/wp-content\/uploads\/Bandeiras-ZOOM-Edge_queroCRIATIVO.png","width":250,"height":649,"caption":"Bandeira Retangular - queroCRIATIVO"},{"@type":"BreadcrumbList","@id":"https:\/\/grupoquero.pt\/loja\/produto\/estrutura-bandeira-retangular-s-personalizacao-1-face\/#breadcrumb","itemListElement":[{"@type":"ListItem","position":1,"name":"Home","item":"https:\/\/grupoquero.pt\/loja\/"},{"@type":"ListItem","position":2,"name":"Loja Online","item":"https:\/\/grupoquero.pt\/loja\/shop\/"},{"@type":"ListItem","position":3,"name":"Estrutura Bandeira Reta + Personaliza\u00e7\u00e3o 1 face"}]},{"@type":"WebSite","@id":"https:\/\/grupoquero.pt\/loja\/#website","url":"https:\/\/grupoquero.pt\/loja\/","name":"grupoQUERO - atelier","description":"webdesign, Personaliza\u00e7\u00e3o e Print","publisher":{"@id":"https:\/\/grupoquero.pt\/loja\/#organization"},"potentialAction":[{"@type":"SearchAction","target":{"@type":"EntryPoint","urlTemplate":"https:\/\/grupoquero.pt\/loja\/?s={search_term_string}"},"query-input":{"@type":"PropertyValueSpecification","valueRequired":true,"valueName":"search_term_string"}}],"inLanguage":"pt-PT"},{"@type":"Organization","@id":"https:\/\/grupoquero.pt\/loja\/#organization","name":"grupoQUERO - atelier","url":"https:\/\/grupoquero.pt\/loja\/","logo":{"@type":"ImageObject","inLanguage":"pt-PT","@id":"https:\/\/grupoquero.pt\/loja\/#\/schema\/logo\/image\/","url":"https:\/\/grupoquero.pt\/loja\/wp-content\/uploads\/Logotipo-grupoQUERO-1.png","contentUrl":"https:\/\/grupoquero.pt\/loja\/wp-content\/uploads\/Logotipo-grupoQUERO-1.png","width":413,"height":148,"caption":"grupoQUERO - atelier"},"image":{"@id":"https:\/\/grupoquero.pt\/loja\/#\/schema\/logo\/image\/"},"sameAs":["https:\/\/www.facebook.com\/grupoquero.pt"]}]}},"_links":{"self":[{"href":"https:\/\/grupoquero.pt\/loja\/wp-json\/wp\/v2\/product\/15393","targetHints":{"allow":["GET"]}}],"collection":[{"href":"https:\/\/grupoquero.pt\/loja\/wp-json\/wp\/v2\/product"}],"about":[{"href":"https:\/\/grupoquero.pt\/loja\/wp-json\/wp\/v2\/types\/product"}],"replies":[{"embeddable":true,"href":"https:\/\/grupoquero.pt\/loja\/wp-json\/wp\/v2\/comments?post=15393"}],"wp:featuredmedia":[{"embeddable":true,"href":"https:\/\/grupoquero.pt\/loja\/wp-json\/wp\/v2\/media\/15389"}],"wp:attachment":[{"href":"https:\/\/grupoquero.pt\/loja\/wp-json\/wp\/v2\/media?parent=15393"}],"wp:term":[{"taxonomy":"product_brand","embeddable":true,"href":"https:\/\/grupoquero.pt\/loja\/wp-json\/wp\/v2\/product_brand?post=15393"},{"taxonomy":"product_cat","embeddable":true,"href":"https:\/\/grupoquero.pt\/loja\/wp-json\/wp\/v2\/product_cat?post=15393"},{"taxonomy":"product_tag","embeddable":true,"href":"https:\/\/grupoquero.pt\/loja\/wp-json\/wp\/v2\/product_tag?post=15393"}],"curies":[{"name":"wp","href":"https:\/\/api.w.org\/{rel}","templated":true}]}}