{"id":15025,"date":"2022-08-01T22:58:36","date_gmt":"2022-08-01T21:58:36","guid":{"rendered":"https:\/\/grupoquero.pt\/loja\/?post_type=product&#038;p=15025"},"modified":"2026-03-07T16:32:54","modified_gmt":"2026-03-07T16:32:54","slug":"loja-online-15-aluguer-querosite","status":"publish","type":"product","link":"https:\/\/grupoquero.pt\/loja\/produto\/loja-online-15-aluguer-querosite\/","title":{"rendered":"Loja online 15P &#8211; 25\u20ac\/M\u00eas"},"content":{"rendered":"<div class=\"pagelayer-list_item\">\n<p><span class=\"pagelayer-list-icon-holder\"><span class=\"pagelayer-list-item\">Ajustado com quem quer ter uma presen\u00e7a <\/span><\/span>elegante e\u00a0\u00a0profissional na internet<\/p>\n<p>\u2022 Loja responsiva: Sim &#8211; adapta-se a qualquer dispositivo<br \/>\n\u2022 <strong>Gestor de conte\u00fados:<\/strong> Sim, partilhado, para gest\u00e3o interna e limitado a 15 produtos, valor por cada produto adicional carregado.<br \/>\n\u2022 <strong>Alojamento:<\/strong> partilhado no nosso servidor<br \/>\n\u2022\u00a0<b>Dom\u00ednio: <\/b>N\u00e3o. Sub-dominio &gt; (oSeuNome.querosite.pt)<br \/>\n\u2022 <strong>Caixa de mail profissional:<\/strong> 1<br \/>\n\u2022 Relat\u00f3rio estat\u00edstico trimestral<br \/>\n\u2022 Loja que comunica de forma eficaz com os motores de pesquisa<br \/>\n<span style=\"color: #3366ff;\"><strong>\u2022 Suporte T\u00e9cnico Ilimitado<\/strong><\/span><\/p>\n<p>\u2022 <span style=\"color: #ff0000;\"><strong>OFERTA<\/strong><\/span> at\u00e9 6 atualiza\u00e7\u00f5es\/ano<\/p>\n<\/div>\n<p class=\"pagelayer-pricing-additional\"><em><strong>FORMA DE PAGAMENTO:<\/strong><\/em><br \/>\n<em>\u2022 Pagamento inicial \u00fanico\u00a0 80\u20ac para configura\u00e7\u00e3o de todos os servi\u00e7os<\/em><br \/>\n<em>\u2022 <strong>Valor Mensal:<\/strong> 25\u20ac<\/em><\/p>\n","protected":false},"excerpt":{"rendered":"<p><i><span style=\"color: #3366ff;\"><strong>Loja online em Regime de Aluguer mensal 20\u20ac<\/strong><\/span><br \/>\nTenha a presen\u00e7a do seu neg\u00f3cio com a m\u00e1xima visibilidade.<br \/>\n<\/i><i>Cabeleireiras, Coachings, Infant\u00e1rios, e Ber\u00e7\u00e1rios, Farm\u00e1cias, Restaurantes, Bares e Adegas, Centros de estudo ou explicadores &#8230;<\/i><i><br \/>\nO dia \u00e9 hoje !<\/i><\/p>\n","protected":false},"featured_media":15026,"comment_status":"open","ping_status":"closed","template":"","meta":{"inline_featured_image":false,"site-sidebar-layout":"default","site-content-layout":"default","ast-site-content-layout":"default","site-content-style":"default","site-sidebar-style":"default","ast-global-header-display":"","ast-banner-title-visibility":"","ast-main-header-display":"","ast-hfb-above-header-display":"","ast-hfb-below-header-display":"","ast-hfb-mobile-header-display":"","site-post-title":"","ast-breadcrumbs-content":"","ast-featured-img":"","footer-sml-layout":"","ast-disable-related-posts":"","theme-transparent-header-meta":"default","adv-header-id-meta":"","stick-header-meta":"","header-above-stick-meta":"","header-main-stick-meta":"","header-below-stick-meta":"","astra-migrate-meta-layouts":"set","ast-page-background-enabled":"default","ast-page-background-meta":{"desktop":{"background-color":"","background-image":"","background-repeat":"repeat","background-position":"center center","background-size":"auto","background-attachment":"scroll","background-type":"","background-media":"","overlay-type":"","overlay-color":"","overlay-opacity":"","overlay-gradient":""},"tablet":{"background-color":"","background-image":"","background-repeat":"repeat","background-position":"center center","background-size":"auto","background-attachment":"scroll","background-type":"","background-media":"","overlay-type":"","overlay-color":"","overlay-opacity":"","overlay-gradient":""},"mobile":{"background-color":"","background-image":"","background-repeat":"repeat","background-position":"center center","background-size":"auto","background-attachment":"scroll","background-type":"","background-media":"","overlay-type":"","overlay-color":"","overlay-opacity":"","overlay-gradient":""}},"ast-content-background-meta":{"desktop":{"background-color":"var(--ast-global-color-5)","background-image":"","background-repeat":"repeat","background-position":"center center","background-size":"auto","background-attachment":"scroll","background-type":"","background-media":"","overlay-type":"","overlay-color":"","overlay-opacity":"","overlay-gradient":""},"tablet":{"background-color":"var(--ast-global-color-5)","background-image":"","background-repeat":"repeat","background-position":"center center","background-size":"auto","background-attachment":"scroll","background-type":"","background-media":"","overlay-type":"","overlay-color":"","overlay-opacity":"","overlay-gradient":""},"mobile":{"background-color":"var(--ast-global-color-5)","background-image":"","background-repeat":"repeat","background-position":"center center","background-size":"auto","background-attachment":"scroll","background-type":"","background-media":"","overlay-type":"","overlay-color":"","overlay-opacity":"","overlay-gradient":""}}},"product_brand":[81],"product_cat":[478],"product_tag":[543],"class_list":{"0":"post-15025","1":"product","2":"type-product","3":"status-publish","4":"has-post-thumbnail","6":"product_brand-querosite","7":"product_cat-loja-online","8":"product_tag-querosite","9":"desktop-align-left","10":"tablet-align-center","11":"mobile-align-center","13":"first","14":"instock","15":"taxable","16":"shipping-taxable","17":"purchasable","18":"product-type-simple"},"yoast_head":"<!-- This site is optimized with the Yoast SEO plugin v27.4 - https:\/\/yoast.com\/product\/yoast-seo-wordpress\/ -->\n<title>Loja online 15P - 25\u20ac\/M\u00eas - grupoQUERO<\/title>\n<meta name=\"description\" content=\"Loja online 15 produtos - Qualquer ramo, qualquer atividade. Criatividade e seguran\u00e7a. queroSITE by grupoQUERO\" \/>\n<meta name=\"robots\" content=\"index, follow, max-snippet:-1, max-image-preview:large, max-video-preview:-1\" \/>\n<link rel=\"canonical\" href=\"https:\/\/grupoquero.pt\/loja\/produto\/loja-online-15-aluguer-querosite\/\" \/>\n<meta property=\"og:locale\" content=\"pt_PT\" \/>\n<meta property=\"og:type\" content=\"article\" \/>\n<meta property=\"og:title\" content=\"Loja online 15P - 25\u20ac\/M\u00eas - grupoQUERO\" \/>\n<meta property=\"og:description\" content=\"Loja online 15 produtos - Qualquer ramo, qualquer atividade. Criatividade e seguran\u00e7a. queroSITE by grupoQUERO\" \/>\n<meta property=\"og:url\" content=\"https:\/\/grupoquero.pt\/loja\/produto\/loja-online-15-aluguer-querosite\/\" \/>\n<meta property=\"og:site_name\" content=\"grupoQUERO\" \/>\n<meta property=\"article:publisher\" content=\"https:\/\/www.facebook.com\/grupoquero.pt\" \/>\n<meta property=\"article:modified_time\" content=\"2026-03-07T16:32:54+00:00\" \/>\n<meta property=\"og:image\" content=\"https:\/\/grupoquero.pt\/loja\/wp-content\/uploads\/Bn-Lojaonline-30_queroSITE.png\" \/>\n\t<meta property=\"og:image:width\" content=\"329\" \/>\n\t<meta property=\"og:image:height\" content=\"389\" \/>\n\t<meta property=\"og:image:type\" content=\"image\/png\" \/>\n<meta name=\"twitter:card\" content=\"summary_large_image\" \/>\n<meta name=\"twitter:label1\" content=\"Tempo estimado de leitura\" \/>\n\t<meta name=\"twitter:data1\" content=\"1 minuto\" \/>\n<script type=\"application\/ld+json\" class=\"yoast-schema-graph\">{\"@context\":\"https:\\\/\\\/schema.org\",\"@graph\":[{\"@type\":\"WebPage\",\"@id\":\"https:\\\/\\\/grupoquero.pt\\\/loja\\\/produto\\\/loja-online-15-aluguer-querosite\\\/\",\"url\":\"https:\\\/\\\/grupoquero.pt\\\/loja\\\/produto\\\/loja-online-15-aluguer-querosite\\\/\",\"name\":\"Loja online 15P - 25\u20ac\\\/M\u00eas - grupoQUERO\",\"isPartOf\":{\"@id\":\"https:\\\/\\\/grupoquero.pt\\\/loja\\\/#website\"},\"primaryImageOfPage\":{\"@id\":\"https:\\\/\\\/grupoquero.pt\\\/loja\\\/produto\\\/loja-online-15-aluguer-querosite\\\/#primaryimage\"},\"image\":{\"@id\":\"https:\\\/\\\/grupoquero.pt\\\/loja\\\/produto\\\/loja-online-15-aluguer-querosite\\\/#primaryimage\"},\"thumbnailUrl\":\"https:\\\/\\\/grupoquero.pt\\\/loja\\\/wp-content\\\/uploads\\\/Bn-Lojaonline-30_queroSITE.png\",\"datePublished\":\"2022-08-01T21:58:36+00:00\",\"dateModified\":\"2026-03-07T16:32:54+00:00\",\"description\":\"Loja online 15 produtos - Qualquer ramo, qualquer atividade. Criatividade e seguran\u00e7a. queroSITE by grupoQUERO\",\"breadcrumb\":{\"@id\":\"https:\\\/\\\/grupoquero.pt\\\/loja\\\/produto\\\/loja-online-15-aluguer-querosite\\\/#breadcrumb\"},\"inLanguage\":\"pt-PT\",\"potentialAction\":[{\"@type\":\"ReadAction\",\"target\":[\"https:\\\/\\\/grupoquero.pt\\\/loja\\\/produto\\\/loja-online-15-aluguer-querosite\\\/\"]}]},{\"@type\":\"ImageObject\",\"inLanguage\":\"pt-PT\",\"@id\":\"https:\\\/\\\/grupoquero.pt\\\/loja\\\/produto\\\/loja-online-15-aluguer-querosite\\\/#primaryimage\",\"url\":\"https:\\\/\\\/grupoquero.pt\\\/loja\\\/wp-content\\\/uploads\\\/Bn-Lojaonline-30_queroSITE.png\",\"contentUrl\":\"https:\\\/\\\/grupoquero.pt\\\/loja\\\/wp-content\\\/uploads\\\/Bn-Lojaonline-30_queroSITE.png\",\"width\":329,\"height\":389,\"caption\":\"Loja online 30 - queroSITE\"},{\"@type\":\"BreadcrumbList\",\"@id\":\"https:\\\/\\\/grupoquero.pt\\\/loja\\\/produto\\\/loja-online-15-aluguer-querosite\\\/#breadcrumb\",\"itemListElement\":[{\"@type\":\"ListItem\",\"position\":1,\"name\":\"Home\",\"item\":\"https:\\\/\\\/grupoquero.pt\\\/loja\\\/\"},{\"@type\":\"ListItem\",\"position\":2,\"name\":\"Loja Online\",\"item\":\"https:\\\/\\\/grupoquero.pt\\\/loja\\\/shop\\\/\"},{\"@type\":\"ListItem\",\"position\":3,\"name\":\"Loja online 15P &#8211; 25\u20ac\\\/M\u00eas\"}]},{\"@type\":\"WebSite\",\"@id\":\"https:\\\/\\\/grupoquero.pt\\\/loja\\\/#website\",\"url\":\"https:\\\/\\\/grupoquero.pt\\\/loja\\\/\",\"name\":\"grupoQUERO - atelier\",\"description\":\"webdesign, Personaliza\u00e7\u00e3o e Print\",\"publisher\":{\"@id\":\"https:\\\/\\\/grupoquero.pt\\\/loja\\\/#organization\"},\"potentialAction\":[{\"@type\":\"SearchAction\",\"target\":{\"@type\":\"EntryPoint\",\"urlTemplate\":\"https:\\\/\\\/grupoquero.pt\\\/loja\\\/?s={search_term_string}\"},\"query-input\":{\"@type\":\"PropertyValueSpecification\",\"valueRequired\":true,\"valueName\":\"search_term_string\"}}],\"inLanguage\":\"pt-PT\"},{\"@type\":\"Organization\",\"@id\":\"https:\\\/\\\/grupoquero.pt\\\/loja\\\/#organization\",\"name\":\"grupoQUERO - atelier\",\"url\":\"https:\\\/\\\/grupoquero.pt\\\/loja\\\/\",\"logo\":{\"@type\":\"ImageObject\",\"inLanguage\":\"pt-PT\",\"@id\":\"https:\\\/\\\/grupoquero.pt\\\/loja\\\/#\\\/schema\\\/logo\\\/image\\\/\",\"url\":\"https:\\\/\\\/grupoquero.pt\\\/loja\\\/wp-content\\\/uploads\\\/Logotipo-grupoQUERO-1.png\",\"contentUrl\":\"https:\\\/\\\/grupoquero.pt\\\/loja\\\/wp-content\\\/uploads\\\/Logotipo-grupoQUERO-1.png\",\"width\":413,\"height\":148,\"caption\":\"grupoQUERO - atelier\"},\"image\":{\"@id\":\"https:\\\/\\\/grupoquero.pt\\\/loja\\\/#\\\/schema\\\/logo\\\/image\\\/\"},\"sameAs\":[\"https:\\\/\\\/www.facebook.com\\\/grupoquero.pt\"]}]}<\/script>\n<!-- \/ Yoast SEO plugin. -->","yoast_head_json":{"title":"Loja online 15P - 25\u20ac\/M\u00eas - grupoQUERO","description":"Loja online 15 produtos - Qualquer ramo, qualquer atividade. Criatividade e seguran\u00e7a. queroSITE by grupoQUERO","robots":{"index":"index","follow":"follow","max-snippet":"max-snippet:-1","max-image-preview":"max-image-preview:large","max-video-preview":"max-video-preview:-1"},"canonical":"https:\/\/grupoquero.pt\/loja\/produto\/loja-online-15-aluguer-querosite\/","og_locale":"pt_PT","og_type":"article","og_title":"Loja online 15P - 25\u20ac\/M\u00eas - grupoQUERO","og_description":"Loja online 15 produtos - Qualquer ramo, qualquer atividade. Criatividade e seguran\u00e7a. queroSITE by grupoQUERO","og_url":"https:\/\/grupoquero.pt\/loja\/produto\/loja-online-15-aluguer-querosite\/","og_site_name":"grupoQUERO","article_publisher":"https:\/\/www.facebook.com\/grupoquero.pt","article_modified_time":"2026-03-07T16:32:54+00:00","og_image":[{"width":329,"height":389,"url":"https:\/\/grupoquero.pt\/loja\/wp-content\/uploads\/Bn-Lojaonline-30_queroSITE.png","type":"image\/png"}],"twitter_card":"summary_large_image","twitter_misc":{"Tempo estimado de leitura":"1 minuto"},"schema":{"@context":"https:\/\/schema.org","@graph":[{"@type":"WebPage","@id":"https:\/\/grupoquero.pt\/loja\/produto\/loja-online-15-aluguer-querosite\/","url":"https:\/\/grupoquero.pt\/loja\/produto\/loja-online-15-aluguer-querosite\/","name":"Loja online 15P - 25\u20ac\/M\u00eas - grupoQUERO","isPartOf":{"@id":"https:\/\/grupoquero.pt\/loja\/#website"},"primaryImageOfPage":{"@id":"https:\/\/grupoquero.pt\/loja\/produto\/loja-online-15-aluguer-querosite\/#primaryimage"},"image":{"@id":"https:\/\/grupoquero.pt\/loja\/produto\/loja-online-15-aluguer-querosite\/#primaryimage"},"thumbnailUrl":"https:\/\/grupoquero.pt\/loja\/wp-content\/uploads\/Bn-Lojaonline-30_queroSITE.png","datePublished":"2022-08-01T21:58:36+00:00","dateModified":"2026-03-07T16:32:54+00:00","description":"Loja online 15 produtos - Qualquer ramo, qualquer atividade. Criatividade e seguran\u00e7a. queroSITE by grupoQUERO","breadcrumb":{"@id":"https:\/\/grupoquero.pt\/loja\/produto\/loja-online-15-aluguer-querosite\/#breadcrumb"},"inLanguage":"pt-PT","potentialAction":[{"@type":"ReadAction","target":["https:\/\/grupoquero.pt\/loja\/produto\/loja-online-15-aluguer-querosite\/"]}]},{"@type":"ImageObject","inLanguage":"pt-PT","@id":"https:\/\/grupoquero.pt\/loja\/produto\/loja-online-15-aluguer-querosite\/#primaryimage","url":"https:\/\/grupoquero.pt\/loja\/wp-content\/uploads\/Bn-Lojaonline-30_queroSITE.png","contentUrl":"https:\/\/grupoquero.pt\/loja\/wp-content\/uploads\/Bn-Lojaonline-30_queroSITE.png","width":329,"height":389,"caption":"Loja online 30 - queroSITE"},{"@type":"BreadcrumbList","@id":"https:\/\/grupoquero.pt\/loja\/produto\/loja-online-15-aluguer-querosite\/#breadcrumb","itemListElement":[{"@type":"ListItem","position":1,"name":"Home","item":"https:\/\/grupoquero.pt\/loja\/"},{"@type":"ListItem","position":2,"name":"Loja Online","item":"https:\/\/grupoquero.pt\/loja\/shop\/"},{"@type":"ListItem","position":3,"name":"Loja online 15P &#8211; 25\u20ac\/M\u00eas"}]},{"@type":"WebSite","@id":"https:\/\/grupoquero.pt\/loja\/#website","url":"https:\/\/grupoquero.pt\/loja\/","name":"grupoQUERO - atelier","description":"webdesign, Personaliza\u00e7\u00e3o e Print","publisher":{"@id":"https:\/\/grupoquero.pt\/loja\/#organization"},"potentialAction":[{"@type":"SearchAction","target":{"@type":"EntryPoint","urlTemplate":"https:\/\/grupoquero.pt\/loja\/?s={search_term_string}"},"query-input":{"@type":"PropertyValueSpecification","valueRequired":true,"valueName":"search_term_string"}}],"inLanguage":"pt-PT"},{"@type":"Organization","@id":"https:\/\/grupoquero.pt\/loja\/#organization","name":"grupoQUERO - atelier","url":"https:\/\/grupoquero.pt\/loja\/","logo":{"@type":"ImageObject","inLanguage":"pt-PT","@id":"https:\/\/grupoquero.pt\/loja\/#\/schema\/logo\/image\/","url":"https:\/\/grupoquero.pt\/loja\/wp-content\/uploads\/Logotipo-grupoQUERO-1.png","contentUrl":"https:\/\/grupoquero.pt\/loja\/wp-content\/uploads\/Logotipo-grupoQUERO-1.png","width":413,"height":148,"caption":"grupoQUERO - atelier"},"image":{"@id":"https:\/\/grupoquero.pt\/loja\/#\/schema\/logo\/image\/"},"sameAs":["https:\/\/www.facebook.com\/grupoquero.pt"]}]}},"_links":{"self":[{"href":"https:\/\/grupoquero.pt\/loja\/wp-json\/wp\/v2\/product\/15025","targetHints":{"allow":["GET"]}}],"collection":[{"href":"https:\/\/grupoquero.pt\/loja\/wp-json\/wp\/v2\/product"}],"about":[{"href":"https:\/\/grupoquero.pt\/loja\/wp-json\/wp\/v2\/types\/product"}],"replies":[{"embeddable":true,"href":"https:\/\/grupoquero.pt\/loja\/wp-json\/wp\/v2\/comments?post=15025"}],"wp:featuredmedia":[{"embeddable":true,"href":"https:\/\/grupoquero.pt\/loja\/wp-json\/wp\/v2\/media\/15026"}],"wp:attachment":[{"href":"https:\/\/grupoquero.pt\/loja\/wp-json\/wp\/v2\/media?parent=15025"}],"wp:term":[{"taxonomy":"product_brand","embeddable":true,"href":"https:\/\/grupoquero.pt\/loja\/wp-json\/wp\/v2\/product_brand?post=15025"},{"taxonomy":"product_cat","embeddable":true,"href":"https:\/\/grupoquero.pt\/loja\/wp-json\/wp\/v2\/product_cat?post=15025"},{"taxonomy":"product_tag","embeddable":true,"href":"https:\/\/grupoquero.pt\/loja\/wp-json\/wp\/v2\/product_tag?post=15025"}],"curies":[{"name":"wp","href":"https:\/\/api.w.org\/{rel}","templated":true}]}}