{"id":11533,"date":"2021-01-21T14:29:12","date_gmt":"2021-01-21T14:29:12","guid":{"rendered":"https:\/\/grupoquero.pt\/loja\/?post_type=product&#038;p=11533"},"modified":"2025-03-05T15:31:48","modified_gmt":"2025-03-05T15:31:48","slug":"polo-homem-personalizacao","status":"publish","type":"product","link":"https:\/\/grupoquero.pt\/loja\/produto\/polo-homem-personalizacao\/","title":{"rendered":"Polo, Homem + Personaliza\u00e7\u00e3o"},"content":{"rendered":"<p>\u2022 Polo piqu\u00e9 com mangas curtas<br \/>\n\u2022 Carcela com dois bot\u00f5es \u00e0 cor.<br \/>\n\u2022 <strong>Tamanho:<\/strong> XS ao 3XL.<br \/>\n\u2022 100% algod\u00e3o, 210grs.<\/p>\n<p><a href=\"https:\/\/grupoquero.pt\/loja\/wp-content\/uploads\/datasheet_PORA210.pdf\" target=\"_blank\" rel=\"noopener\"><img decoding=\"async\" class=\"alignnone size-full wp-image-7101\" src=\"https:\/\/grupoquero.pt\/loja\/wp-content\/uploads\/2020\/11\/BT-FichaTecnica.png\" alt=\"\" width=\"148\" height=\"49\" \/><\/a><\/p>\n<p><span style=\"color: #ff0000;\">\u00a0<\/span><\/p>\n","protected":false},"excerpt":{"rendered":"<p><span style=\"color: #0000ff;\"><i><em>Pre\u00e7o Indicado Para\u00a0<strong>Uma Unidade.<\/strong>\u00a0Descontos para encomendas acima desta quantidade.<\/em><\/i><\/span><br \/>\nPolo com manga curta, 210grs.<br \/>\n<span style=\"color: #ff0000;\">Outras cores dispon\u00edveis<\/span><\/p>\n<p><span style=\"color: #000000;\"><em>\u00bb Escolha o <strong>Tamanho<\/strong> e a <strong>Cor<\/strong> que pretende<\/em><\/span><\/p>\n","protected":false},"featured_media":27298,"comment_status":"open","ping_status":"closed","template":"","meta":{"inline_featured_image":false,"site-sidebar-layout":"default","site-content-layout":"default","ast-site-content-layout":"default","site-content-style":"default","site-sidebar-style":"default","ast-global-header-display":"","ast-banner-title-visibility":"","ast-main-header-display":"","ast-hfb-above-header-display":"","ast-hfb-below-header-display":"","ast-hfb-mobile-header-display":"","site-post-title":"","ast-breadcrumbs-content":"","ast-featured-img":"","footer-sml-layout":"","ast-disable-related-posts":"","theme-transparent-header-meta":"default","adv-header-id-meta":"","stick-header-meta":"","header-above-stick-meta":"","header-main-stick-meta":"","header-below-stick-meta":"","astra-migrate-meta-layouts":"set","ast-page-background-enabled":"default","ast-page-background-meta":{"desktop":{"background-color":"","background-image":"","background-repeat":"repeat","background-position":"center center","background-size":"auto","background-attachment":"scroll","background-type":"","background-media":"","overlay-type":"","overlay-color":"","overlay-opacity":"","overlay-gradient":""},"tablet":{"background-color":"","background-image":"","background-repeat":"repeat","background-position":"center center","background-size":"auto","background-attachment":"scroll","background-type":"","background-media":"","overlay-type":"","overlay-color":"","overlay-opacity":"","overlay-gradient":""},"mobile":{"background-color":"","background-image":"","background-repeat":"repeat","background-position":"center center","background-size":"auto","background-attachment":"scroll","background-type":"","background-media":"","overlay-type":"","overlay-color":"","overlay-opacity":"","overlay-gradient":""}},"ast-content-background-meta":{"desktop":{"background-color":"var(--ast-global-color-5)","background-image":"","background-repeat":"repeat","background-position":"center center","background-size":"auto","background-attachment":"scroll","background-type":"","background-media":"","overlay-type":"","overlay-color":"","overlay-opacity":"","overlay-gradient":""},"tablet":{"background-color":"var(--ast-global-color-5)","background-image":"","background-repeat":"repeat","background-position":"center center","background-size":"auto","background-attachment":"scroll","background-type":"","background-media":"","overlay-type":"","overlay-color":"","overlay-opacity":"","overlay-gradient":""},"mobile":{"background-color":"var(--ast-global-color-5)","background-image":"","background-repeat":"repeat","background-position":"center center","background-size":"auto","background-attachment":"scroll","background-type":"","background-media":"","overlay-type":"","overlay-color":"","overlay-opacity":"","overlay-gradient":""}}},"product_brand":[80],"product_cat":[565,281,608],"product_tag":[542],"class_list":{"0":"post-11533","1":"product","2":"type-product","3":"status-publish","4":"has-post-thumbnail","6":"product_brand-querotshirt","7":"product_cat-homem","8":"product_cat-polos","9":"product_cat-vestuario","10":"product_tag-querotshirt","11":"pa_color-amarelo-sy","12":"pa_color-azul-azur-az","13":"pa_color-azul-claro-sk","14":"pa_color-azul-marinho-ny","15":"pa_color-azul-royal-rb","16":"pa_color-azul-turquesa-tu","17":"pa_color-branco-wh","18":"pa_color-chocolate-ch","19":"pa_color-cinzento-claro-mesclado-gm","20":"pa_color-grena-bu","21":"pa_color-khaki-kh","22":"pa_color-laranja-or","23":"pa_color-lilas-lv","24":"pa_color-peach-ph","25":"pa_color-preto-bk","26":"pa_color-purple-pu","27":"pa_color-rosa-pk","28":"pa_color-verde-garrafa-bg","29":"pa_color-verde-kely-kg","30":"pa_color-verde-lima-lm","31":"pa_color-vermelho-rd","32":"pa_size-3xl","33":"pa_size-l","34":"pa_size-m","35":"pa_size-s","36":"pa_size-xl","37":"pa_size-xs","38":"pa_size-xxl","39":"desktop-align-left","40":"tablet-align-center","41":"mobile-align-center","43":"first","44":"instock","45":"taxable","46":"shipping-taxable","47":"purchasable","48":"product-type-variable"},"yoast_head":"<!-- This site is optimized with the Yoast SEO plugin v27.4 - https:\/\/yoast.com\/product\/yoast-seo-wordpress\/ -->\n<title>Polo, Homem + Personaliza\u00e7\u00e3o - grupoQUERO<\/title>\n<meta name=\"description\" content=\"Polo para Homem. Personalize em qualquer uma das cores. A sua imagina\u00e7\u00e3o \u00e9 o limite ! queroTSHIRT , grupoQUERO\" \/>\n<meta name=\"robots\" content=\"index, follow, max-snippet:-1, max-image-preview:large, max-video-preview:-1\" \/>\n<link rel=\"canonical\" href=\"https:\/\/grupoquero.pt\/loja\/produto\/polo-homem-personalizacao\/\" \/>\n<meta property=\"og:locale\" content=\"pt_PT\" \/>\n<meta property=\"og:type\" content=\"article\" \/>\n<meta property=\"og:title\" content=\"Polo, Homem + Personaliza\u00e7\u00e3o - grupoQUERO\" \/>\n<meta property=\"og:description\" content=\"Polo para Homem. Personalize em qualquer uma das cores. A sua imagina\u00e7\u00e3o \u00e9 o limite ! queroTSHIRT , grupoQUERO\" \/>\n<meta property=\"og:url\" content=\"https:\/\/grupoquero.pt\/loja\/produto\/polo-homem-personalizacao\/\" \/>\n<meta property=\"og:site_name\" content=\"grupoQUERO\" \/>\n<meta property=\"article:publisher\" content=\"https:\/\/www.facebook.com\/grupoquero.pt\" \/>\n<meta property=\"article:modified_time\" content=\"2025-03-05T15:31:48+00:00\" \/>\n<meta property=\"og:image\" content=\"https:\/\/grupoquero.pt\/loja\/wp-content\/uploads\/jhktshirt_pora210_0.jpg\" \/>\n\t<meta property=\"og:image:width\" content=\"1242\" \/>\n\t<meta property=\"og:image:height\" content=\"1560\" \/>\n\t<meta property=\"og:image:type\" content=\"image\/jpeg\" \/>\n<meta name=\"twitter:card\" content=\"summary_large_image\" \/>\n<meta name=\"twitter:label1\" content=\"Tempo estimado de leitura\" \/>\n\t<meta name=\"twitter:data1\" content=\"1 minuto\" \/>\n<script type=\"application\/ld+json\" class=\"yoast-schema-graph\">{\"@context\":\"https:\\\/\\\/schema.org\",\"@graph\":[{\"@type\":\"WebPage\",\"@id\":\"https:\\\/\\\/grupoquero.pt\\\/loja\\\/produto\\\/polo-homem-personalizacao\\\/\",\"url\":\"https:\\\/\\\/grupoquero.pt\\\/loja\\\/produto\\\/polo-homem-personalizacao\\\/\",\"name\":\"Polo, Homem + Personaliza\u00e7\u00e3o - grupoQUERO\",\"isPartOf\":{\"@id\":\"https:\\\/\\\/grupoquero.pt\\\/loja\\\/#website\"},\"primaryImageOfPage\":{\"@id\":\"https:\\\/\\\/grupoquero.pt\\\/loja\\\/produto\\\/polo-homem-personalizacao\\\/#primaryimage\"},\"image\":{\"@id\":\"https:\\\/\\\/grupoquero.pt\\\/loja\\\/produto\\\/polo-homem-personalizacao\\\/#primaryimage\"},\"thumbnailUrl\":\"https:\\\/\\\/grupoquero.pt\\\/loja\\\/wp-content\\\/uploads\\\/jhktshirt_pora210_0.jpg\",\"datePublished\":\"2021-01-21T14:29:12+00:00\",\"dateModified\":\"2025-03-05T15:31:48+00:00\",\"description\":\"Polo para Homem. Personalize em qualquer uma das cores. A sua imagina\u00e7\u00e3o \u00e9 o limite ! queroTSHIRT , grupoQUERO\",\"breadcrumb\":{\"@id\":\"https:\\\/\\\/grupoquero.pt\\\/loja\\\/produto\\\/polo-homem-personalizacao\\\/#breadcrumb\"},\"inLanguage\":\"pt-PT\",\"potentialAction\":[{\"@type\":\"ReadAction\",\"target\":[\"https:\\\/\\\/grupoquero.pt\\\/loja\\\/produto\\\/polo-homem-personalizacao\\\/\"]}]},{\"@type\":\"ImageObject\",\"inLanguage\":\"pt-PT\",\"@id\":\"https:\\\/\\\/grupoquero.pt\\\/loja\\\/produto\\\/polo-homem-personalizacao\\\/#primaryimage\",\"url\":\"https:\\\/\\\/grupoquero.pt\\\/loja\\\/wp-content\\\/uploads\\\/jhktshirt_pora210_0.jpg\",\"contentUrl\":\"https:\\\/\\\/grupoquero.pt\\\/loja\\\/wp-content\\\/uploads\\\/jhktshirt_pora210_0.jpg\",\"width\":1242,\"height\":1560,\"caption\":\"Polo homem - queroTSHIRT\"},{\"@type\":\"BreadcrumbList\",\"@id\":\"https:\\\/\\\/grupoquero.pt\\\/loja\\\/produto\\\/polo-homem-personalizacao\\\/#breadcrumb\",\"itemListElement\":[{\"@type\":\"ListItem\",\"position\":1,\"name\":\"Home\",\"item\":\"https:\\\/\\\/grupoquero.pt\\\/loja\\\/\"},{\"@type\":\"ListItem\",\"position\":2,\"name\":\"Loja Online\",\"item\":\"https:\\\/\\\/grupoquero.pt\\\/loja\\\/shop\\\/\"},{\"@type\":\"ListItem\",\"position\":3,\"name\":\"Polo, Homem + Personaliza\u00e7\u00e3o\"}]},{\"@type\":\"WebSite\",\"@id\":\"https:\\\/\\\/grupoquero.pt\\\/loja\\\/#website\",\"url\":\"https:\\\/\\\/grupoquero.pt\\\/loja\\\/\",\"name\":\"grupoQUERO - atelier\",\"description\":\"webdesign, Personaliza\u00e7\u00e3o e Print\",\"publisher\":{\"@id\":\"https:\\\/\\\/grupoquero.pt\\\/loja\\\/#organization\"},\"potentialAction\":[{\"@type\":\"SearchAction\",\"target\":{\"@type\":\"EntryPoint\",\"urlTemplate\":\"https:\\\/\\\/grupoquero.pt\\\/loja\\\/?s={search_term_string}\"},\"query-input\":{\"@type\":\"PropertyValueSpecification\",\"valueRequired\":true,\"valueName\":\"search_term_string\"}}],\"inLanguage\":\"pt-PT\"},{\"@type\":\"Organization\",\"@id\":\"https:\\\/\\\/grupoquero.pt\\\/loja\\\/#organization\",\"name\":\"grupoQUERO - atelier\",\"url\":\"https:\\\/\\\/grupoquero.pt\\\/loja\\\/\",\"logo\":{\"@type\":\"ImageObject\",\"inLanguage\":\"pt-PT\",\"@id\":\"https:\\\/\\\/grupoquero.pt\\\/loja\\\/#\\\/schema\\\/logo\\\/image\\\/\",\"url\":\"https:\\\/\\\/grupoquero.pt\\\/loja\\\/wp-content\\\/uploads\\\/Logotipo-grupoQUERO-1.png\",\"contentUrl\":\"https:\\\/\\\/grupoquero.pt\\\/loja\\\/wp-content\\\/uploads\\\/Logotipo-grupoQUERO-1.png\",\"width\":413,\"height\":148,\"caption\":\"grupoQUERO - atelier\"},\"image\":{\"@id\":\"https:\\\/\\\/grupoquero.pt\\\/loja\\\/#\\\/schema\\\/logo\\\/image\\\/\"},\"sameAs\":[\"https:\\\/\\\/www.facebook.com\\\/grupoquero.pt\"]}]}<\/script>\n<!-- \/ Yoast SEO plugin. -->","yoast_head_json":{"title":"Polo, Homem + Personaliza\u00e7\u00e3o - grupoQUERO","description":"Polo para Homem. Personalize em qualquer uma das cores. A sua imagina\u00e7\u00e3o \u00e9 o limite ! queroTSHIRT , grupoQUERO","robots":{"index":"index","follow":"follow","max-snippet":"max-snippet:-1","max-image-preview":"max-image-preview:large","max-video-preview":"max-video-preview:-1"},"canonical":"https:\/\/grupoquero.pt\/loja\/produto\/polo-homem-personalizacao\/","og_locale":"pt_PT","og_type":"article","og_title":"Polo, Homem + Personaliza\u00e7\u00e3o - grupoQUERO","og_description":"Polo para Homem. Personalize em qualquer uma das cores. A sua imagina\u00e7\u00e3o \u00e9 o limite ! queroTSHIRT , grupoQUERO","og_url":"https:\/\/grupoquero.pt\/loja\/produto\/polo-homem-personalizacao\/","og_site_name":"grupoQUERO","article_publisher":"https:\/\/www.facebook.com\/grupoquero.pt","article_modified_time":"2025-03-05T15:31:48+00:00","og_image":[{"width":1242,"height":1560,"url":"https:\/\/grupoquero.pt\/loja\/wp-content\/uploads\/jhktshirt_pora210_0.jpg","type":"image\/jpeg"}],"twitter_card":"summary_large_image","twitter_misc":{"Tempo estimado de leitura":"1 minuto"},"schema":{"@context":"https:\/\/schema.org","@graph":[{"@type":"WebPage","@id":"https:\/\/grupoquero.pt\/loja\/produto\/polo-homem-personalizacao\/","url":"https:\/\/grupoquero.pt\/loja\/produto\/polo-homem-personalizacao\/","name":"Polo, Homem + Personaliza\u00e7\u00e3o - grupoQUERO","isPartOf":{"@id":"https:\/\/grupoquero.pt\/loja\/#website"},"primaryImageOfPage":{"@id":"https:\/\/grupoquero.pt\/loja\/produto\/polo-homem-personalizacao\/#primaryimage"},"image":{"@id":"https:\/\/grupoquero.pt\/loja\/produto\/polo-homem-personalizacao\/#primaryimage"},"thumbnailUrl":"https:\/\/grupoquero.pt\/loja\/wp-content\/uploads\/jhktshirt_pora210_0.jpg","datePublished":"2021-01-21T14:29:12+00:00","dateModified":"2025-03-05T15:31:48+00:00","description":"Polo para Homem. Personalize em qualquer uma das cores. A sua imagina\u00e7\u00e3o \u00e9 o limite ! queroTSHIRT , grupoQUERO","breadcrumb":{"@id":"https:\/\/grupoquero.pt\/loja\/produto\/polo-homem-personalizacao\/#breadcrumb"},"inLanguage":"pt-PT","potentialAction":[{"@type":"ReadAction","target":["https:\/\/grupoquero.pt\/loja\/produto\/polo-homem-personalizacao\/"]}]},{"@type":"ImageObject","inLanguage":"pt-PT","@id":"https:\/\/grupoquero.pt\/loja\/produto\/polo-homem-personalizacao\/#primaryimage","url":"https:\/\/grupoquero.pt\/loja\/wp-content\/uploads\/jhktshirt_pora210_0.jpg","contentUrl":"https:\/\/grupoquero.pt\/loja\/wp-content\/uploads\/jhktshirt_pora210_0.jpg","width":1242,"height":1560,"caption":"Polo homem - queroTSHIRT"},{"@type":"BreadcrumbList","@id":"https:\/\/grupoquero.pt\/loja\/produto\/polo-homem-personalizacao\/#breadcrumb","itemListElement":[{"@type":"ListItem","position":1,"name":"Home","item":"https:\/\/grupoquero.pt\/loja\/"},{"@type":"ListItem","position":2,"name":"Loja Online","item":"https:\/\/grupoquero.pt\/loja\/shop\/"},{"@type":"ListItem","position":3,"name":"Polo, Homem + Personaliza\u00e7\u00e3o"}]},{"@type":"WebSite","@id":"https:\/\/grupoquero.pt\/loja\/#website","url":"https:\/\/grupoquero.pt\/loja\/","name":"grupoQUERO - atelier","description":"webdesign, Personaliza\u00e7\u00e3o e Print","publisher":{"@id":"https:\/\/grupoquero.pt\/loja\/#organization"},"potentialAction":[{"@type":"SearchAction","target":{"@type":"EntryPoint","urlTemplate":"https:\/\/grupoquero.pt\/loja\/?s={search_term_string}"},"query-input":{"@type":"PropertyValueSpecification","valueRequired":true,"valueName":"search_term_string"}}],"inLanguage":"pt-PT"},{"@type":"Organization","@id":"https:\/\/grupoquero.pt\/loja\/#organization","name":"grupoQUERO - atelier","url":"https:\/\/grupoquero.pt\/loja\/","logo":{"@type":"ImageObject","inLanguage":"pt-PT","@id":"https:\/\/grupoquero.pt\/loja\/#\/schema\/logo\/image\/","url":"https:\/\/grupoquero.pt\/loja\/wp-content\/uploads\/Logotipo-grupoQUERO-1.png","contentUrl":"https:\/\/grupoquero.pt\/loja\/wp-content\/uploads\/Logotipo-grupoQUERO-1.png","width":413,"height":148,"caption":"grupoQUERO - atelier"},"image":{"@id":"https:\/\/grupoquero.pt\/loja\/#\/schema\/logo\/image\/"},"sameAs":["https:\/\/www.facebook.com\/grupoquero.pt"]}]}},"_links":{"self":[{"href":"https:\/\/grupoquero.pt\/loja\/wp-json\/wp\/v2\/product\/11533","targetHints":{"allow":["GET"]}}],"collection":[{"href":"https:\/\/grupoquero.pt\/loja\/wp-json\/wp\/v2\/product"}],"about":[{"href":"https:\/\/grupoquero.pt\/loja\/wp-json\/wp\/v2\/types\/product"}],"replies":[{"embeddable":true,"href":"https:\/\/grupoquero.pt\/loja\/wp-json\/wp\/v2\/comments?post=11533"}],"wp:featuredmedia":[{"embeddable":true,"href":"https:\/\/grupoquero.pt\/loja\/wp-json\/wp\/v2\/media\/27298"}],"wp:attachment":[{"href":"https:\/\/grupoquero.pt\/loja\/wp-json\/wp\/v2\/media?parent=11533"}],"wp:term":[{"taxonomy":"product_brand","embeddable":true,"href":"https:\/\/grupoquero.pt\/loja\/wp-json\/wp\/v2\/product_brand?post=11533"},{"taxonomy":"product_cat","embeddable":true,"href":"https:\/\/grupoquero.pt\/loja\/wp-json\/wp\/v2\/product_cat?post=11533"},{"taxonomy":"product_tag","embeddable":true,"href":"https:\/\/grupoquero.pt\/loja\/wp-json\/wp\/v2\/product_tag?post=11533"}],"curies":[{"name":"wp","href":"https:\/\/api.w.org\/{rel}","templated":true}]}}