{"id":18089,"date":"2022-06-21T21:20:43","date_gmt":"2022-06-21T20:20:43","guid":{"rendered":"https:\/\/grupoquero.pt\/loja\/?page_id=18089"},"modified":"2022-06-21T22:41:24","modified_gmt":"2022-06-21T21:41:24","slug":"index-querotshirt","status":"publish","type":"page","link":"https:\/\/grupoquero.pt\/loja\/index-querotshirt\/","title":{"rendered":"Index queroTSHIRT"},"content":{"rendered":"\t\t<div data-elementor-type=\"wp-page\" data-elementor-id=\"18089\" class=\"elementor elementor-18089\" data-elementor-post-type=\"page\">\n\t\t\t\t\t\t<section class=\"elementor-section elementor-top-section elementor-element elementor-element-db81036 elementor-section-boxed elementor-section-height-default elementor-section-height-default\" data-id=\"db81036\" data-element_type=\"section\" data-e-type=\"section\">\n\t\t\t\t\t\t<div class=\"elementor-container elementor-column-gap-default\">\n\t\t\t\t\t<div class=\"elementor-column elementor-col-100 elementor-top-column elementor-element elementor-element-ae7bcc8\" data-id=\"ae7bcc8\" data-element_type=\"column\" data-e-type=\"column\">\n\t\t\t<div class=\"elementor-widget-wrap elementor-element-populated\">\n\t\t\t\t\t\t<div class=\"elementor-element elementor-element-88c61a1 elementor-widget elementor-widget-spacer\" data-id=\"88c61a1\" data-element_type=\"widget\" data-e-type=\"widget\" data-widget_type=\"spacer.default\">\n\t\t\t\t<div class=\"elementor-widget-container\">\n\t\t\t\t\t\t\t<div class=\"elementor-spacer\">\n\t\t\t<div class=\"elementor-spacer-inner\"><\/div>\n\t\t<\/div>\n\t\t\t\t\t\t<\/div>\n\t\t\t\t<\/div>\n\t\t\t\t<div class=\"elementor-element elementor-element-2614e46 elementor-widget elementor-widget-image\" data-id=\"2614e46\" data-element_type=\"widget\" data-e-type=\"widget\" data-widget_type=\"image.default\">\n\t\t\t\t<div class=\"elementor-widget-container\">\n\t\t\t\t\t\t\t\t\t\t\t\t\t\t\t<img decoding=\"async\" width=\"188\" height=\"225\" src=\"https:\/\/grupoquero.pt\/loja\/wp-content\/uploads\/Logotipo-queroTSHIRT.png\" class=\"attachment-full size-full wp-image-17656\" alt=\"\" srcset=\"https:\/\/grupoquero.pt\/loja\/wp-content\/uploads\/Logotipo-queroTSHIRT.png 188w, https:\/\/grupoquero.pt\/loja\/wp-content\/uploads\/Logotipo-queroTSHIRT-50x60.png 50w, https:\/\/grupoquero.pt\/loja\/wp-content\/uploads\/Logotipo-queroTSHIRT-75x90.png 75w\" sizes=\"(max-width: 188px) 100vw, 188px\" \/>\t\t\t\t\t\t\t\t\t\t\t\t\t\t\t<\/div>\n\t\t\t\t<\/div>\n\t\t\t\t\t<\/div>\n\t\t<\/div>\n\t\t\t\t\t<\/div>\n\t\t<\/section>\n\t\t\t\t<section class=\"elementor-section elementor-top-section elementor-element elementor-element-9241710 elementor-section-boxed elementor-section-height-default elementor-section-height-default\" data-id=\"9241710\" data-element_type=\"section\" data-e-type=\"section\">\n\t\t\t\t\t\t<div class=\"elementor-container elementor-column-gap-default\">\n\t\t\t\t\t<div class=\"elementor-column elementor-col-100 elementor-top-column elementor-element elementor-element-3dbba1a\" data-id=\"3dbba1a\" data-element_type=\"column\" data-e-type=\"column\">\n\t\t\t<div class=\"elementor-widget-wrap elementor-element-populated\">\n\t\t\t\t\t\t<div class=\"elementor-element elementor-element-096728a elementor-widget elementor-widget-spacer\" data-id=\"096728a\" data-element_type=\"widget\" data-e-type=\"widget\" data-widget_type=\"spacer.default\">\n\t\t\t\t<div class=\"elementor-widget-container\">\n\t\t\t\t\t\t\t<div class=\"elementor-spacer\">\n\t\t\t<div class=\"elementor-spacer-inner\"><\/div>\n\t\t<\/div>\n\t\t\t\t\t\t<\/div>\n\t\t\t\t<\/div>\n\t\t\t\t\t<\/div>\n\t\t<\/div>\n\t\t\t\t\t<\/div>\n\t\t<\/section>\n\t\t\t\t<section class=\"elementor-section elementor-top-section elementor-element elementor-element-8f30283 elementor-section-boxed elementor-section-height-default elementor-section-height-default\" data-id=\"8f30283\" data-element_type=\"section\" data-e-type=\"section\">\n\t\t\t\t\t\t<div class=\"elementor-container elementor-column-gap-default\">\n\t\t\t\t\t<div class=\"elementor-column elementor-col-100 elementor-top-column elementor-element elementor-element-5decfb4\" data-id=\"5decfb4\" data-element_type=\"column\" data-e-type=\"column\">\n\t\t\t<div class=\"elementor-widget-wrap elementor-element-populated\">\n\t\t\t\t\t\t<div class=\"elementor-element elementor-element-ddba577 elementor-widget elementor-widget-heading\" data-id=\"ddba577\" data-element_type=\"widget\" data-e-type=\"widget\" data-widget_type=\"heading.default\">\n\t\t\t\t<div class=\"elementor-widget-container\">\n\t\t\t\t\t<h2 class=\"elementor-heading-title elementor-size-default\">Index de Artigos<\/h2>\t\t\t\t<\/div>\n\t\t\t\t<\/div>\n\t\t\t\t\t<\/div>\n\t\t<\/div>\n\t\t\t\t\t<\/div>\n\t\t<\/section>\n\t\t\t\t<section class=\"elementor-section elementor-top-section elementor-element elementor-element-b8a5a5b elementor-section-boxed elementor-section-height-default elementor-section-height-default\" data-id=\"b8a5a5b\" data-element_type=\"section\" data-e-type=\"section\">\n\t\t\t\t\t\t<div class=\"elementor-container elementor-column-gap-default\">\n\t\t\t\t\t<div class=\"elementor-column elementor-col-100 elementor-top-column elementor-element elementor-element-cff3c2c\" data-id=\"cff3c2c\" data-element_type=\"column\" data-e-type=\"column\">\n\t\t\t<div class=\"elementor-widget-wrap elementor-element-populated\">\n\t\t\t\t\t\t<div class=\"elementor-element elementor-element-5dc3ac5 elementor-widget elementor-widget-text-editor\" data-id=\"5dc3ac5\" data-element_type=\"widget\" data-e-type=\"widget\" data-widget_type=\"text-editor.default\">\n\t\t\t\t<div class=\"elementor-widget-container\">\n\t\t\t\t\t\t\t\t\t<ul style=\"list-style-type: circle;\"><li><a href=\"https:\/\/grupoquero.pt\/loja\/product-category\/aventais\/\">Aventais<\/a><\/li><li><a href=\"https:\/\/grupoquero.pt\/loja\/product-category\/bi-color\/\">Bi-color<\/a><\/li><li><a href=\"https:\/\/grupoquero.pt\/loja\/product-category\/bodys\/\">Bodys (b\u00e9b\u00e9)<\/a><\/li><li><a href=\"https:\/\/grupoquero.pt\/loja\/product-category\/calcas\/\">Cal\u00e7as<\/a><\/li><li><a href=\"https:\/\/grupoquero.pt\/loja\/product-category\/camisas\/\">Camisas<\/a><\/li><li><a href=\"https:\/\/grupoquero.pt\/loja\/product-category\/casacos-com-capuz\/\">Casacos com Capuz<\/a><\/li><li><a href=\"https:\/\/grupoquero.pt\/loja\/product-category\/casacos\/\">Casacos<\/a><\/li><li><a href=\"https:\/\/grupoquero.pt\/loja\/product-category\/coletes\/\">Coletes<\/a><\/li><li><a href=\"https:\/\/grupoquero.pt\/loja\/product-category\/desporto\/\"><strong>DESPORTO<\/strong><\/a><\/li><li><a href=\"https:\/\/grupoquero.pt\/loja\/product-category\/fardamento\/\">Fardamento<\/a><\/li><li><a href=\"https:\/\/grupoquero.pt\/loja\/product-category\/fato-de-macaco\/\">Fatos de Macaco<\/a><\/li><li><a href=\"https:\/\/grupoquero.pt\/loja\/product-category\/fronhas-de-almofada\/\">Fronhas de Almofadas<\/a><\/li><li><a href=\"https:\/\/grupoquero.pt\/loja\/product-category\/polos\/\">Polos<\/a><\/li><li><a href=\"https:\/\/grupoquero.pt\/loja\/product-category\/polos-com-manga\/\">Polos com Manga<\/a><\/li><li><a href=\"https:\/\/grupoquero.pt\/loja\/product-category\/sacos\/\">Sacos<\/a><\/li><li><a href=\"https:\/\/grupoquero.pt\/loja\/product-category\/sacos-reutilizaveis\/\">Sacos Reutiliz\u00e1veis<\/a><\/li><li><a href=\"https:\/\/grupoquero.pt\/loja\/product-category\/sweats\/\">Sweats<\/a><\/li><li><a href=\"https:\/\/grupoquero.pt\/loja\/product-category\/sweats-com-capuz\/\">Sweats com Capuz<\/a><\/li><li><a href=\"https:\/\/grupoquero.pt\/loja\/product-category\/top-asa-delta\/\">Top Asa Delta<\/a><\/li><li><a href=\"https:\/\/grupoquero.pt\/loja\/product-category\/top-alcas\/\">Top Al\u00e7as<\/a><\/li><li><a href=\"https:\/\/grupoquero.pt\/loja\/product-category\/t-shirts\/\">T-shirts<\/a><\/li><li><a href=\"https:\/\/grupoquero.pt\/loja\/product-category\/t-shirts-com-manga\/\">T-shirts com Manga<\/a><\/li><li><a href=\"https:\/\/grupoquero.pt\/loja\/product-category\/tunicas\/\">Tunicas<\/a><\/li><\/ul>\t\t\t\t\t\t\t\t<\/div>\n\t\t\t\t<\/div>\n\t\t\t\t\t<\/div>\n\t\t<\/div>\n\t\t\t\t\t<\/div>\n\t\t<\/section>\n\t\t\t\t<\/div>\n\t\t","protected":false},"excerpt":{"rendered":"<p>Index de Artigos Aventais Bi-color Bodys (b\u00e9b\u00e9) Cal\u00e7as Camisas Casacos com Capuz Casacos Coletes DESPORTO Fardamento Fatos de Macaco Fronhas de Almofadas Polos Polos com Manga Sacos Sacos Reutiliz\u00e1veis Sweats Sweats com Capuz Top Asa Delta Top Al\u00e7as T-shirts T-shirts com Manga Tunicas<\/p>\n","protected":false},"author":1,"featured_media":0,"parent":0,"menu_order":0,"comment_status":"closed","ping_status":"closed","template":"elementor_theme","meta":{"inline_featured_image":false,"site-sidebar-layout":"no-sidebar","site-content-layout":"boxed-container","ast-site-content-layout":"default","site-content-style":"default","site-sidebar-style":"default","ast-global-header-display":"","ast-banner-title-visibility":"","ast-main-header-display":"","ast-hfb-above-header-display":"","ast-hfb-below-header-display":"","ast-hfb-mobile-header-display":"","site-post-title":"disabled","ast-breadcrumbs-content":"","ast-featured-img":"disabled","footer-sml-layout":"","ast-disable-related-posts":"","theme-transparent-header-meta":"default","adv-header-id-meta":"","stick-header-meta":"","header-above-stick-meta":"","header-main-stick-meta":"","header-below-stick-meta":"","astra-migrate-meta-layouts":"default","ast-page-background-enabled":"default","ast-page-background-meta":{"desktop":{"background-color":"","background-image":"","background-repeat":"repeat","background-position":"center center","background-size":"auto","background-attachment":"scroll","background-type":"","background-media":"","overlay-type":"","overlay-color":"","overlay-opacity":"","overlay-gradient":""},"tablet":{"background-color":"","background-image":"","background-repeat":"repeat","background-position":"center center","background-size":"auto","background-attachment":"scroll","background-type":"","background-media":"","overlay-type":"","overlay-color":"","overlay-opacity":"","overlay-gradient":""},"mobile":{"background-color":"","background-image":"","background-repeat":"repeat","background-position":"center center","background-size":"auto","background-attachment":"scroll","background-type":"","background-media":"","overlay-type":"","overlay-color":"","overlay-opacity":"","overlay-gradient":""}},"ast-content-background-meta":{"desktop":{"background-color":"var(--ast-global-color-5)","background-image":"","background-repeat":"repeat","background-position":"center center","background-size":"auto","background-attachment":"scroll","background-type":"","background-media":"","overlay-type":"","overlay-color":"","overlay-opacity":"","overlay-gradient":""},"tablet":{"background-color":"var(--ast-global-color-5)","background-image":"","background-repeat":"repeat","background-position":"center center","background-size":"auto","background-attachment":"scroll","background-type":"","background-media":"","overlay-type":"","overlay-color":"","overlay-opacity":"","overlay-gradient":""},"mobile":{"background-color":"var(--ast-global-color-5)","background-image":"","background-repeat":"repeat","background-position":"center center","background-size":"auto","background-attachment":"scroll","background-type":"","background-media":"","overlay-type":"","overlay-color":"","overlay-opacity":"","overlay-gradient":""}},"footnotes":""},"class_list":["post-18089","page","type-page","status-publish","hentry"],"yoast_head":"<!-- This site is optimized with the Yoast SEO plugin v27.5 - https:\/\/yoast.com\/product\/yoast-seo-wordpress\/ -->\n<title>Index queroTSHIRT - grupoQUERO<\/title>\n<meta name=\"robots\" content=\"index, follow, max-snippet:-1, max-image-preview:large, max-video-preview:-1\" \/>\n<link rel=\"canonical\" href=\"https:\/\/grupoquero.pt\/loja\/index-querotshirt\/\" \/>\n<meta property=\"og:locale\" content=\"pt_PT\" \/>\n<meta property=\"og:type\" content=\"article\" \/>\n<meta property=\"og:title\" content=\"Index queroTSHIRT - grupoQUERO\" \/>\n<meta property=\"og:description\" content=\"Index de Artigos Aventais Bi-color Bodys (b\u00e9b\u00e9) Cal\u00e7as Camisas Casacos com Capuz Casacos Coletes DESPORTO Fardamento Fatos de Macaco Fronhas de Almofadas Polos Polos com Manga Sacos Sacos Reutiliz\u00e1veis Sweats Sweats com Capuz Top Asa Delta Top Al\u00e7as T-shirts T-shirts com Manga Tunicas\" \/>\n<meta property=\"og:url\" content=\"https:\/\/grupoquero.pt\/loja\/index-querotshirt\/\" \/>\n<meta property=\"og:site_name\" content=\"grupoQUERO\" \/>\n<meta property=\"article:publisher\" content=\"https:\/\/www.facebook.com\/grupoquero.pt\" \/>\n<meta property=\"article:modified_time\" content=\"2022-06-21T21:41:24+00:00\" \/>\n<meta property=\"og:image\" content=\"https:\/\/grupoquero.pt\/loja\/wp-content\/uploads\/Logotipo-queroTSHIRT.png\" \/>\n<meta name=\"twitter:card\" content=\"summary_large_image\" \/>\n<meta name=\"twitter:label1\" content=\"Tempo estimado de leitura\" \/>\n\t<meta name=\"twitter:data1\" content=\"1 minuto\" \/>\n<script type=\"application\/ld+json\" class=\"yoast-schema-graph\">{\"@context\":\"https:\\\/\\\/schema.org\",\"@graph\":[{\"@type\":\"WebPage\",\"@id\":\"https:\\\/\\\/grupoquero.pt\\\/loja\\\/index-querotshirt\\\/\",\"url\":\"https:\\\/\\\/grupoquero.pt\\\/loja\\\/index-querotshirt\\\/\",\"name\":\"Index queroTSHIRT - grupoQUERO\",\"isPartOf\":{\"@id\":\"https:\\\/\\\/grupoquero.pt\\\/loja\\\/#website\"},\"primaryImageOfPage\":{\"@id\":\"https:\\\/\\\/grupoquero.pt\\\/loja\\\/index-querotshirt\\\/#primaryimage\"},\"image\":{\"@id\":\"https:\\\/\\\/grupoquero.pt\\\/loja\\\/index-querotshirt\\\/#primaryimage\"},\"thumbnailUrl\":\"https:\\\/\\\/grupoquero.pt\\\/loja\\\/wp-content\\\/uploads\\\/Logotipo-queroTSHIRT.png\",\"datePublished\":\"2022-06-21T20:20:43+00:00\",\"dateModified\":\"2022-06-21T21:41:24+00:00\",\"breadcrumb\":{\"@id\":\"https:\\\/\\\/grupoquero.pt\\\/loja\\\/index-querotshirt\\\/#breadcrumb\"},\"inLanguage\":\"pt-PT\",\"potentialAction\":[{\"@type\":\"ReadAction\",\"target\":[\"https:\\\/\\\/grupoquero.pt\\\/loja\\\/index-querotshirt\\\/\"]}]},{\"@type\":\"ImageObject\",\"inLanguage\":\"pt-PT\",\"@id\":\"https:\\\/\\\/grupoquero.pt\\\/loja\\\/index-querotshirt\\\/#primaryimage\",\"url\":\"https:\\\/\\\/grupoquero.pt\\\/loja\\\/wp-content\\\/uploads\\\/Logotipo-queroTSHIRT.png\",\"contentUrl\":\"https:\\\/\\\/grupoquero.pt\\\/loja\\\/wp-content\\\/uploads\\\/Logotipo-queroTSHIRT.png\",\"width\":188,\"height\":225},{\"@type\":\"BreadcrumbList\",\"@id\":\"https:\\\/\\\/grupoquero.pt\\\/loja\\\/index-querotshirt\\\/#breadcrumb\",\"itemListElement\":[{\"@type\":\"ListItem\",\"position\":1,\"name\":\"Home\",\"item\":\"https:\\\/\\\/grupoquero.pt\\\/loja\\\/\"},{\"@type\":\"ListItem\",\"position\":2,\"name\":\"Index queroTSHIRT\"}]},{\"@type\":\"WebSite\",\"@id\":\"https:\\\/\\\/grupoquero.pt\\\/loja\\\/#website\",\"url\":\"https:\\\/\\\/grupoquero.pt\\\/loja\\\/\",\"name\":\"grupoQUERO - atelier\",\"description\":\"webdesign, Personaliza\u00e7\u00e3o e Print\",\"publisher\":{\"@id\":\"https:\\\/\\\/grupoquero.pt\\\/loja\\\/#organization\"},\"potentialAction\":[{\"@type\":\"SearchAction\",\"target\":{\"@type\":\"EntryPoint\",\"urlTemplate\":\"https:\\\/\\\/grupoquero.pt\\\/loja\\\/?s={search_term_string}\"},\"query-input\":{\"@type\":\"PropertyValueSpecification\",\"valueRequired\":true,\"valueName\":\"search_term_string\"}}],\"inLanguage\":\"pt-PT\"},{\"@type\":\"Organization\",\"@id\":\"https:\\\/\\\/grupoquero.pt\\\/loja\\\/#organization\",\"name\":\"grupoQUERO - atelier\",\"url\":\"https:\\\/\\\/grupoquero.pt\\\/loja\\\/\",\"logo\":{\"@type\":\"ImageObject\",\"inLanguage\":\"pt-PT\",\"@id\":\"https:\\\/\\\/grupoquero.pt\\\/loja\\\/#\\\/schema\\\/logo\\\/image\\\/\",\"url\":\"https:\\\/\\\/grupoquero.pt\\\/loja\\\/wp-content\\\/uploads\\\/Logotipo-grupoQUERO-1.png\",\"contentUrl\":\"https:\\\/\\\/grupoquero.pt\\\/loja\\\/wp-content\\\/uploads\\\/Logotipo-grupoQUERO-1.png\",\"width\":413,\"height\":148,\"caption\":\"grupoQUERO - atelier\"},\"image\":{\"@id\":\"https:\\\/\\\/grupoquero.pt\\\/loja\\\/#\\\/schema\\\/logo\\\/image\\\/\"},\"sameAs\":[\"https:\\\/\\\/www.facebook.com\\\/grupoquero.pt\"]}]}<\/script>\n<!-- \/ Yoast SEO plugin. -->","yoast_head_json":{"title":"Index queroTSHIRT - grupoQUERO","robots":{"index":"index","follow":"follow","max-snippet":"max-snippet:-1","max-image-preview":"max-image-preview:large","max-video-preview":"max-video-preview:-1"},"canonical":"https:\/\/grupoquero.pt\/loja\/index-querotshirt\/","og_locale":"pt_PT","og_type":"article","og_title":"Index queroTSHIRT - grupoQUERO","og_description":"Index de Artigos Aventais Bi-color Bodys (b\u00e9b\u00e9) Cal\u00e7as Camisas Casacos com Capuz Casacos Coletes DESPORTO Fardamento Fatos de Macaco Fronhas de Almofadas Polos Polos com Manga Sacos Sacos Reutiliz\u00e1veis Sweats Sweats com Capuz Top Asa Delta Top Al\u00e7as T-shirts T-shirts com Manga Tunicas","og_url":"https:\/\/grupoquero.pt\/loja\/index-querotshirt\/","og_site_name":"grupoQUERO","article_publisher":"https:\/\/www.facebook.com\/grupoquero.pt","article_modified_time":"2022-06-21T21:41:24+00:00","og_image":[{"url":"https:\/\/grupoquero.pt\/loja\/wp-content\/uploads\/Logotipo-queroTSHIRT.png","type":"","width":"","height":""}],"twitter_card":"summary_large_image","twitter_misc":{"Tempo estimado de leitura":"1 minuto"},"schema":{"@context":"https:\/\/schema.org","@graph":[{"@type":"WebPage","@id":"https:\/\/grupoquero.pt\/loja\/index-querotshirt\/","url":"https:\/\/grupoquero.pt\/loja\/index-querotshirt\/","name":"Index queroTSHIRT - grupoQUERO","isPartOf":{"@id":"https:\/\/grupoquero.pt\/loja\/#website"},"primaryImageOfPage":{"@id":"https:\/\/grupoquero.pt\/loja\/index-querotshirt\/#primaryimage"},"image":{"@id":"https:\/\/grupoquero.pt\/loja\/index-querotshirt\/#primaryimage"},"thumbnailUrl":"https:\/\/grupoquero.pt\/loja\/wp-content\/uploads\/Logotipo-queroTSHIRT.png","datePublished":"2022-06-21T20:20:43+00:00","dateModified":"2022-06-21T21:41:24+00:00","breadcrumb":{"@id":"https:\/\/grupoquero.pt\/loja\/index-querotshirt\/#breadcrumb"},"inLanguage":"pt-PT","potentialAction":[{"@type":"ReadAction","target":["https:\/\/grupoquero.pt\/loja\/index-querotshirt\/"]}]},{"@type":"ImageObject","inLanguage":"pt-PT","@id":"https:\/\/grupoquero.pt\/loja\/index-querotshirt\/#primaryimage","url":"https:\/\/grupoquero.pt\/loja\/wp-content\/uploads\/Logotipo-queroTSHIRT.png","contentUrl":"https:\/\/grupoquero.pt\/loja\/wp-content\/uploads\/Logotipo-queroTSHIRT.png","width":188,"height":225},{"@type":"BreadcrumbList","@id":"https:\/\/grupoquero.pt\/loja\/index-querotshirt\/#breadcrumb","itemListElement":[{"@type":"ListItem","position":1,"name":"Home","item":"https:\/\/grupoquero.pt\/loja\/"},{"@type":"ListItem","position":2,"name":"Index queroTSHIRT"}]},{"@type":"WebSite","@id":"https:\/\/grupoquero.pt\/loja\/#website","url":"https:\/\/grupoquero.pt\/loja\/","name":"grupoQUERO - atelier","description":"webdesign, Personaliza\u00e7\u00e3o e Print","publisher":{"@id":"https:\/\/grupoquero.pt\/loja\/#organization"},"potentialAction":[{"@type":"SearchAction","target":{"@type":"EntryPoint","urlTemplate":"https:\/\/grupoquero.pt\/loja\/?s={search_term_string}"},"query-input":{"@type":"PropertyValueSpecification","valueRequired":true,"valueName":"search_term_string"}}],"inLanguage":"pt-PT"},{"@type":"Organization","@id":"https:\/\/grupoquero.pt\/loja\/#organization","name":"grupoQUERO - atelier","url":"https:\/\/grupoquero.pt\/loja\/","logo":{"@type":"ImageObject","inLanguage":"pt-PT","@id":"https:\/\/grupoquero.pt\/loja\/#\/schema\/logo\/image\/","url":"https:\/\/grupoquero.pt\/loja\/wp-content\/uploads\/Logotipo-grupoQUERO-1.png","contentUrl":"https:\/\/grupoquero.pt\/loja\/wp-content\/uploads\/Logotipo-grupoQUERO-1.png","width":413,"height":148,"caption":"grupoQUERO - atelier"},"image":{"@id":"https:\/\/grupoquero.pt\/loja\/#\/schema\/logo\/image\/"},"sameAs":["https:\/\/www.facebook.com\/grupoquero.pt"]}]}},"_links":{"self":[{"href":"https:\/\/grupoquero.pt\/loja\/wp-json\/wp\/v2\/pages\/18089","targetHints":{"allow":["GET"]}}],"collection":[{"href":"https:\/\/grupoquero.pt\/loja\/wp-json\/wp\/v2\/pages"}],"about":[{"href":"https:\/\/grupoquero.pt\/loja\/wp-json\/wp\/v2\/types\/page"}],"author":[{"embeddable":true,"href":"https:\/\/grupoquero.pt\/loja\/wp-json\/wp\/v2\/users\/1"}],"replies":[{"embeddable":true,"href":"https:\/\/grupoquero.pt\/loja\/wp-json\/wp\/v2\/comments?post=18089"}],"version-history":[{"count":62,"href":"https:\/\/grupoquero.pt\/loja\/wp-json\/wp\/v2\/pages\/18089\/revisions"}],"predecessor-version":[{"id":18161,"href":"https:\/\/grupoquero.pt\/loja\/wp-json\/wp\/v2\/pages\/18089\/revisions\/18161"}],"wp:attachment":[{"href":"https:\/\/grupoquero.pt\/loja\/wp-json\/wp\/v2\/media?parent=18089"}],"curies":[{"name":"wp","href":"https:\/\/api.w.org\/{rel}","templated":true}]}}